{"id":12493,"date":"2019-08-14T10:27:20","date_gmt":"2019-08-14T08:27:20","guid":{"rendered":"https:\/\/utbcenter.sj-school.se\/varukorg\/"},"modified":"2022-11-10T14:40:33","modified_gmt":"2022-11-10T13:40:33","slug":"varukorg","status":"publish","type":"page","link":"https:\/\/utbcenter.sj-school.se\/en\/varukorg\/","title":{"rendered":"Varukorg"},"content":{"rendered":"<div class=\"wp-block-buttons is-layout-flex wp-block-buttons-is-layout-flex\">\n<div class=\"wp-block-button\"><a class=\"wp-block-button__link has-vivid-red-background-color has-background wp-element-button\" href=\"https:\/\/utbcenter.sj-school.se\/en\/butik\/\"> &lt;&lt; Forts\u00e4tt handla<\/a><\/div>\n<\/div>\n\n\n\n\n\n\n<hr class=\"wp-block-separator has-css-opacity is-style-wide\"\/>\n\n\n\n<div style=\"height:100px\" aria-hidden=\"true\" class=\"wp-block-spacer\"><\/div>\n\n\n\n<h3 class=\"wp-block-heading\" id=\"h-100-n-jd\">100 % n\u00f6jd!<\/h3>\n\n\n<div class=\"wp-block-image\">\n<figure class=\"alignleft size-full is-resized\"><img loading=\"lazy\" decoding=\"async\" src=\"https:\/\/utbcenter.sj-school.se\/wp-content\/uploads\/2019\/05\/10-badges.png\" alt=\"\" class=\"wp-image-9880\" width=\"140\" height=\"140\" srcset=\"https:\/\/utbcenter.sj-school.se\/wp-content\/uploads\/2019\/05\/10-badges.png 280w, https:\/\/utbcenter.sj-school.se\/wp-content\/uploads\/2019\/05\/10-badges-100x100.png 100w\" sizes=\"auto, (max-width: 140px) 100vw, 140px\" \/><figcaption class=\"wp-element-caption\">Garanti: 100% n\u00f6jd<\/figcaption><\/figure>\n<\/div>\n\n\n<p><em>Vi \u00e4r v\u00e4ldigt stolta och n\u00f6jda med v\u00e5r medlemsutbildning och v\u00e5ra onlinekurser, men vi vet ocks\u00e5 att de kanske inte passar alla.<\/em><\/p>\n\n\n\n<p><em>D\u00e4rf\u00f6r \u00e4r det sj\u00e4lvklart f\u00f6r oss att lova dig 100 % garanti och hela din avgift tillbaka om du inte \u00e4r n\u00f6jd. Meddela oss inom 15 dagar och du f\u00e5r hela kursavgiften tillbaka.<\/em><\/p>\n\n\n\n<p><em>\u00c4r du m\u00e5nadsmedlem kan du givetvis avsluta ditt medlemskap n\u00e4r du vill utan n\u00e5gon upps\u00e4gningstid.&nbsp;<\/em><\/p>","protected":false},"excerpt":{"rendered":"<p>100 % n\u00f6jd! Vi \u00e4r v\u00e4ldigt stolta och n\u00f6jda med v\u00e5r medlemsutbildning och v\u00e5ra onlinekurser, men vi vet ocks\u00e5 att de kanske inte passar alla. D\u00e4rf\u00f6r \u00e4r det sj\u00e4lvklart f\u00f6r oss att lova dig 100 % garanti och hela din avgift tillbaka om du inte \u00e4r n\u00f6jd. Meddela oss inom 15 dagar och du f\u00e5r [&hellip;]<\/p>\n","protected":false},"author":1,"featured_media":0,"parent":0,"menu_order":0,"comment_status":"closed","ping_status":"closed","template":"","meta":{"footnotes":""},"class_list":["post-12493","page","type-page","status-publish","hentry"],"_links":{"self":[{"href":"https:\/\/utbcenter.sj-school.se\/en\/wp-json\/wp\/v2\/pages\/12493","targetHints":{"allow":["GET"]}}],"collection":[{"href":"https:\/\/utbcenter.sj-school.se\/en\/wp-json\/wp\/v2\/pages"}],"about":[{"href":"https:\/\/utbcenter.sj-school.se\/en\/wp-json\/wp\/v2\/types\/page"}],"author":[{"embeddable":true,"href":"https:\/\/utbcenter.sj-school.se\/en\/wp-json\/wp\/v2\/users\/1"}],"replies":[{"embeddable":true,"href":"https:\/\/utbcenter.sj-school.se\/en\/wp-json\/wp\/v2\/comments?post=12493"}],"version-history":[{"count":0,"href":"https:\/\/utbcenter.sj-school.se\/en\/wp-json\/wp\/v2\/pages\/12493\/revisions"}],"wp:attachment":[{"href":"https:\/\/utbcenter.sj-school.se\/en\/wp-json\/wp\/v2\/media?parent=12493"}],"curies":[{"name":"wp","href":"https:\/\/api.w.org\/{rel}","templated":true}]}}