{"id":12522,"date":"2019-08-15T09:00:11","date_gmt":"2019-08-15T07:00:11","guid":{"rendered":"https:\/\/utbcenter.sj-school.se\/?page_id=12522"},"modified":"2019-10-25T13:11:12","modified_gmt":"2019-10-25T11:11:12","slug":"saker-betalning-med-klarna","status":"publish","type":"page","link":"https:\/\/utbcenter.sj-school.se\/en\/saker-betalning-med-klarna\/","title":{"rendered":"S\u00e4ker betalning med Klarna"},"content":{"rendered":"<h2 class=\"wp-block-heading\"> Nyhet! <\/h2>\n\n\n\n<p><em>G\u00e5 med i en onlinekurs eller bli medlem hos oss i Soul &amp; Heart Journey School. Vi \u00e4r stolta att meddela dig att du nu kan betala med Klarna!<\/em><\/p>\n\n\n\n<figure class=\"wp-block-image\"><img loading=\"lazy\" decoding=\"async\" width=\"612\" height=\"302\" src=\"https:\/\/utbcenter.sj-school.se\/wp-content\/uploads\/2019\/07\/Betala-med-Klarna.jpg\" alt=\"\" class=\"wp-image-15233\" srcset=\"https:\/\/utbcenter.sj-school.se\/wp-content\/uploads\/2019\/07\/Betala-med-Klarna.jpg 612w, https:\/\/utbcenter.sj-school.se\/wp-content\/uploads\/2019\/07\/Betala-med-Klarna-600x296.jpg 600w, https:\/\/utbcenter.sj-school.se\/wp-content\/uploads\/2019\/07\/Betala-med-Klarna-300x148.jpg 300w, https:\/\/utbcenter.sj-school.se\/wp-content\/uploads\/2019\/07\/Betala-med-Klarna-400x197.jpg 400w, https:\/\/utbcenter.sj-school.se\/wp-content\/uploads\/2019\/07\/Betala-med-Klarna-100x49.jpg 100w\" sizes=\"auto, (max-width: 612px) 100vw, 612px\" \/><\/figure>\n\n\n\n<h2 class=\"wp-block-heading\">Vad \u00e4r Klarna? <\/h2>\n\n\n\n<h3 class=\"wp-block-heading\">S\u00e4ker betalning med svenska Klarna, du kan: <\/h3>\n\n\n\n<p>\u25cf Betala direkt. <br>Med Betala Direkt kan du betala dina k\u00f6p direkt via ditt bankkonto. Du kan ansluta ditt bankkonto till Klarna f\u00f6rsta g\u00e5ngen du anv\u00e4nder Betala Direkt, eller g\u00f6ra det via v\u00e5r app med hj\u00e4lp av Mobilt BankID. <br>Klarna kommer sedan ih\u00e5g dina uppgifter f\u00f6r att du ska kunna handla och betala \u00e4nnu smidigare n\u00e4sta g\u00e5ng. <br>Pengarna dras inom 1-3 bankdagar efter att vi har skickat din best\u00e4llning, och om vi inte kan dra pengarna fr\u00e5n kontot skickar vi ist\u00e4llet en faktura till mejladressen som du anv\u00e4nde n\u00e4r du handlade. <\/p>\n\n\n\n<p>\u25cf Dela upp. <br>Dela upp din faktura p\u00e5 3, 6 eller 12 m\u00e5nader. <br>N\u00e4r du v\u00e4ljer att delbetala inkluderas fakturan i din kontofaktura som skickas till dig i mitten av kommande m\u00e5nad i Klarnas app. <\/p>\n\n\n\n<h3 class=\"wp-block-heading\">S\u00e4ker och smidig shopping med Klarnas k\u00f6parskydd. <\/h3>\n\n\n\n<p>Onlineshopping \u00e4r kul, men det ska ocks\u00e5 vara s\u00e4kert. Oavsett var du handlar med Klarna s\u00e5 kan du alltid pausa din faktura om n\u00e5got g\u00e5r fel. <\/p>\n\n\n\n<figure class=\"wp-block-image is-resized\"><img loading=\"lazy\" decoding=\"async\" src=\"https:\/\/utbcenter.sj-school.se\/wp-content\/uploads\/2019\/08\/Klarna_PaymentBadge_OutsideCheckout_White.png\" alt=\"\" class=\"wp-image-12539\" width=\"297\" height=\"149\" srcset=\"https:\/\/utbcenter.sj-school.se\/wp-content\/uploads\/2019\/08\/Klarna_PaymentBadge_OutsideCheckout_White.png 1187w, https:\/\/utbcenter.sj-school.se\/wp-content\/uploads\/2019\/08\/Klarna_PaymentBadge_OutsideCheckout_White-600x300.png 600w, https:\/\/utbcenter.sj-school.se\/wp-content\/uploads\/2019\/08\/Klarna_PaymentBadge_OutsideCheckout_White-300x150.png 300w, https:\/\/utbcenter.sj-school.se\/wp-content\/uploads\/2019\/08\/Klarna_PaymentBadge_OutsideCheckout_White-400x200.png 400w, https:\/\/utbcenter.sj-school.se\/wp-content\/uploads\/2019\/08\/Klarna_PaymentBadge_OutsideCheckout_White-100x50.png 100w\" sizes=\"auto, (max-width: 297px) 100vw, 297px\" \/><\/figure>","protected":false},"excerpt":{"rendered":"<p>Nyhet! G\u00e5 med i en onlinekurs eller bli medlem hos oss i Soul &amp; Heart Journey School. Vi \u00e4r stolta att meddela dig att du nu kan betala med Klarna! Vad \u00e4r Klarna? S\u00e4ker betalning med svenska Klarna, du kan: \u25cf Betala direkt. Med Betala Direkt kan du betala dina k\u00f6p direkt via ditt bankkonto. [&hellip;]<\/p>\n","protected":false},"author":1,"featured_media":0,"parent":0,"menu_order":0,"comment_status":"closed","ping_status":"closed","template":"","meta":{"footnotes":""},"class_list":["post-12522","page","type-page","status-publish","hentry"],"_links":{"self":[{"href":"https:\/\/utbcenter.sj-school.se\/en\/wp-json\/wp\/v2\/pages\/12522","targetHints":{"allow":["GET"]}}],"collection":[{"href":"https:\/\/utbcenter.sj-school.se\/en\/wp-json\/wp\/v2\/pages"}],"about":[{"href":"https:\/\/utbcenter.sj-school.se\/en\/wp-json\/wp\/v2\/types\/page"}],"author":[{"embeddable":true,"href":"https:\/\/utbcenter.sj-school.se\/en\/wp-json\/wp\/v2\/users\/1"}],"replies":[{"embeddable":true,"href":"https:\/\/utbcenter.sj-school.se\/en\/wp-json\/wp\/v2\/comments?post=12522"}],"version-history":[{"count":0,"href":"https:\/\/utbcenter.sj-school.se\/en\/wp-json\/wp\/v2\/pages\/12522\/revisions"}],"wp:attachment":[{"href":"https:\/\/utbcenter.sj-school.se\/en\/wp-json\/wp\/v2\/media?parent=12522"}],"curies":[{"name":"wp","href":"https:\/\/api.w.org\/{rel}","templated":true}]}}