{"id":14641,"date":"2019-09-27T14:44:18","date_gmt":"2019-09-27T12:44:18","guid":{"rendered":"https:\/\/utbcenter.sj-school.se\/?page_id=14641"},"modified":"2022-04-06T07:25:40","modified_gmt":"2022-04-06T05:25:40","slug":"valkommen","status":"publish","type":"page","link":"https:\/\/utbcenter.sj-school.se\/en\/valkommen\/","title":{"rendered":"V\u00e4lkommen!"},"content":{"rendered":"<h2 class=\"wp-block-heading\" id=\"h-varmt-valkommen-till-oss\">Varmt v\u00e4lkommen till oss!<\/h2>\n\n\n\n<div class=\"wp-block-image\"><figure class=\"alignleft is-resized\"><img loading=\"lazy\" decoding=\"async\" src=\"https:\/\/utbcenter.sj-school.se\/wp-content\/uploads\/2019\/05\/Founder-Soul-Heart-Journey-Susanne-Jonsson.png\" alt=\"Susanne J\u00f6nsso Soul Heart Journey School\" class=\"wp-image-11579\" width=\"158\" height=\"190\" srcset=\"https:\/\/utbcenter.sj-school.se\/wp-content\/uploads\/2019\/05\/Founder-Soul-Heart-Journey-Susanne-Jonsson.png 315w, https:\/\/utbcenter.sj-school.se\/wp-content\/uploads\/2019\/05\/Founder-Soul-Heart-Journey-Susanne-Jonsson-249x300.png 249w, https:\/\/utbcenter.sj-school.se\/wp-content\/uploads\/2019\/05\/Founder-Soul-Heart-Journey-Susanne-Jonsson-83x100.png 83w\" sizes=\"auto, (max-width: 158px) 100vw, 158px\" \/><\/figure><\/div>\n\n\n\n<p><em>Tack f\u00f6r ditt deltagande.<\/em><\/p>\n\n\n\n<p><em>Jag ser verkligen fram emot att jobba tillsammans med dig h\u00e4r, <\/em><br><em>bara h\u00f6r av dig om det finns n\u00e5got du undrar \u00f6ver eller vill ha hj\u00e4lp med.<\/em><\/p>\n\n\n\n<h4 class=\"wp-block-heading\" id=\"h-vad-hander-nu\">Vad h\u00e4nder nu?<\/h4>\n\n\n\n<figure class=\"wp-block-table is-style-regular\"><table class=\"has-background\" style=\"background-color:#f3f4f5\"><tbody><tr><td><strong>1. Dina inloggningsuppgifter<\/strong><\/td><td>Du f\u00e5r ett email med dina inloggningsuppgifter, om detta \u00e4r f\u00f6rsta g\u00e5ngen du registrerat dig hos oss. \u00c4r du registrerad sen tidigare, s\u00e5 loggar du in som du brukar. <strong>Hittar du inte dessa email, leta i ditt spamfilter.<\/strong><\/td><\/tr><tr><td><strong>2. Starta din kurs direkt<\/strong><\/td><td>N\u00e4r du loggar in kommer du alltid till &#8221;Mina Kurser&#8221; och h\u00e4r ser du direkt alla kurser du har tillg\u00e5ng till och hur l\u00e5ngt du har kommit p\u00e5 dem.<\/td><\/tr><tr><td><strong>3. Personlig support<\/strong><\/td><td>Om du har n\u00e5gra fr\u00e5gor s\u00e5 kontaktar du oss enkelt under &#8221;Support&#8221; i menyn. Det finns inga dumma fr\u00e5gor, och vi finna h\u00e4r f\u00f6r att hj\u00e4lpa till!<\/td><\/tr><\/tbody><\/table><\/figure>\n\n\n\n<p>L\u00e4gg g\u00e4rna in v\u00e5ra mailadresser i din kontaktbok, de vi anv\u00e4nder f\u00f6r v\u00e5ra medlemmar \u00e4r: <br>susanne@helhetscentrum.se samt susanne@soulheartjourney.se<\/p>\n\n\n\n<h3 class=\"wp-block-heading\" id=\"h-kom-igang-med-din-kurs-direkt\">Kom ig\u00e5ng med din kurs direkt:<\/h3>\n\n\n\n<div class=\"wp-block-button aligncenter\"><a class=\"wp-block-button__link has-luminous-vivid-orange-background-color has-background\" href=\"https:\/\/utbcenter.sj-school.se\/en\/mina-kurser\/\">Till Mina kurser &gt;&gt;<\/a><\/div>\n\n\n\n<p><strong>Soul &amp; Heart Journey &#8211; Resan till ditt hj\u00e4rta<\/strong><br><em>N\u00e4r du v\u00e4ljer att leva fr\u00e5n hj\u00e4rtat, d\u00e5 v\u00e4ljer du en livsv\u00e4g \u2013 ett f\u00f6rh\u00e5llningss\u00e4tt i livet, men ocks\u00e5 ett mer k\u00e4rleksfullt s\u00e4tt mot Dig sj\u00e4lv och mot alla andra.<\/em><\/p>\n\n\n\n<p><em>N\u00e4r du lever fr\u00e5n ditt hj\u00e4rta har du ocks\u00e5 tillg\u00e5ng till din inre kunskap. Du&nbsp;f\u00e5r en st\u00f6rre m\u00f6jlighet att utveckla dina f\u00f6rm\u00e5gor och att anv\u00e4nda dem p\u00e5 ett mer medvetet s\u00e4tt.<\/em><\/p>\n\n\n\n<p><strong>Tillsammans&nbsp;g\u00f6r vi skillnad!<\/strong><br><strong>\/\/ Susanne J\u00f6nsson<\/strong><br>HelhetsCentrum &#8211; Soul Heart Journey School <\/p>\n\n\n\n<p class=\"has-text-align-center has-cobalt-background-color has-text-color has-background\" style=\"color:#ffffff\"><strong> Dina inloggningsuppgifter kommer inom n\u00e5gra minuter i ett separat email.<\/strong><\/p>","protected":false},"excerpt":{"rendered":"<p>Varmt v\u00e4lkommen till oss! Tack f\u00f6r ditt deltagande. Jag ser verkligen fram emot att jobba tillsammans med dig h\u00e4r, bara h\u00f6r av dig om det finns n\u00e5got du undrar \u00f6ver eller vill ha hj\u00e4lp med. Vad h\u00e4nder nu? 1. Dina inloggningsuppgifter Du f\u00e5r ett email med dina inloggningsuppgifter, om detta \u00e4r f\u00f6rsta g\u00e5ngen du registrerat [&hellip;]<\/p>\n","protected":false},"author":1,"featured_media":0,"parent":0,"menu_order":0,"comment_status":"closed","ping_status":"closed","template":"","meta":{"footnotes":""},"class_list":["post-14641","page","type-page","status-publish","hentry"],"_links":{"self":[{"href":"https:\/\/utbcenter.sj-school.se\/en\/wp-json\/wp\/v2\/pages\/14641","targetHints":{"allow":["GET"]}}],"collection":[{"href":"https:\/\/utbcenter.sj-school.se\/en\/wp-json\/wp\/v2\/pages"}],"about":[{"href":"https:\/\/utbcenter.sj-school.se\/en\/wp-json\/wp\/v2\/types\/page"}],"author":[{"embeddable":true,"href":"https:\/\/utbcenter.sj-school.se\/en\/wp-json\/wp\/v2\/users\/1"}],"replies":[{"embeddable":true,"href":"https:\/\/utbcenter.sj-school.se\/en\/wp-json\/wp\/v2\/comments?post=14641"}],"version-history":[{"count":0,"href":"https:\/\/utbcenter.sj-school.se\/en\/wp-json\/wp\/v2\/pages\/14641\/revisions"}],"wp:attachment":[{"href":"https:\/\/utbcenter.sj-school.se\/en\/wp-json\/wp\/v2\/media?parent=14641"}],"curies":[{"name":"wp","href":"https:\/\/api.w.org\/{rel}","templated":true}]}}