{"id":199,"date":"2019-04-08T10:42:34","date_gmt":"2019-04-08T08:42:34","guid":{"rendered":"https:\/\/utbcenter.sj-school.se\/?page_id=199"},"modified":"2021-07-13T10:52:54","modified_gmt":"2021-07-13T08:52:54","slug":"logga-in","status":"publish","type":"page","link":"https:\/\/utbcenter.sj-school.se\/en\/logga-in\/","title":{"rendered":"Logga in"},"content":{"rendered":"<h2 class=\"wp-block-heading\" id=\"h-varmt-v-lkommen-att-logga-in-p-soul-heart-utbildningscenter\">Varmt v\u00e4lkommen att logga in p\u00e5 Soul &amp; Heart Utbildningscenter. <\/h2>\n\n\n\n<p><em>Du m\u00e5ste f\u00f6rst vara registrerad p\u00e5 v\u00e5r medlemsutbildning eller p\u00e5 en kurs, innan du kan logga in eller \u00e4ndra ditt l\u00f6senord h\u00e4r. <strong><a href=\"https:\/\/utbcenter.sj-school.se\/en\/butik\/\">Registrera dig h\u00e4r<\/a><\/strong> &gt;&gt;<\/em><\/p>\n\n\n\n<div class=\"wp-block-buttons is-layout-flex wp-block-buttons-is-layout-flex\">\n<div class=\"wp-block-button\"><a class=\"wp-block-button__link has-vivid-red-background-color has-background\" href=\"https:\/\/utbcenter.sj-school.se\/wp-login.php\">Logga in h\u00e4r &gt;&gt;<\/a><\/div>\n<\/div>\n\n\n\n<p class=\"has-carrot-orange-background-color has-text-color has-background\" style=\"color:#000000\"><strong>\u00d6vrig inloggning<\/strong> <br>Helhetsterapeuter och L\u00e4rare, <a href=\"https:\/\/www.sj-school.se\/start\/\"><strong>klicka H\u00c4R >><\/strong><\/a><\/p>","protected":false},"excerpt":{"rendered":"<p>Varmt v\u00e4lkommen att logga in p\u00e5 Soul &amp; Heart Utbildningscenter. Du m\u00e5ste f\u00f6rst vara registrerad p\u00e5 v\u00e5r medlemsutbildning eller p\u00e5 en kurs, innan du kan logga in eller \u00e4ndra ditt l\u00f6senord h\u00e4r. Registrera dig h\u00e4r &gt;&gt; \u00d6vrig inloggning Helhetsterapeuter och L\u00e4rare, klicka H\u00c4R >><\/p>","protected":false},"author":1,"featured_media":0,"parent":0,"menu_order":0,"comment_status":"closed","ping_status":"closed","template":"","meta":{"footnotes":""},"class_list":["post-199","page","type-page","status-publish","hentry"],"_links":{"self":[{"href":"https:\/\/utbcenter.sj-school.se\/en\/wp-json\/wp\/v2\/pages\/199","targetHints":{"allow":["GET"]}}],"collection":[{"href":"https:\/\/utbcenter.sj-school.se\/en\/wp-json\/wp\/v2\/pages"}],"about":[{"href":"https:\/\/utbcenter.sj-school.se\/en\/wp-json\/wp\/v2\/types\/page"}],"author":[{"embeddable":true,"href":"https:\/\/utbcenter.sj-school.se\/en\/wp-json\/wp\/v2\/users\/1"}],"replies":[{"embeddable":true,"href":"https:\/\/utbcenter.sj-school.se\/en\/wp-json\/wp\/v2\/comments?post=199"}],"version-history":[{"count":0,"href":"https:\/\/utbcenter.sj-school.se\/en\/wp-json\/wp\/v2\/pages\/199\/revisions"}],"wp:attachment":[{"href":"https:\/\/utbcenter.sj-school.se\/en\/wp-json\/wp\/v2\/media?parent=199"}],"curies":[{"name":"wp","href":"https:\/\/api.w.org\/{rel}","templated":true}]}}