{"id":23260,"date":"2020-12-04T09:52:52","date_gmt":"2020-12-04T08:52:52","guid":{"rendered":"https:\/\/utbcenter.sj-school.se\/?page_id=23260"},"modified":"2024-04-08T10:10:25","modified_gmt":"2024-04-08T08:10:25","slug":"tack-for-ditt-kop","status":"publish","type":"page","link":"https:\/\/utbcenter.sj-school.se\/en\/tack-for-ditt-kop\/","title":{"rendered":"Tack f\u00f6r ditt k\u00f6p"},"content":{"rendered":"<div data-colibri-id=\"23260-c1\" class=\"style-318 style-local-23260-c1 position-relative\">\n  <!---->\n  <div data-colibri-component=\"section\" data-colibri-id=\"23260-c2\" id=\"about\" class=\"h-section h-section-global-spacing d-flex align-items-lg-center align-items-md-center align-items-center style-323 style-local-23260-c2 position-relative\">\n    <!---->\n    <!---->\n    <div class=\"h-section-grid-container h-section-boxed-container\">\n      <!---->\n      <div data-colibri-id=\"23260-c3\" class=\"h-row-container gutters-row-lg-0 gutters-row-md-0 gutters-row-2 gutters-row-v-lg-0 gutters-row-v-md-0 gutters-row-v-2 style-324 style-local-23260-c3 position-relative\">\n        <!---->\n        <div class=\"h-row justify-content-lg-center justify-content-md-center justify-content-center align-items-lg-stretch align-items-md-stretch align-items-stretch gutters-col-lg-0 gutters-col-md-0 gutters-col-2 gutters-col-v-lg-0 gutters-col-v-md-0 gutters-col-v-2\">\n          <!---->\n          <div class=\"h-column h-column-container d-flex h-col-lg-auto h-col-md-auto h-col-auto style-325-outer style-local-23260-c4-outer\">\n            <div data-colibri-id=\"23260-c4\" class=\"d-flex h-flex-basis h-column__inner h-px-lg-3 h-px-md-3 h-px-3 v-inner-lg-3 v-inner-md-3 v-inner-3 style-325 style-local-23260-c4 position-relative\">\n              <!---->\n              <!---->\n              <div class=\"w-100 h-y-container h-column__content h-column__v-align flex-basis-100 align-self-lg-center align-self-md-center align-self-center\">\n                <!---->\n                <div data-colibri-id=\"23260-c5\" class=\"h-global-transition-all h-heading style-337 style-local-23260-c5 position-relative h-element\">\n                  <!---->\n                  <div class=\"h-heading__outer style-337 style-local-23260-c5\">\n                    <!---->\n                    <!---->\n                    <h2 class=\"\">Tack f\u00f6r Ditt k\u00f6p!&nbsp;&nbsp;<\/h2>\n                  <\/div>\n                <\/div>\n                <div data-colibri-id=\"23260-c13\" class=\"h-global-transition-all h-heading style-326 style-local-23260-c13 position-relative h-element\">\n                  <!---->\n                  <div class=\"h-heading__outer style-326 style-local-23260-c13\">\n                    <!---->\n                    <!---->\n                    <h3 class=\"\">Vi behandlar din best\u00e4llning s\u00e5 fort vi kan.&nbsp;&nbsp;<\/h3>\n                  <\/div>\n                <\/div>\n                <div data-colibri-id=\"23260-c6\" class=\"h-lead h-text h-text-component style-327 style-local-23260-c6 position-relative h-element\">\n                  <!---->\n                  <!---->\n                  <div class=\"\">\n                    <p>Du f\u00e5r din orderbekr\u00e4ftelse och mer information via e-post, ditt paket skickas inom kort.<\/p>\n                  <\/div>\n                <\/div>\n                <div data-colibri-id=\"23260-c7\" class=\"h-x-container style-335 style-local-23260-c7 position-relative h-element\">\n                  <!---->\n                  <div class=\"h-x-container-inner style-dynamic-23260-c7-group style-335-spacing style-local-23260-c7-spacing\"><span class=\"h-button__outer style-336-outer style-local-23260-c8-outer d-inline-flex h-element\"><a h-use-smooth-scroll=\"true\" href=\"https:\/\/utbcenter.sj-school.se\/en\/butik\/\"  data-colibri-id=\"23260-c8\" class=\"d-flex w-100 align-items-center h-button justify-content-lg-center justify-content-md-center justify-content-center style-336 style-local-23260-c8 position-relative\"><!----><!----> <span>Forts\u00e4tt att handla<\/span><\/a>\n                    <\/span>\n                  <\/div>\n                <\/div>\n              <\/div>\n            <\/div>\n          <\/div>\n          <div class=\"h-column h-column-container d-flex h-col-lg-auto h-col-md-auto h-col-auto style-331-outer style-local-23260-c9-outer\">\n            <div data-colibri-id=\"23260-c9\" class=\"d-flex h-flex-basis h-column__inner h-px-lg-0 h-px-md-0 h-px-0 v-inner-lg-0 v-inner-md-0 v-inner-0 style-331 style-local-23260-c9 position-relative\">\n              <!---->\n              <!---->\n              <div class=\"w-100 h-y-container h-column__content h-column__v-align flex-basis-100 align-self-lg-center align-self-md-center align-self-center\">\n                <!---->\n                <div data-colibri-id=\"23260-c10\" class=\"h-multiple-image style-332 style-local-23260-c10 position-relative h-element\">\n                  <!---->\n                  <div class=\"position-relative\">\n                    <div class=\"h-multiple-image-inside-container\">\n                      <div class=\"ratio-inner\">\n                        <div data-colibri-id=\"23260-c11\" class=\"d-block style-333 style-local-23260-c11 position-relative h-element\">\n                          <!---->\n                          <div class=\"h-image__frame-container-outer\">\n                            <div class=\"h-image__frame-container\">\n                              <!---->\n                              <!---->\n                              <img decoding=\"async\" src=\"https:\/\/utbcenter.sj-school.se\/wp-content\/uploads\/2024\/04\/colibri-image-79.png\" class=\"style-332-images style-local-23260-c10-images wp-image- style-333-image style-local-23260-c11-image\">\n                              <div class=\"h-image__frame h-hide-lg h-hide-md h-hide-sm style-333-frameImage style-local-23260-c11-frameImage\"><\/div>\n                            <\/div>\n                          <\/div>\n                        <\/div>\n                        <div data-colibri-id=\"23260-c12\" class=\"d-block style-334 style-local-23260-c12 position-relative h-element\">\n                          <!---->\n                          <div class=\"h-image__frame-container-outer\">\n                            <div class=\"h-image__frame-container\">\n                              <!---->\n                              <!---->\n                              <img decoding=\"async\" src=\"https:\/\/utbcenter.sj-school.se\/wp-content\/uploads\/2024\/04\/colibri-image-80.png\" class=\"style-332-images style-local-23260-c10-images wp-image- style-334-image style-local-23260-c12-image\">\n                              <div class=\"h-image__frame h-hide-lg h-hide-md h-hide-sm style-334-frameImage style-local-23260-c12-frameImage\"><\/div>\n                            <\/div>\n                          <\/div>\n                        <\/div>\n                      <\/div>\n                    <\/div>\n                  <\/div>\n                <\/div>\n              <\/div>\n            <\/div>\n          <\/div>\n        <\/div>\n      <\/div>\n    <\/div>\n  <\/div>\n<\/div>","protected":false},"excerpt":{"rendered":"<p>Tack f\u00f6r Ditt k\u00f6p!&nbsp;&nbsp; Vi behandlar din best\u00e4llning s\u00e5 fort vi kan.&nbsp;&nbsp; Du f\u00e5r din orderbekr\u00e4ftelse och mer information via e-post, ditt paket skickas inom kort. Forts\u00e4tt att handla<\/p>","protected":false},"author":1,"featured_media":0,"parent":0,"menu_order":0,"comment_status":"closed","ping_status":"closed","template":"page-templates\/full-width-page.php","meta":{"footnotes":""},"class_list":["post-23260","page","type-page","status-publish","hentry"],"_links":{"self":[{"href":"https:\/\/utbcenter.sj-school.se\/en\/wp-json\/wp\/v2\/pages\/23260","targetHints":{"allow":["GET"]}}],"collection":[{"href":"https:\/\/utbcenter.sj-school.se\/en\/wp-json\/wp\/v2\/pages"}],"about":[{"href":"https:\/\/utbcenter.sj-school.se\/en\/wp-json\/wp\/v2\/types\/page"}],"author":[{"embeddable":true,"href":"https:\/\/utbcenter.sj-school.se\/en\/wp-json\/wp\/v2\/users\/1"}],"replies":[{"embeddable":true,"href":"https:\/\/utbcenter.sj-school.se\/en\/wp-json\/wp\/v2\/comments?post=23260"}],"version-history":[{"count":0,"href":"https:\/\/utbcenter.sj-school.se\/en\/wp-json\/wp\/v2\/pages\/23260\/revisions"}],"wp:attachment":[{"href":"https:\/\/utbcenter.sj-school.se\/en\/wp-json\/wp\/v2\/media?parent=23260"}],"curies":[{"name":"wp","href":"https:\/\/api.w.org\/{rel}","templated":true}]}}