{"id":35516,"date":"2023-01-20T07:33:38","date_gmt":"2023-01-20T06:33:38","guid":{"rendered":"https:\/\/utbcenter.sj-school.se\/colibri-wp\/"},"modified":"2026-01-22T14:09:17","modified_gmt":"2026-01-22T13:09:17","slug":"colibri-wp","status":"publish","type":"page","link":"https:\/\/utbcenter.sj-school.se\/en\/","title":{"rendered":"Front Page"},"content":{"rendered":"<div data-colibri-id=\"35516-c1\" class=\"style-194 style-local-35516-c1 position-relative\">\n  <!---->\n  <div data-colibri-component=\"section\" data-colibri-id=\"35516-c2\" id=\"about\" class=\"h-section h-section-global-spacing d-flex align-items-lg-center align-items-md-center align-items-center style-249 style-local-35516-c2 position-relative\">\n    <!---->\n    <!---->\n    <div class=\"h-section-grid-container h-section-boxed-container\">\n      <!---->\n      <div data-colibri-id=\"35516-c3\" class=\"h-row-container gutters-row-lg-2 gutters-row-md-2 gutters-row-2 gutters-row-v-lg-2 gutters-row-v-md-2 gutters-row-v-2 style-250 style-local-35516-c3 position-relative\">\n        <!---->\n        <div class=\"h-row justify-content-lg-center justify-content-md-center justify-content-center align-items-lg-center align-items-md-center align-items-center gutters-col-lg-2 gutters-col-md-2 gutters-col-2 gutters-col-v-lg-2 gutters-col-v-md-2 gutters-col-v-2\">\n          <!---->\n          <div class=\"h-column h-column-container d-flex h-col-lg-auto h-col-md-auto h-col-auto align-self-lg-center align-self-md-center align-self-center style-251-outer style-local-35516-c4-outer\">\n            <div data-colibri-id=\"35516-c4\" class=\"d-flex h-flex-basis h-column__inner h-px-lg-0 h-px-md-0 h-px-0 v-inner-lg-0 v-inner-md-0 v-inner-0 style-251 style-local-35516-c4 position-relative\">\n              <!---->\n              <!---->\n              <div class=\"w-100 h-y-container h-column__content h-column__v-align flex-basis-100 align-self-lg-center align-self-md-center align-self-center\">\n                <!---->\n                <div data-colibri-id=\"35516-c5\" class=\"h-row-container gutters-row-lg-0 gutters-row-md-0 gutters-row-0 gutters-row-v-lg-0 gutters-row-v-md-0 gutters-row-v-0 style-252 style-local-35516-c5 position-relative\">\n                  <!---->\n                  <div class=\"h-row justify-content-lg-start justify-content-md-start justify-content-center align-items-lg-stretch align-items-md-stretch align-items-stretch gutters-col-lg-0 gutters-col-md-0 gutters-col-0 gutters-col-v-lg-0 gutters-col-v-md-0 gutters-col-v-0\">\n                    <!---->\n                    <div class=\"h-column h-column-container d-flex h-col-lg-auto h-col-md-auto h-col-auto style-253-outer style-local-35516-c6-outer\">\n                      <div data-colibri-id=\"35516-c6\" class=\"d-flex h-flex-basis h-column__inner h-px-lg-0 h-px-md-0 h-px-0 v-inner-lg-0 v-inner-md-0 v-inner-0 style-253 style-local-35516-c6 position-relative\">\n                        <!---->\n                        <!---->\n                        <div class=\"w-100 h-y-container h-column__content h-column__v-align flex-basis-auto align-self-lg-start align-self-md-start align-self-center\">\n                          <!---->\n                          <div data-colibri-id=\"35516-c7\" class=\"h-global-transition-all h-heading style-254 style-local-35516-c7 position-relative h-element\">\n                            <!---->\n                            <div class=\"h-heading__outer style-254 style-local-35516-c7\">\n                              <!---->\n                              <!---->\n                              <h4 class=\"\">V\u00e4lkommen hit!<\/h4>\n                            <\/div>\n                          <\/div>\n                        <\/div>\n                      <\/div>\n                    <\/div>\n                  <\/div>\n                <\/div>\n                <div data-colibri-id=\"35516-c8\" class=\"h-lead h-text h-text-component style-256 style-local-35516-c8 position-relative h-element\">\n                  <!---->\n                  <!---->\n                  <div class=\"\">\n                    <p>HelhetsCentrum &#8211; Soul and Heart Journey School<\/p>\n                  <\/div>\n                <\/div>\n                <div data-colibri-id=\"35516-c9\" class=\"h-global-transition-all h-heading style-255 style-local-35516-c9 position-relative h-element\">\n                  <!---->\n                  <div class=\"h-heading__outer style-255 style-local-35516-c9\">\n                    <!---->\n                    <!---->\n                    <h3 class=\"\">V\u00e4lkommen hit&nbsp;<\/h3>\n                  <\/div>\n                <\/div>\n                <div data-colibri-id=\"35516-c10\" class=\"h-text h-text-component style-257 style-local-35516-c10 position-relative h-element\">\n                  <!---->\n                  <!---->\n                  <div class=\"\">\n                    <p><em>H\u00e4r finns jag, tillsammans med v\u00e5rt team av v\u00e4lutbildade Helhetsterapeuter och l\u00e4rare.<\/em><\/p>\n                    <p><em>Vi \u00e4r h\u00e4r f\u00f6r att hj\u00e4lpa och st\u00f6tta dig med olika behandlingar och kurser i alternativ friskv\u00e5rd och personlig utveckling.<\/em><\/p>\n                    <p><em>V\u00e4lkommen att utforska v\u00e5r skola!<\/em><\/p>\n                    <p><em>\/\/&nbsp;<\/em>&nbsp;\n                      <a href=\"https:\/\/www.soulheartjourney.se\/om-oss\/grundaren-susanne-jonsson\" rel=\"noopener\" style=\"color: rgb(0, 55, 119); font-size: 1em; font-weight: 400; font-family: &quot;Open Sans&quot;;\" class=\"customize-unpreviewable\"><em>Susanne J\u00f6nsson<\/em><\/a><em style=\"color: rgb(0, 55, 119);\">,&nbsp;<\/em><em style=\"font-size: 12.64px; color: rgb(70, 112, 127);\"><br>grundaren av&nbsp;<\/em><em style=\"font-size: 12.64px; font-weight: 400;\">HelhetsCentrum, Soul &amp; Heart Journey School<\/em><\/p>\n                  <\/div>\n                <\/div>\n              <\/div>\n            <\/div>\n          <\/div>\n          <div class=\"h-column h-column-container d-flex h-col-lg-auto h-col-md-auto h-col-auto align-self-lg-center align-self-md-center align-self-center style-258-outer style-local-35516-c11-outer\">\n            <div data-colibri-id=\"35516-c11\" class=\"d-flex h-flex-basis h-column__inner h-px-lg-0 h-px-md-0 h-px-0 v-inner-lg-0 v-inner-md-0 v-inner-0 style-258 style-local-35516-c11 position-relative\">\n              <!---->\n              <!---->\n              <div class=\"w-100 h-y-container h-column__content h-column__v-align flex-basis-100 align-self-lg-center align-self-md-center align-self-center\">\n                <!---->\n                <div data-colibri-id=\"35516-c12\" class=\"d-block style-262 style-local-35516-c12 position-relative h-element\">\n                  <!---->\n                  <div class=\"h-image__frame-container-outer\">\n                    <div class=\"h-image__frame-container\">\n                      <!---->\n                      <!---->\n                      <img loading=\"lazy\" decoding=\"async\" width=\"532\" height=\"1096\" src=\"https:\/\/utbcenter.sj-school.se\/wp-content\/uploads\/2021\/10\/Susanne-Jonsson-Helhetscentrum.png\" class=\"wp-image-27411 style-262-image style-local-35516-c12-image\" alt=\"\" srcset=\"https:\/\/utbcenter.sj-school.se\/wp-content\/uploads\/2021\/10\/Susanne-Jonsson-Helhetscentrum.png 532w, https:\/\/utbcenter.sj-school.se\/wp-content\/uploads\/2021\/10\/Susanne-Jonsson-Helhetscentrum-146x300.png 146w, https:\/\/utbcenter.sj-school.se\/wp-content\/uploads\/2021\/10\/Susanne-Jonsson-Helhetscentrum-497x1024.png 497w, https:\/\/utbcenter.sj-school.se\/wp-content\/uploads\/2021\/10\/Susanne-Jonsson-Helhetscentrum-6x12.png 6w\" sizes=\"auto, (max-width: 532px) 100vw, 532px\" \/>\n                      <div class=\"h-image__frame h-hide-lg h-hide-md h-hide-sm style-262-frameImage style-local-35516-c12-frameImage\"><\/div>\n                    <\/div>\n                  <\/div>\n                <\/div>\n              <\/div>\n            <\/div>\n          <\/div>\n        <\/div>\n      <\/div>\n    <\/div>\n  <\/div>\n<\/div>","protected":false},"excerpt":{"rendered":"<p>V\u00e4lkommen hit! HelhetsCentrum &#8211; Soul and Heart Journey School V\u00e4lkommen hit&nbsp; H\u00e4r finns jag, tillsammans med v\u00e5rt team av v\u00e4lutbildade Helhetsterapeuter och l\u00e4rare. Vi \u00e4r h\u00e4r f\u00f6r att hj\u00e4lpa och st\u00f6tta dig med olika behandlingar och kurser i alternativ friskv\u00e5rd och personlig utveckling. V\u00e4lkommen att utforska v\u00e5r skola! \/\/&nbsp;&nbsp; Susanne J\u00f6nsson,&nbsp;grundaren av&nbsp;HelhetsCentrum, Soul &amp; Heart [&hellip;]<\/p>\n","protected":false},"author":1,"featured_media":0,"parent":0,"menu_order":0,"comment_status":"closed","ping_status":"closed","template":"page-templates\/homepage.php","meta":{"footnotes":""},"class_list":["post-35516","page","type-page","status-publish","hentry"],"_links":{"self":[{"href":"https:\/\/utbcenter.sj-school.se\/en\/wp-json\/wp\/v2\/pages\/35516","targetHints":{"allow":["GET"]}}],"collection":[{"href":"https:\/\/utbcenter.sj-school.se\/en\/wp-json\/wp\/v2\/pages"}],"about":[{"href":"https:\/\/utbcenter.sj-school.se\/en\/wp-json\/wp\/v2\/types\/page"}],"author":[{"embeddable":true,"href":"https:\/\/utbcenter.sj-school.se\/en\/wp-json\/wp\/v2\/users\/1"}],"replies":[{"embeddable":true,"href":"https:\/\/utbcenter.sj-school.se\/en\/wp-json\/wp\/v2\/comments?post=35516"}],"version-history":[{"count":0,"href":"https:\/\/utbcenter.sj-school.se\/en\/wp-json\/wp\/v2\/pages\/35516\/revisions"}],"wp:attachment":[{"href":"https:\/\/utbcenter.sj-school.se\/en\/wp-json\/wp\/v2\/media?parent=35516"}],"curies":[{"name":"wp","href":"https:\/\/api.w.org\/{rel}","templated":true}]}}