{"id":8934,"date":"2019-04-22T16:38:14","date_gmt":"2019-04-22T14:38:14","guid":{"rendered":"https:\/\/utbcenter.sj-school.se\/?page_id=8934"},"modified":"2019-09-13T08:04:41","modified_gmt":"2019-09-13T06:04:41","slug":"vara-villkor","status":"publish","type":"page","link":"https:\/\/utbcenter.sj-school.se\/en\/vara-villkor\/","title":{"rendered":"V\u00e5ra villkor och f\u00f6retagsuppgifter"},"content":{"rendered":"<h2 class=\"wp-block-heading\"><em><strong>Vi \u00e4r villiga att ge dig 100 % garanti!<\/strong><\/em><\/h2>\n\n\n\n<div class=\"wp-block-image\"><figure class=\"alignleft\"><img decoding=\"async\" src=\"https:\/\/i2.wp.com\/www.soulheartjourney.se\/wp-content\/uploads\/2017\/02\/guarantee-145x144.png?resize=145%2C144&amp;ssl=1\" alt=\"\" class=\"wp-image-179\"\/><\/figure><\/div>\n\n\n\n<p><em>Vi tror verkligen att den information som du hittar p\u00e5 v\u00e5r hemsida, n\u00e4r du blir medlem, kommer att hj\u00e4lpa dig att leva fr\u00e5n hj\u00e4rtat och h\u00f6ja din livskvalit\u00e9 genom att n\u00e5 din inre kunskap.<\/em><\/p>\n\n\n\n<p><em>Om du av n\u00e5gon anledning inte \u00e4r n\u00f6jd med ditt medlemskap eller din onlinekurs, l\u00e5t oss veta inom 15 dagar efter k\u00f6pet och vi kommer att \u00e5terbetala dig 100 %.<\/em><\/p>\n\n\n\n<hr class=\"wp-block-separator\"\/>\n\n\n\n<h3 class=\"wp-block-heading\">Avsluta medlemskap<\/h3>\n\n\n\n<p>Det \u00e4r enkelt att avsluta ditt medlemskap om du skulle \u00f6nska det. Din medlemsavgift dras automatiskt tills du sj\u00e4lv best\u00e4mmer att betalningen skall upph\u00f6ra.<\/p>\n\n\n\n<p><strong>Du kan n\u00e4r som helst avsluta ditt l\u00f6pande medlemskap:&nbsp;<\/strong><\/p>\n\n\n\n<p> Du avslutar enkelt sj\u00e4lv via din egen kontosida eller s\u00e5 skickar du bara ett mail till oss&nbsp;<a href=\"https:\/\/utbcenter.sj-school.se\/en\/support\/\">H\u00c4R<\/a>&nbsp;. Vi avslutar d\u00e5 din betalning och ditt medlemskap direkt. <\/p>\n\n\n\n<hr class=\"wp-block-separator is-style-wide\"\/>\n\n\n\n<h3 class=\"wp-block-heading\">Personliga uppgifter<\/h3>\n\n\n\n<p>Vi skyddar alltid din mailadress och l\u00e4mnar den aldrig vidare till n\u00e5gon.<\/p>\n\n\n\n<hr class=\"wp-block-separator is-style-wide\"\/>\n\n\n\n<h3 class=\"wp-block-heading\">F\u00f6retagets uppgifter<\/h3>\n\n\n\n<p>Soul and Heart Journey School<br>H\u00e4rhult 4257<br>285 93 Markaryd<\/p>\n\n\n\n<p>Organisationsnummer: 630401-3623<br>Momsregistreringsnummer: SE630401362301<\/p>\n\n\n\n<h3 class=\"wp-block-heading\">Kundsupport:<\/h3>\n\n\n\n<p>E-post: support@soulheartjourney.se<br>Telefon: 0733-327043<\/p>\n\n\n\n<h2 class=\"wp-block-heading\">N\u00e4r kan du b\u00f6rja din kurs?<\/h2>\n\n\n\n<p>S\u00e5 fort din betalning \u00e4r registerad kan du b\u00f6rja med din kurs. Alla uppgifter du beh\u00f6ver f\u00f6r att komma ig\u00e5ng kommer till dig via mail, direkt efter din registering.<\/p>\n\n\n\n<p>Om du f\u00e5r n\u00e5gra problem med din inloggning eller har andra fr\u00e5gor, v\u00e4nligen <a href=\"https:\/\/utbcenter.sj-school.se\/en\/support\/\">kontakta v\u00e5r support<\/a>. Vi finns h\u00e4r f\u00f6r att hj\u00e4lpa till! <\/p>\n\n\n\n<hr class=\"wp-block-separator is-style-wide\"\/>\n\n\n\n<h3 class=\"wp-block-heading\">Skyddat material<\/h3>\n\n\n\n<p>Allt material i skolan \u00e4r skyddat enligt upphovsr\u00e4ttslagen, vilket inneb\u00e4r att det inte f\u00e5r kopieras, delas eller spridas vidare utan tillst\u00e5nd. Det g\u00e4ller alla texter, bilder, videor, distans- och onlinekurser och e-b\u00f6cker.<\/p>\n\n\n\n<p>Copyright: Susanne J\u00f6nsson, Soul &amp; Heart Journey School.<br>M\u00e5ngfaldigande av skolans material \u2013 helt eller delvis \u2013 samt utnyttjande i undervisningssyfte \u00e4r f\u00f6rbjudet utan personligt tillst\u00e5nd av Susanne J\u00f6nsson.<\/p>\n\n\n\n<hr class=\"wp-block-separator\"\/>\n\n\n\n<h3 class=\"wp-block-heading\">GDPR Integritetspolicy f\u00f6r behandling av personuppgifter i&nbsp;Soul &amp; Heart Journey School<\/h3>\n\n\n\n<p>Din personliga integritet \u00e4r viktig hos oss i Soul &amp; Heart Journey School och den v\u00e4rnar vi om. &nbsp;Du ska kunna k\u00e4nna dig trygg n\u00e4r du anf\u00f6rtror oss dina personuppgifter, och d\u00e4rf\u00f6r har vi uppr\u00e4ttat denna Integritetspolicy. H\u00e4r f\u00f6rklarar vi hur och varf\u00f6r vi hanterar dina personuppgifter samt dina r\u00e4ttigheter och v\u00e5ra skyldigheter gentemot dig.<\/p>\n\n\n\n<p>Soul &amp; Heart Journey School \u00e4r registeransvarigt f\u00f6r de personuppgifter du skickar till oss och ansvarar f\u00f6r dina personuppgifter i enlighet med g\u00e4llande dataskyddsbest\u00e4mmelser.<\/p>\n\n\n\n<p>Har du n\u00e5gra fr\u00e5gor eller funderingar s\u00e5 finns vi h\u00e4r f\u00f6r att hj\u00e4lpa dig. V\u00e5ra kontaktuppgifter hittar du l\u00e4ngst upp p\u00e5 denna sida.<\/p>\n\n\n\n<p><strong>Vilka personuppgifter behandlar vi om dig?<\/strong><\/p>\n\n\n\n<p>N\u00e4r du t.ex. handlar varor, tar emot erbjudanden eller d\u00e5 du i \u00f6vrigt anv\u00e4nder v\u00e5ra tj\u00e4nster s\u00e5 samlar vi in uppgifter som du sj\u00e4lv l\u00e4mnar till oss. Exempel p\u00e5 personuppgifter vi samlar in och behandlar fr\u00e5n dig \u00e4r:<\/p>\n\n\n\n<ul class=\"wp-block-list\"><li>Namn<\/li><li>Adress<\/li><li>Telefonnummer och email<\/li><li>Betalningsinformation<\/li><li>IP-adress och information om din anv\u00e4ndning av v\u00e5ra webbplatser<\/li><li>Information om vilka av v\u00e5ra tj\u00e4nster eller erbjudanden du varit intresserad av, hur du interagerar med v\u00e5ra nyhetsbrev och vilka av v\u00e5ra event du anm\u00e4lt dig till<\/li><li>Uppgifter om dina ink\u00f6p<\/li><\/ul>\n\n\n\n<p><strong>Syfte med behandling av personuppgifter<\/strong><\/p>\n\n\n\n<p>N\u00e4r vi behandlar dina personuppgifter s\u00e5 g\u00f6r vi det enbart med ett fastst\u00e4llt syfte, exempelvis f\u00f6r att kunna fullborda en tj\u00e4nst och aktivera en kurs. Nedan kan du l\u00e4sa mer om vad vi samlar in och till vilket syfte.<\/p>\n\n\n\n<p><strong>Marknadsf\u00f6ring<\/strong><\/p>\n\n\n\n<p>Vi behandlar personuppgifter om dig i syfte att marknadsf\u00f6ra produkter och tj\u00e4nster som \u00e4r relevanta f\u00f6r dig, samt f\u00f6r att skicka dig personliga erbjudanden. Detta g\u00f6r vi genom att analysera statistik om vad du tidigare handlat hos oss, detta f\u00f6r att kunna skicka erbjudanden som \u00e4r anpassade efter vad vi uppfattar att du kan vara intresserad av.<\/p>\n\n\n\n<p>Dessa personuppgifter behandlar vi endast med ditt samtycke, och du kan n\u00e4r som helst dra tillbaka ditt samtycke.<\/p>\n\n\n\n<p><strong>F\u00f6r detta syfte behandlar vi:<\/strong><\/p>\n\n\n\n<ul class=\"wp-block-list\"><li>Namn<\/li><li>Emailadress<\/li><li>K\u00f6phistorik (anv\u00e4nds endast i syftet med personliga erbjudanden)<\/li><li>Anv\u00e4ndarhistorik, t.ex. information om din anv\u00e4ndning av v\u00e5r hemsida och information om hur du tar emot v\u00e5ra mailutskick<\/li><\/ul>\n\n\n\n<p><strong>Utveckling av verksamheten<\/strong><\/p>\n\n\n\n<p>Vi behandlar uppgifter om k\u00f6phistorik i syfte f\u00f6r att ta fram rapporter och statistik f\u00f6r uppf\u00f6ljning och utveckling av v\u00e5r verksamhet. Du kan l\u00e4sa mer om vilken statistik vi f\u00f6r under Google Analytics.<\/p>\n\n\n\n<p>I detta syfte behandlar vi namn, kontaktuppgifter, information om vad du k\u00f6per fr\u00e5n oss.<\/p>\n\n\n\n<p><strong>\u00d6verf\u00f6ring till tj\u00e4nsteleverant\u00f6rer<\/strong><\/p>\n\n\n\n<p>Vi delar aldrig dina personuppgifter med andra f\u00f6retag ut\u00f6ver dem som hanterar n\u00f6dv\u00e4ndig drift, teknisk support och underh\u00e5ll av v\u00e5ra IT-l\u00f6sningar och betall\u00f6sningar (kortinl\u00f6sande f\u00f6retag, banker och andra betaltj\u00e4nstleverant\u00f6rer).<\/p>\n\n\n\n<p><strong>Fullbordande av tj\u00e4nst och avtal<\/strong><\/p>\n\n\n\n<p>F\u00f6r att vi ska kunna fullborda en tj\u00e4nst eller avtal mellan dig och Soul &amp; Heart Journey School s\u00e5 kan vi beh\u00f6va behandla dina personuppgifter f\u00f6r att t.ex. skicka din best\u00e4llning, g\u00f6ra \u00e5terk\u00f6p eller andra kundtj\u00e4nstrelaterade \u00e4renden.<\/p>\n\n\n\n<p><strong>\u00d6verf\u00f6ring till f\u00f6ljd av lagkrav<\/strong><\/p>\n\n\n\n<p>Vi kan l\u00e4mna n\u00f6dv\u00e4ndiga uppgifter och information till myndigheter om vi \u00e4r skyldiga enligt lag att g\u00f6ra det. Den lagliga grunden f\u00f6r s\u00e5dan \u00f6verf\u00f6ring \u00e4r att behandlingen \u00e4r n\u00f6dv\u00e4ndig f\u00f6r att uppfylla r\u00e4ttsliga f\u00f6rpliktelser.<\/p>\n\n\n\n<p><strong>Var lagrar vi dina uppgifter?<\/strong><\/p>\n\n\n\n<p>Vi str\u00e4var alltid efter att dina personuppgifter ska behandlas inom EU\/EES och alla v\u00e5ra egna IT-system finns inom EU\/EES. Uppgifter kan komma att \u00f6verf\u00f6ras och behandlas i ett land utanf\u00f6r EU\/EES.<\/p>\n\n\n\n<p>Oavsett i vilket land dina personuppgifter behandlas vidtar vi alla rimliga legala, tekniska och organisatoriska \u00e5tg\u00e4rder f\u00f6r att s\u00e4kerst\u00e4lla att skyddsniv\u00e5n \u00e4r densamma som inom EU\/EES, och att vi f\u00f6ljer g\u00e4llande lagstiftning.<\/p>\n\n\n\n<p><strong>Hur l\u00e4nge sparar vi dina uppgifter?<\/strong><\/p>\n\n\n\n<p>Vi sparar aldrig dina personuppgifter l\u00e4ngre \u00e4n vad som \u00e4r n\u00f6dv\u00e4ndigt f\u00f6r respektive \u00e4ndam\u00e5l.<\/p>\n\n\n\n<p><strong>Skydd av dina personuppgifter<\/strong><\/p>\n\n\n\n<p>Du ska alltid kunna k\u00e4nna dig trygg n\u00e4r du l\u00e4mnar dina personuppgifter till oss. Soul &amp; Heart Journey School har d\u00e4rf\u00f6r vidtagit de s\u00e4kerhets\u00e5tg\u00e4rder som beh\u00f6vs f\u00f6r att skydda dina personuppgifter mot otillb\u00f6rlig \u00e5tkomst, f\u00f6r\u00e4ndring och radering. Exempelvis sparas alla uppgifter om kunder i en databas som \u00e4r skyddad genom beh\u00f6righetsstyrning och brandv\u00e4gg.<\/p>\n\n\n\n<p>Vi vidarebefordrar, s\u00e4ljer eller byter aldrig dina data f\u00f6r marknadsf\u00f6rings\u00e4ndam\u00e5l till tredje part.&nbsp;Uppgifter som vidarebefordras till tredje part anv\u00e4nds endast f\u00f6r vi ska tillhandah\u00e5lla v\u00e5ra tj\u00e4nster till dig. Du hittar de olika kategorierna av tredje part under varje enskild process nedan.<\/p>\n\n\n\n<p><strong>Vilka \u00e4r dina r\u00e4ttigheter?<\/strong><\/p>\n\n\n\n<p>Enligt dataskyddsbest\u00e4mmelserna har du ett flertal r\u00e4ttigheter i f\u00f6rh\u00e5llande till behandlingen av dina personuppgifter. V\u00e4nligen kontakta oss (se kontaktuppgifter nedan) om du vill ut\u00f6va eller har fr\u00e5gor om n\u00e5gon av dina r\u00e4ttigheter som beskrivs nedan.<\/p>\n\n\n\n<p><strong>R\u00e4tt till information.<\/strong>&nbsp;Du har r\u00e4tt att f\u00e5 information om vi behandlar dina personuppgifter. Det betyder att du ska f\u00e5 information b\u00e5de n\u00e4r uppgifterna samlas in och n\u00e4r du beg\u00e4r det sj\u00e4lv. Informationen \u00e4r kostnadsfri och ska ges i en l\u00e4ttillg\u00e4nglig, skriftlig form (vilket kan vara i elektronisk form). Om en personuppgiftsincident skulle ske hos den personuppgiftsansvarige (till exempel ett dataintr\u00e5ng) s\u00e5 ska s\u00e4rskild information ges ut till dig som registrerad. Detta om det finns risk f\u00f6r till exempel identitetsst\u00f6ld eller bedr\u00e4geri.<\/p>\n\n\n\n<p><strong>R\u00e4tt till r\u00e4ttelse.<\/strong>&nbsp;Du har r\u00e4tt att beg\u00e4ra att f\u00e5 felaktiga personuppgifter r\u00e4ttade. Det inneb\u00e4r ocks\u00e5 att du har r\u00e4tt att komplettera med s\u00e5dana personuppgifter som saknas och som \u00e4r relevanta med h\u00e4nsyn till \u00e4ndam\u00e5let med personuppgiftsbehandlingen.<\/p>\n\n\n\n<p><strong>R\u00e4tten till radering (att bli bortgl\u00f6md).<\/strong>&nbsp;Du har r\u00e4tt att beg\u00e4ra att uppgifterna som avser dig raderas.<\/p>\n\n\n\n<p>Om uppgifter raderas p\u00e5 din beg\u00e4ran s\u00e5 ska vi informera de som vi l\u00e4mnat ut uppgiften till om raderingen. Du har ocks\u00e5 r\u00e4tt att beg\u00e4ra att f\u00e5 information om till vem uppgifter har l\u00e4mnats ut. Det kan dock finnas lagkrav p\u00e5 att vi inte omedelbart f\u00e5r radera dina personuppgifter i exempelvis bokf\u00f6rings- och skattelagstiftning. Vi kommer d\u00e5 att avsluta den behandling som g\u00f6rs f\u00f6r andra \u00e4ndam\u00e5l \u00e4n att f\u00f6lja lagstiftningen.<\/p>\n\n\n\n<p><strong>R\u00e4tt till begr\u00e4nsning av behandling.<\/strong>&nbsp;Du har i vissa fall r\u00e4tt att kr\u00e4va att behandlingen av personuppgifter begr\u00e4nsas. Med begr\u00e4nsning menas att uppgifterna markeras s\u00e5 att dessa endast f\u00e5r behandlas f\u00f6r vissa avgr\u00e4nsade syften. R\u00e4tten till begr\u00e4nsning g\u00e4ller bland annat n\u00e4r du anser att uppgifterna \u00e4r felaktiga och beg\u00e4rt r\u00e4ttelse. I s\u00e5dana fall kan du \u00e4ven beg\u00e4ra att behandlingen av uppgifterna begr\u00e4nsas under tiden uppgifternas korrekthet utreds.<\/p>\n\n\n\n<p>N\u00e4r begr\u00e4nsningen upph\u00f6r s\u00e5 informerar vi dig om detta.<\/p>\n\n\n\n<p><strong>R\u00e4tten till dataportablitet.<\/strong>&nbsp;Du har, under vissa omst\u00e4ndigheter, r\u00e4tt att f\u00e5 ut och anv\u00e4nda dina personuppgifter i ett strukturerat, allm\u00e4nt anv\u00e4nt och maskinl\u00e4sbart format till en annan personuppgiftsansvarig. Denna r\u00e4tt g\u00e4ller dock bara uppgifter du sj\u00e4lv har tillhandah\u00e5llit oss och om de behandlas f\u00f6r att fullg\u00f6ra ett avtal med dig eller med st\u00f6d av samtycke.<\/p>\n\n\n\n<p><strong>R\u00e4tt att g\u00f6ra inv\u00e4ndningar.<\/strong>&nbsp;Du har i vissa fall r\u00e4tt att inv\u00e4nda mot v\u00e5r behandling av dina personuppgifter. R\u00e4tten att inv\u00e4nda g\u00e4ller n\u00e4r personuppgifter behandlas f\u00f6r att utf\u00f6ra en uppgift av allm\u00e4nt intresse, som ett led i en intresseavv\u00e4gning.<\/p>\n\n\n\n<p>Om du inv\u00e4nder mot behandlingen i s\u00e5dana fall f\u00e5r vi endast forts\u00e4tta att behandla uppgifterna om det g\u00e5r att visa att det finns tvingande ber\u00e4ttigade sk\u00e4l till att uppgifterna m\u00e5ste behandlas som v\u00e4ger tyngre \u00e4n dina intressen, r\u00e4ttigheter och friheter eller om behandlingen sker f\u00f6r fastst\u00e4llande, ut\u00f6vande eller f\u00f6rsvar av r\u00e4ttsliga anspr\u00e5k.<\/p>\n\n\n\n<p><strong>R\u00e4tt att g\u00f6ra inv\u00e4ndningar mot direkt marknadsf\u00f6ring<\/strong>. Du har alltid r\u00e4tt att inv\u00e4nda mot att dina personuppgifter anv\u00e4nds f\u00f6r direkt marknadsf\u00f6ring. En s\u00e5dan inv\u00e4ndning kan g\u00f6ras n\u00e4r som helst. G\u00f6rs en inv\u00e4ndning mot direkt marknadsf\u00f6ring, f\u00e5r personuppgifterna inte l\u00e4ngre behandlas f\u00f6r s\u00e5dana \u00e4ndam\u00e5l av oss.<\/p>\n\n\n\n<p><strong>Hur kan du ut\u00f6va dina r\u00e4ttigheter?<\/strong><\/p>\n\n\n\n<p>Vi tar dataskyddet p\u00e5 mycket stort allvar och hanterar dina f\u00f6rfr\u00e5gningar r\u00f6rande dina r\u00e4ttigheter som anges ovan. Du kan kontakta v\u00e5rt personuppgiftsombud p\u00e5 support@soulheartjourney.se och ange GDPR i \u00e4mnesraden.<\/p>\n\n\n\n<p>Om du anser att Soul &amp; Heart Journey School behandlar dina personuppgifter felaktigt har du r\u00e4tt att l\u00e4mna in klagom\u00e5l hos Dataskyddsmyndigheten.<\/p>\n\n\n\n<p><strong>Uppdateringar av Integritetspolicy<\/strong><\/p>\n\n\n\n<p>Soul &amp; Heart Journey School kan beh\u00f6va uppdatera v\u00e5r Integritetspolicy. Den senaste versionen finns alltid tillg\u00e4nglig p\u00e5 v\u00e5r hemsida. Vi meddelar dig om eventuella v\u00e4sentliga f\u00f6r\u00e4ndringar i Integritetspolicyn.<\/p>","protected":false},"excerpt":{"rendered":"<p>Vi \u00e4r villiga att ge dig 100 % garanti! Vi tror verkligen att den information som du hittar p\u00e5 v\u00e5r hemsida, n\u00e4r du blir medlem, kommer att hj\u00e4lpa dig att leva fr\u00e5n hj\u00e4rtat och h\u00f6ja din livskvalit\u00e9 genom att n\u00e5 din inre kunskap. Om du av n\u00e5gon anledning inte \u00e4r n\u00f6jd med ditt medlemskap eller [&hellip;]<\/p>\n","protected":false},"author":1,"featured_media":0,"parent":0,"menu_order":0,"comment_status":"closed","ping_status":"closed","template":"","meta":{"footnotes":""},"class_list":["post-8934","page","type-page","status-publish","hentry"],"_links":{"self":[{"href":"https:\/\/utbcenter.sj-school.se\/en\/wp-json\/wp\/v2\/pages\/8934","targetHints":{"allow":["GET"]}}],"collection":[{"href":"https:\/\/utbcenter.sj-school.se\/en\/wp-json\/wp\/v2\/pages"}],"about":[{"href":"https:\/\/utbcenter.sj-school.se\/en\/wp-json\/wp\/v2\/types\/page"}],"author":[{"embeddable":true,"href":"https:\/\/utbcenter.sj-school.se\/en\/wp-json\/wp\/v2\/users\/1"}],"replies":[{"embeddable":true,"href":"https:\/\/utbcenter.sj-school.se\/en\/wp-json\/wp\/v2\/comments?post=8934"}],"version-history":[{"count":0,"href":"https:\/\/utbcenter.sj-school.se\/en\/wp-json\/wp\/v2\/pages\/8934\/revisions"}],"wp:attachment":[{"href":"https:\/\/utbcenter.sj-school.se\/en\/wp-json\/wp\/v2\/media?parent=8934"}],"curies":[{"name":"wp","href":"https:\/\/api.w.org\/{rel}","templated":true}]}}