{"id":8937,"date":"2019-04-22T16:43:13","date_gmt":"2019-04-22T14:43:13","guid":{"rendered":"https:\/\/utbcenter.sj-school.se\/?page_id=8937"},"modified":"2023-01-20T16:47:45","modified_gmt":"2023-01-20T15:47:45","slug":"100-garanti","status":"publish","type":"page","link":"https:\/\/utbcenter.sj-school.se\/en\/100-garanti\/","title":{"rendered":"100% n\u00f6jd Garanti"},"content":{"rendered":"<h2 class=\"has-text-align-left wp-block-heading\">100% n\u00f6jd Garanti<\/h2>\n\n\n\n<p class=\"has-text-align-left\">Vi vill att du ska vara n\u00f6jd! N\u00e4r du g\u00e5r med i en onlinekurs, eller blir medlem hos oss, f\u00e5r du 100 % n\u00f6jd garanti .<\/p>\n\n\n\n<p class=\"has-text-align-left\"><em>Vi vill att du ska vara n\u00f6jd med ditt medlemskap eller din onlinekurs. Om du inte \u00e4r det, l\u00e5t oss veta inom 15 dagar efter k\u00f6pet och vi kommer att \u00e5terbetala dig till 100 %.<\/em> <\/p>\n\n\n\n<h2 class=\"has-text-align-left wp-block-heading\">Avsluta medlemskap<\/h2>\n\n\n\n<p class=\"has-text-align-left\">Det \u00e4r enkelt att avsluta ditt medlemskap om du skulle \u00f6nska det. Din medlemsavgift dras automatiskt tills du sj\u00e4lv best\u00e4mmer att betalningen skall upph\u00f6ra.<\/p>\n\n\n\n<p class=\"has-text-align-left\"><strong>Du kan n\u00e4r som helst avsluta ditt l\u00f6pande medlemskap:&nbsp;<\/strong><\/p>\n\n\n\n<p class=\"has-text-align-left\">Du avslutar enkelt sj\u00e4lv via din egen kontosida eller s\u00e5 skickar du bara ett mail till oss&nbsp;<a href=\"https:\/\/utbcenter.sj-school.se\/en\/support\/\">H\u00c4R<\/a>&nbsp;. Vi avslutar d\u00e5 din betalning och ditt medlemskap direkt.<\/p>\n\n\n\n<p class=\"has-text-align-left\">L\u00e4s g\u00e4rna mer om <a href=\"https:\/\/helhetscentrum.se\">HelhetsCentrum<\/a>.<\/p>","protected":false},"excerpt":{"rendered":"<p>100% n\u00f6jd Garanti Vi vill att du ska vara n\u00f6jd! N\u00e4r du g\u00e5r med i en onlinekurs, eller blir medlem hos oss, f\u00e5r du 100 % n\u00f6jd garanti . Vi vill att du ska vara n\u00f6jd med ditt medlemskap eller din onlinekurs. Om du inte \u00e4r det, l\u00e5t oss veta inom 15 dagar efter k\u00f6pet [&hellip;]<\/p>\n","protected":false},"author":1,"featured_media":0,"parent":0,"menu_order":0,"comment_status":"closed","ping_status":"closed","template":"","meta":{"footnotes":""},"class_list":["post-8937","page","type-page","status-publish","hentry"],"_links":{"self":[{"href":"https:\/\/utbcenter.sj-school.se\/en\/wp-json\/wp\/v2\/pages\/8937","targetHints":{"allow":["GET"]}}],"collection":[{"href":"https:\/\/utbcenter.sj-school.se\/en\/wp-json\/wp\/v2\/pages"}],"about":[{"href":"https:\/\/utbcenter.sj-school.se\/en\/wp-json\/wp\/v2\/types\/page"}],"author":[{"embeddable":true,"href":"https:\/\/utbcenter.sj-school.se\/en\/wp-json\/wp\/v2\/users\/1"}],"replies":[{"embeddable":true,"href":"https:\/\/utbcenter.sj-school.se\/en\/wp-json\/wp\/v2\/comments?post=8937"}],"version-history":[{"count":0,"href":"https:\/\/utbcenter.sj-school.se\/en\/wp-json\/wp\/v2\/pages\/8937\/revisions"}],"wp:attachment":[{"href":"https:\/\/utbcenter.sj-school.se\/en\/wp-json\/wp\/v2\/media?parent=8937"}],"curies":[{"name":"wp","href":"https:\/\/api.w.org\/{rel}","templated":true}]}}