{"id":9232,"date":"2019-05-05T17:20:38","date_gmt":"2019-05-05T15:20:38","guid":{"rendered":"https:\/\/utbcenter.sj-school.se\/?page_id=9232"},"modified":"2019-05-05T17:20:57","modified_gmt":"2019-05-05T15:20:57","slug":"behandlingar","status":"publish","type":"page","link":"https:\/\/utbcenter.sj-school.se\/en\/behandlingar\/","title":{"rendered":"Behandlingar"},"content":{"rendered":"<h2 class=\"wp-block-heading\">Vi erbjuder olika behandlingar f\u00f6r kropp och sj\u00e4l<\/h2>\n\n\n\n<div class=\"wp-block-image\"><figure class=\"aligncenter\"><img decoding=\"async\" src=\"https:\/\/i0.wp.com\/www.soulheartjourney.se\/wp-content\/uploads\/2017\/02\/soul-heart-holistic-healing.jpg?resize=1024%2C273&amp;ssl=1\" alt=\"\" class=\"wp-image-1411\"\/><\/figure><\/div>\n\n\n\n<p>allt beroende p\u00e5 klientens individuella behov. Metoden vi anv\u00e4nder \u00e4r Helhetshealing som&nbsp;\u00e4r en kraftfull och effektiv behandlingsteknik f\u00f6r kropp och sj\u00e4l.<\/p>\n\n\n\n<p>\u00d6vriga behandlingsmetoder som vi anv\u00e4nder \u00e4r regressioner, kanalisering eller medial r\u00e5dgivning, djurkommunikation och djurhealing.<\/p>\n\n\n\n<p>Vi finns p\u00e5 m\u00e5nga orter runt om i Sverige och kanske \u00e4ven p\u00e5 en ort n\u00e4ra dig.<\/p>\n\n\n\n<p><a href=\"https:\/\/www.soulheartjourney.se\/helhetsterapeuter\/\" target=\"_blank\" rel=\"noreferrer noopener\" aria-label=\" (\u00f6ppnas i en ny flik)\">Hitta din terapeut H\u00c4R<\/a><\/p>\n\n\n\n<hr class=\"wp-block-separator\"\/>\n\n\n\n<h2 class=\"wp-block-heading\">Helhetshealing<\/h2>\n\n\n\n<div class=\"wp-block-image\"><figure class=\"alignleft\"><a href=\"https:\/\/www.soulheartjourney.se\/helhetsterapeuter\/\"><img decoding=\"async\" src=\"https:\/\/i0.wp.com\/www.soulheartjourney.se\/wp-content\/uploads\/2017\/02\/soulheart-about-holistc-healing.jpg?resize=94%2C99&amp;ssl=1\" alt=\"\" class=\"wp-image-1410\"\/><\/a><\/figure><\/div>\n\n\n\n<h3 class=\"wp-block-heading\"><em>Vi arbetar med alla niv\u00e5er av Healing, v\u00e5r healingteknik \u00e4r Helhetshealing.<\/em><\/h3>\n\n\n\n<p>Blockeringar i kroppen stoppar energifl\u00f6det, ju f\u00e4rre blockeringar desto b\u00e4ttre energifl\u00f6de och \u00f6kat v\u00e4lm\u00e5ende.<\/p>\n\n\n\n<p>Denna behandlingsform \u00e4r djupverkande och p\u00e5verkar b\u00e5de kropp och sj\u00e4l.<\/p>\n\n\n\n<p>Blockeringar i m\u00e4nniskans kropp \u00e4r det vi upplever som problem, antingen fysiskt eller psykiskt. I en behandling tar vi bort de blockeringar som g\u00e5r och f\u00e5r ig\u00e5ng klientens egen l\u00e4kningsprocess och energifl\u00f6de.<\/p>\n\n\n\n<p>Varje behandling startar med samtal och r\u00e5dgivning d\u00e4r vi p\u00e5 olika s\u00e4tt hj\u00e4lper klienten se sambanden mellan fysiskt och sj\u00e4lsligt m\u00e5ende, och l\u00e4r ut hur de kan g\u00f6ra ist\u00e4llet. Detta \u00e4r ofta en viktig del i v\u00e5rt arbete.<\/p>\n\n\n\n<p>En behandling tar 1 \u2013 1\u00bd timme.<br><a href=\"https:\/\/www.soulheartjourney.se\/helhetsterapeuter\/\" target=\"_blank\" rel=\"noreferrer noopener\" aria-label=\" (\u00f6ppnas i en ny flik)\">Hitta din Helhetsterapeut h\u00e4r<\/a><\/p>\n\n\n\n<hr class=\"wp-block-separator\"\/>\n\n\n\n<h2 class=\"wp-block-heading\">Kanalisering<\/h2>\n\n\n\n<div class=\"wp-block-image\"><figure class=\"alignleft\"><a href=\"https:\/\/www.soulheartjourney.se\/helhetsterapeuter\/\"><img decoding=\"async\" src=\"https:\/\/i2.wp.com\/www.soulheartjourney.se\/wp-content\/uploads\/2017\/02\/soul-heart-feel-home.jpg?resize=94%2C99&amp;ssl=1\" alt=\"\" class=\"wp-image-1418\"\/><\/a><\/figure><\/div>\n\n\n\n<p>Att f\u00e5 kontakt med andra sidan och med guider och v\u00e4gledare, kan vara en stor hj\u00e4lp.<\/p>\n\n\n\n<p>M\u00e5nga av v\u00e5ra Helhetsterapeuter hj\u00e4lper dig g\u00e4rna med en Kanalisering och medial r\u00e5dgivning.<br><a href=\"https:\/\/www.soulheartjourney.se\/helhetsterapeuter\/\" target=\"_blank\" rel=\"noreferrer noopener\" aria-label=\" (\u00f6ppnas i en ny flik)\">Hitta din Helhetsterapeut h\u00e4r<\/a><\/p>\n\n\n\n<hr class=\"wp-block-separator\"\/>\n\n\n\n<h2 class=\"wp-block-heading\">Regression<\/h2>\n\n\n\n<div class=\"wp-block-image\"><figure class=\"alignleft\"><a href=\"https:\/\/www.soulheartjourney.se\/helhetsterapeuter\/\"><img decoding=\"async\" src=\"https:\/\/i2.wp.com\/www.soulheartjourney.se\/wp-content\/uploads\/2017\/02\/about-soul-heart-past-life-regression.jpg?resize=94%2C99&amp;ssl=1\" alt=\"\" class=\"wp-image-1421\"\/><\/a><\/figure><\/div>\n\n\n\n<p>H\u00e4r hj\u00e4lper vi klienten att g\u00e5 tillbaka till h\u00e4ndelser som klientens sj\u00e4l vill visa, det kan vara fr\u00e5n barndomen eller fr\u00e5n tidigare liv.<\/p>\n\n\n\n<p>Vi utf\u00f6r endast regressioner i terapeutiskt syfte, det vill s\u00e4ga, n\u00e4r vi tror att klientens m\u00e5ende beror p\u00e5 l\u00e5sta h\u00e4ndelser fr\u00e5n f\u00f6rr som vi inte har kommit \u00e5t p\u00e5 annat s\u00e4tt.<\/p>\n\n\n\n<p>Vi arbetar&nbsp;inte med hypnos.<\/p>\n\n\n\n<p>En regression tar 1-3 timmar.<br><a href=\"https:\/\/www.soulheartjourney.se\/helhetsterapeuter\/\" target=\"_blank\" rel=\"noreferrer noopener\" aria-label=\" (\u00f6ppnas i en ny flik)\">Hitta din Helhetsterapeut h\u00e4r<\/a><\/p>\n\n\n\n<hr class=\"wp-block-separator\"\/>\n\n\n\n<h2 class=\"wp-block-heading\">Djurkommunikation och Djurhealing<\/h2>\n\n\n\n<div class=\"wp-block-image\"><figure class=\"alignleft\"><a href=\"https:\/\/www.soulheartjourney.se\/vara-djurkommunikatorer\/\"><img decoding=\"async\" src=\"https:\/\/i0.wp.com\/www.soulheartjourney.se\/wp-content\/uploads\/2017\/02\/about-soul-heart-communication-animals.jpg?resize=94%2C99&amp;ssl=1\" alt=\"\" class=\"wp-image-1395\"\/><\/a><\/figure><\/div>\n\n\n\n<p>Vi&nbsp;kan hj\u00e4lpa m\u00e5nga djur till ett b\u00e4ttre m\u00e5ende genom att kombinera djurkommunikation och healing. Denna form av behandling \u00e4r&nbsp;inriktad p\u00e5 djurets helhetsbild och dess sj\u00e4lsliga och fysiska m\u00e5ende.<br>Behandlingen tar ca 1 timme och inleds med kommunikation.<\/p>\n\n\n\n<p>Som djur\u00e4gare ska du vara med under behandlingen och kanske passa p\u00e5 att st\u00e4lla fr\u00e5gor b\u00e5de till kommunikat\u00f6ren och till ditt djur.<\/p>\n\n\n\n<p>T\u00e4nk p\u00e5 att v\u00e5r behandling aldrig f\u00e5r ers\u00e4tta kontakt med veterin\u00e4r om det beh\u00f6vs, d\u00e4remot g\u00e5r det v\u00e4ldigt bra att kombinera.<br><a href=\"https:\/\/www.soulheartjourney.se\/vara-djurkommunikatorer\/\" target=\"_blank\" rel=\"noreferrer noopener\" aria-label=\" (\u00f6ppnas i en ny flik)\">Hitta din Djurkommunikat\u00f6r h\u00e4r<\/a><br><\/p>","protected":false},"excerpt":{"rendered":"<p>Vi erbjuder olika behandlingar f\u00f6r kropp och sj\u00e4l allt beroende p\u00e5 klientens individuella behov. Metoden vi anv\u00e4nder \u00e4r Helhetshealing som&nbsp;\u00e4r en kraftfull och effektiv behandlingsteknik f\u00f6r kropp och sj\u00e4l. \u00d6vriga behandlingsmetoder som vi anv\u00e4nder \u00e4r regressioner, kanalisering eller medial r\u00e5dgivning, djurkommunikation och djurhealing. Vi finns p\u00e5 m\u00e5nga orter runt om i Sverige och kanske \u00e4ven [&hellip;]<\/p>\n","protected":false},"author":1,"featured_media":9233,"parent":0,"menu_order":0,"comment_status":"closed","ping_status":"closed","template":"template-sidebar-right.php","meta":{"footnotes":""},"class_list":["post-9232","page","type-page","status-publish","has-post-thumbnail","hentry"],"_links":{"self":[{"href":"https:\/\/utbcenter.sj-school.se\/en\/wp-json\/wp\/v2\/pages\/9232","targetHints":{"allow":["GET"]}}],"collection":[{"href":"https:\/\/utbcenter.sj-school.se\/en\/wp-json\/wp\/v2\/pages"}],"about":[{"href":"https:\/\/utbcenter.sj-school.se\/en\/wp-json\/wp\/v2\/types\/page"}],"author":[{"embeddable":true,"href":"https:\/\/utbcenter.sj-school.se\/en\/wp-json\/wp\/v2\/users\/1"}],"replies":[{"embeddable":true,"href":"https:\/\/utbcenter.sj-school.se\/en\/wp-json\/wp\/v2\/comments?post=9232"}],"version-history":[{"count":0,"href":"https:\/\/utbcenter.sj-school.se\/en\/wp-json\/wp\/v2\/pages\/9232\/revisions"}],"wp:featuredmedia":[{"embeddable":true,"href":"https:\/\/utbcenter.sj-school.se\/en\/wp-json\/wp\/v2\/media\/9233"}],"wp:attachment":[{"href":"https:\/\/utbcenter.sj-school.se\/en\/wp-json\/wp\/v2\/media?parent=9232"}],"curies":[{"name":"wp","href":"https:\/\/api.w.org\/{rel}","templated":true}]}}