{"id":9246,"date":"2019-05-05T17:36:03","date_gmt":"2019-05-05T15:36:03","guid":{"rendered":"https:\/\/utbcenter.sj-school.se\/?page_id=9246"},"modified":"2020-02-12T16:31:36","modified_gmt":"2020-02-12T15:31:36","slug":"support","status":"publish","type":"page","link":"https:\/\/utbcenter.sj-school.se\/en\/support\/","title":{"rendered":"Support"},"content":{"rendered":"<h1 class=\"wp-block-heading\"><strong>Vi finns h\u00e4r f\u00f6r Dig!<\/strong><\/h1>\n\n\n\n<div style=\"height:50px\" aria-hidden=\"true\" class=\"wp-block-spacer\"><\/div>\n\n\n\n<div class=\"wp-block-image\"><figure class=\"alignleft is-resized\"><img loading=\"lazy\" decoding=\"async\" src=\"https:\/\/utbcenter.sj-school.se\/wp-content\/uploads\/2019\/04\/A6A0145-aa-b.jpg\" alt=\"\" class=\"wp-image-8946\" width=\"199\" height=\"354\"\/><\/figure><\/div>\n\n\n\n<p>Du f\u00e5r alltid kontakt med oss och personlig support n\u00e4r du arbetar med en onlinekurs eller med din medlemsutbildning. <\/p>\n\n\n\n<p>Vi vill att du ska n\u00e5 dina m\u00e5l och vi g\u00f6r allt vi kan f\u00f6r att hj\u00e4lpa till.<\/p>\n\n\n\n<p>Har du n\u00e5gon fr\u00e5ga s\u00e5 tveka inte att h\u00f6ra av dig, vi finns h\u00e4r f\u00f6r Dig.<\/p>\n\n\n\n<p class=\"has-text-align-left\">Mail besvaras varje vardag. Vi svarar s\u00e5 snart vi kan.<\/p>\n\n\n\n<div style=\"height:20px\" aria-hidden=\"true\" class=\"wp-block-spacer\"><\/div>\n\n\n\n<h2 class=\"wp-block-heading\">Har du en supportfr\u00e5ga?<\/h2>\n\n\n\n<h3 class=\"wp-block-heading\"> &#8211; Fyll i formul\u00e4ret nedan.<\/h3>\n\n\n\n<div class=\"wpcf7 no-js\" id=\"wpcf7-f9245-o1\" lang=\"sv-SE\" dir=\"ltr\" data-wpcf7-id=\"9245\">\n<div class=\"screen-reader-response\"><p role=\"status\" aria-live=\"polite\" aria-atomic=\"true\"><\/p> <ul><\/ul><\/div>\n<form action=\"\/en\/wp-json\/wp\/v2\/pages\/9246#wpcf7-f9245-o1\" method=\"post\" class=\"wpcf7-form init\" aria-label=\"Kontaktformul\u00e4r\" novalidate=\"novalidate\" data-status=\"init\" data-trp-original-action=\"\/en\/wp-json\/wp\/v2\/pages\/9246#wpcf7-f9245-o1\">\n<fieldset class=\"hidden-fields-container\"><input type=\"hidden\" name=\"_wpcf7\" value=\"9245\" \/><input type=\"hidden\" name=\"_wpcf7_version\" value=\"6.1.5\" \/><input type=\"hidden\" name=\"_wpcf7_locale\" value=\"sv_SE\" \/><input type=\"hidden\" name=\"_wpcf7_unit_tag\" value=\"wpcf7-f9245-o1\" \/><input type=\"hidden\" name=\"_wpcf7_container_post\" value=\"0\" \/><input type=\"hidden\" name=\"_wpcf7_posted_data_hash\" value=\"\" \/>\n<\/fieldset>\n<div class=\"wpcf7-turnstile cf-turnstile\" data-sitekey=\"0x4AAAAAABodQ1SQEgKyd--b\" data-response-field-name=\"_wpcf7_turnstile_response\"><\/div>\n\n<p><label> Ditt namn (obligatorisk)<br \/>\n<span class=\"wpcf7-form-control-wrap\" data-name=\"your-name\"><input size=\"40\" maxlength=\"400\" class=\"wpcf7-form-control wpcf7-text wpcf7-validates-as-required\" aria-required=\"true\" aria-invalid=\"false\" value=\"\" type=\"text\" name=\"your-name\" \/><\/span> <\/label>\n<\/p>\n<p><label> Din e-post (obligatorisk)<br \/>\n<span class=\"wpcf7-form-control-wrap\" data-name=\"your-email\"><input size=\"40\" maxlength=\"400\" class=\"wpcf7-form-control wpcf7-email wpcf7-validates-as-required wpcf7-text wpcf7-validates-as-email\" aria-required=\"true\" aria-invalid=\"false\" value=\"\" type=\"email\" name=\"your-email\" \/><\/span> <\/label>\n<\/p>\n<p><label> \u00c4mne<br \/>\n<span class=\"wpcf7-form-control-wrap\" data-name=\"your-subject\"><input size=\"40\" maxlength=\"400\" class=\"wpcf7-form-control wpcf7-text\" aria-invalid=\"false\" value=\"\" type=\"text\" name=\"your-subject\" \/><\/span> <\/label>\n<\/p>\n<p><label> Ditt meddelande<br \/>\n<span class=\"wpcf7-form-control-wrap\" data-name=\"your-message\"><textarea cols=\"40\" rows=\"10\" maxlength=\"2000\" class=\"wpcf7-form-control wpcf7-textarea\" aria-invalid=\"false\" name=\"your-message\"><\/textarea><\/span> <\/label>\n<\/p>\n<p><input class=\"wpcf7-form-control wpcf7-submit has-spinner\" type=\"submit\" value=\"Skicka\" \/>\n<\/p><div class=\"wpcf7-response-output\" aria-hidden=\"true\"><\/div>\n<input type=\"hidden\" name=\"trp-form-language\" value=\"en\"\/><\/form>\n<\/div>\n\n\n\n\n<div style=\"height:100px\" aria-hidden=\"true\" class=\"wp-block-spacer\"><\/div>","protected":false},"excerpt":{"rendered":"<p>Vi finns h\u00e4r f\u00f6r Dig! Du f\u00e5r alltid kontakt med oss och personlig support n\u00e4r du arbetar med en onlinekurs eller med din medlemsutbildning. Vi vill att du ska n\u00e5 dina m\u00e5l och vi g\u00f6r allt vi kan f\u00f6r att hj\u00e4lpa till. Har du n\u00e5gon fr\u00e5ga s\u00e5 tveka inte att h\u00f6ra av dig, vi finns [&hellip;]<\/p>\n","protected":false},"author":1,"featured_media":9201,"parent":0,"menu_order":0,"comment_status":"closed","ping_status":"closed","template":"","meta":{"footnotes":""},"class_list":["post-9246","page","type-page","status-publish","has-post-thumbnail","hentry"],"_links":{"self":[{"href":"https:\/\/utbcenter.sj-school.se\/en\/wp-json\/wp\/v2\/pages\/9246","targetHints":{"allow":["GET"]}}],"collection":[{"href":"https:\/\/utbcenter.sj-school.se\/en\/wp-json\/wp\/v2\/pages"}],"about":[{"href":"https:\/\/utbcenter.sj-school.se\/en\/wp-json\/wp\/v2\/types\/page"}],"author":[{"embeddable":true,"href":"https:\/\/utbcenter.sj-school.se\/en\/wp-json\/wp\/v2\/users\/1"}],"replies":[{"embeddable":true,"href":"https:\/\/utbcenter.sj-school.se\/en\/wp-json\/wp\/v2\/comments?post=9246"}],"version-history":[{"count":0,"href":"https:\/\/utbcenter.sj-school.se\/en\/wp-json\/wp\/v2\/pages\/9246\/revisions"}],"wp:featuredmedia":[{"embeddable":true,"href":"https:\/\/utbcenter.sj-school.se\/en\/wp-json\/wp\/v2\/media\/9201"}],"wp:attachment":[{"href":"https:\/\/utbcenter.sj-school.se\/en\/wp-json\/wp\/v2\/media?parent=9246"}],"curies":[{"name":"wp","href":"https:\/\/api.w.org\/{rel}","templated":true}]}}