{"id":12491,"date":"2019-08-14T10:17:40","date_gmt":"2019-08-14T08:17:40","guid":{"rendered":"https:\/\/utbcenter.sj-school.se\/?post_type=product&#038;p=12491"},"modified":"2026-02-22T10:47:37","modified_gmt":"2026-02-22T09:47:37","slug":"soul-heart-medlemsutbildning-manadsmedlem","status":"publish","type":"product","link":"https:\/\/utbcenter.sj-school.se\/en\/product\/soul-heart-medlemsutbildning-manadsmedlem\/","title":{"rendered":"Online: Bli medlem! F\u00e5 v\u00e5ra b\u00e4sta kurser i ett paket, m\u00e5nadsbetalning"},"content":{"rendered":"<h3>HelhetsCentrums Soul &amp; Heart medlemsutbildning<\/h3>\n<p>En onlineutbildning f\u00f6r personlig utveckling och inre kunskap. H\u00e4r kan du bli m\u00e5nadsmedlem med 100 % n\u00f6jd medlemsgaranti, \u00e4r du inte n\u00f6jd f\u00e5r du pengarna tillbaka. Sj\u00e4lvklart kan du avsluta ditt medlemskap n\u00e4r du vill!<\/p>\n<p>L\u00e4r dig att \u00e4lska dig sj\u00e4lv och \u00f6ka din sj\u00e4lvk\u00e4nsla och ditt sj\u00e4lvf\u00f6rtroende. Hitta hem&#8230; till Dig sj\u00e4lv!<\/p>\n<p><iframe loading=\"lazy\" title=\"V\u00e4lm\u00e5ende och inre balans\" width=\"500\" height=\"281\" src=\"https:\/\/www.youtube.com\/embed\/OVLaJw_a4Go?feature=oembed\" frameborder=\"0\" allow=\"accelerometer; autoplay; clipboard-write; encrypted-media; gyroscope; picture-in-picture; web-share\" referrerpolicy=\"strict-origin-when-cross-origin\" allowfullscreen><\/iframe><\/p>\n<div id=\"panel-7738-1-0-0\" class=\"so-panel widget widget_sow-editor panel-first-child\" data-index=\"1\">\n<div class=\"so-widget-sow-editor so-widget-sow-editor-base\">\n<div class=\"siteorigin-widget-tinymce textwidget\">\n<div id=\"panel-7738-1-0-0\" class=\"so-panel widget widget_sow-editor panel-first-child\" data-index=\"1\">\n<div class=\"so-widget-sow-editor so-widget-sow-editor-base\">\n<div class=\"siteorigin-widget-tinymce textwidget\">\n<h2 style=\"text-align: center;\" data-css=\"tve-u-16e65349806\">F\u00f6ljande onlinekurser ing\u00e5r:<\/h2>\n<div class=\"h-global-transition-all h-heading style-9083 style-local-7938-c39 position-relative h-element\" style=\"text-align: left;\" data-colibri-id=\"7938-c39\">\n<div class=\"h-heading__outer style-9083 style-local-7938-c39\">\n<p style=\"text-align: center;\"><img loading=\"lazy\" decoding=\"async\" class=\"alignnone wp-image-36649\" src=\"https:\/\/utbcenter.sj-school.se\/wp-content\/uploads\/2019\/08\/Komigang-150x150.png\" alt=\"\" width=\"111\" height=\"111\" srcset=\"https:\/\/utbcenter.sj-school.se\/wp-content\/uploads\/2019\/08\/Komigang-150x150.png 150w, https:\/\/utbcenter.sj-school.se\/wp-content\/uploads\/2019\/08\/Komigang-300x300.png 300w, https:\/\/utbcenter.sj-school.se\/wp-content\/uploads\/2019\/08\/Komigang-1024x1024.png 1024w, https:\/\/utbcenter.sj-school.se\/wp-content\/uploads\/2019\/08\/Komigang-768x768.png 768w, https:\/\/utbcenter.sj-school.se\/wp-content\/uploads\/2019\/08\/Komigang-12x12.png 12w, https:\/\/utbcenter.sj-school.se\/wp-content\/uploads\/2019\/08\/Komigang-600x600.png 600w, https:\/\/utbcenter.sj-school.se\/wp-content\/uploads\/2019\/08\/Komigang-100x100.png 100w, https:\/\/utbcenter.sj-school.se\/wp-content\/uploads\/2019\/08\/Komigang.png 1080w\" sizes=\"auto, (max-width: 111px) 100vw, 111px\" \/> <img loading=\"lazy\" decoding=\"async\" class=\"alignnone wp-image-36648\" src=\"https:\/\/utbcenter.sj-school.se\/wp-content\/uploads\/2019\/08\/dina-bonusar-150x150.png\" alt=\"\" width=\"111\" height=\"111\" srcset=\"https:\/\/utbcenter.sj-school.se\/wp-content\/uploads\/2019\/08\/dina-bonusar-150x150.png 150w, https:\/\/utbcenter.sj-school.se\/wp-content\/uploads\/2019\/08\/dina-bonusar-300x300.png 300w, https:\/\/utbcenter.sj-school.se\/wp-content\/uploads\/2019\/08\/dina-bonusar-1024x1024.png 1024w, https:\/\/utbcenter.sj-school.se\/wp-content\/uploads\/2019\/08\/dina-bonusar-768x768.png 768w, https:\/\/utbcenter.sj-school.se\/wp-content\/uploads\/2019\/08\/dina-bonusar-12x12.png 12w, https:\/\/utbcenter.sj-school.se\/wp-content\/uploads\/2019\/08\/dina-bonusar-600x600.png 600w, https:\/\/utbcenter.sj-school.se\/wp-content\/uploads\/2019\/08\/dina-bonusar-100x100.png 100w, https:\/\/utbcenter.sj-school.se\/wp-content\/uploads\/2019\/08\/dina-bonusar.png 1080w\" sizes=\"auto, (max-width: 111px) 100vw, 111px\" \/> <img loading=\"lazy\" decoding=\"async\" class=\"alignnone wp-image-36645\" src=\"https:\/\/utbcenter.sj-school.se\/wp-content\/uploads\/2019\/08\/Lar-dig-alska-dig-sjalv-150x150.png\" alt=\"L\u00e4r dig \u00e4lska dig sj\u00e4lv - HelhetsCentrums medlemsutbildning f\u00f6r personlig och andlig utveckling\" width=\"111\" height=\"111\" srcset=\"https:\/\/utbcenter.sj-school.se\/wp-content\/uploads\/2019\/08\/Lar-dig-alska-dig-sjalv-150x150.png 150w, https:\/\/utbcenter.sj-school.se\/wp-content\/uploads\/2019\/08\/Lar-dig-alska-dig-sjalv-300x300.png 300w, https:\/\/utbcenter.sj-school.se\/wp-content\/uploads\/2019\/08\/Lar-dig-alska-dig-sjalv-1024x1024.png 1024w, https:\/\/utbcenter.sj-school.se\/wp-content\/uploads\/2019\/08\/Lar-dig-alska-dig-sjalv-768x768.png 768w, https:\/\/utbcenter.sj-school.se\/wp-content\/uploads\/2019\/08\/Lar-dig-alska-dig-sjalv-12x12.png 12w, https:\/\/utbcenter.sj-school.se\/wp-content\/uploads\/2019\/08\/Lar-dig-alska-dig-sjalv-600x600.png 600w, https:\/\/utbcenter.sj-school.se\/wp-content\/uploads\/2019\/08\/Lar-dig-alska-dig-sjalv-100x100.png 100w, https:\/\/utbcenter.sj-school.se\/wp-content\/uploads\/2019\/08\/Lar-dig-alska-dig-sjalv.png 1080w\" sizes=\"auto, (max-width: 111px) 100vw, 111px\" \/> <img loading=\"lazy\" decoding=\"async\" class=\"alignnone wp-image-36640\" src=\"https:\/\/utbcenter.sj-school.se\/wp-content\/uploads\/2019\/08\/Att-leva-fran-hjartat-150x150.png\" alt=\"Att leva fr\u00e5n hj\u00e4rtat - HelhetsCentrums medlemsutbildning f\u00f6r personlig och andlig utveckling\" width=\"111\" height=\"111\" srcset=\"https:\/\/utbcenter.sj-school.se\/wp-content\/uploads\/2019\/08\/Att-leva-fran-hjartat-150x150.png 150w, https:\/\/utbcenter.sj-school.se\/wp-content\/uploads\/2019\/08\/Att-leva-fran-hjartat-300x300.png 300w, https:\/\/utbcenter.sj-school.se\/wp-content\/uploads\/2019\/08\/Att-leva-fran-hjartat-1024x1024.png 1024w, https:\/\/utbcenter.sj-school.se\/wp-content\/uploads\/2019\/08\/Att-leva-fran-hjartat-768x768.png 768w, https:\/\/utbcenter.sj-school.se\/wp-content\/uploads\/2019\/08\/Att-leva-fran-hjartat-12x12.png 12w, https:\/\/utbcenter.sj-school.se\/wp-content\/uploads\/2019\/08\/Att-leva-fran-hjartat-600x600.png 600w, https:\/\/utbcenter.sj-school.se\/wp-content\/uploads\/2019\/08\/Att-leva-fran-hjartat-100x100.png 100w, https:\/\/utbcenter.sj-school.se\/wp-content\/uploads\/2019\/08\/Att-leva-fran-hjartat.png 1080w\" sizes=\"auto, (max-width: 111px) 100vw, 111px\" \/><img loading=\"lazy\" decoding=\"async\" class=\"alignnone wp-image-36642\" src=\"https:\/\/utbcenter.sj-school.se\/wp-content\/uploads\/2019\/08\/energikanslighet-150x150.png\" alt=\"Om energik\u00e4nslighet HelhetsCentrums medlemsutbildning f\u00f6r personlig och andlig utveckling\" width=\"111\" height=\"111\" srcset=\"https:\/\/utbcenter.sj-school.se\/wp-content\/uploads\/2019\/08\/energikanslighet-150x150.png 150w, https:\/\/utbcenter.sj-school.se\/wp-content\/uploads\/2019\/08\/energikanslighet-300x300.png 300w, https:\/\/utbcenter.sj-school.se\/wp-content\/uploads\/2019\/08\/energikanslighet-1024x1024.png 1024w, https:\/\/utbcenter.sj-school.se\/wp-content\/uploads\/2019\/08\/energikanslighet-768x768.png 768w, https:\/\/utbcenter.sj-school.se\/wp-content\/uploads\/2019\/08\/energikanslighet-12x12.png 12w, https:\/\/utbcenter.sj-school.se\/wp-content\/uploads\/2019\/08\/energikanslighet-600x600.png 600w, https:\/\/utbcenter.sj-school.se\/wp-content\/uploads\/2019\/08\/energikanslighet-100x100.png 100w, https:\/\/utbcenter.sj-school.se\/wp-content\/uploads\/2019\/08\/energikanslighet.png 1080w\" sizes=\"auto, (max-width: 111px) 100vw, 111px\" \/><img loading=\"lazy\" decoding=\"async\" class=\"alignnone wp-image-36644\" src=\"https:\/\/utbcenter.sj-school.se\/wp-content\/uploads\/2019\/08\/lev-utan-stress-150x150.png\" alt=\"Lev utan stress och oro - HelhetsCentrums medlemsutbildning f\u00f6r personlig och andlig utveckling\" width=\"111\" height=\"111\" srcset=\"https:\/\/utbcenter.sj-school.se\/wp-content\/uploads\/2019\/08\/lev-utan-stress-150x150.png 150w, https:\/\/utbcenter.sj-school.se\/wp-content\/uploads\/2019\/08\/lev-utan-stress-300x300.png 300w, https:\/\/utbcenter.sj-school.se\/wp-content\/uploads\/2019\/08\/lev-utan-stress-1024x1024.png 1024w, https:\/\/utbcenter.sj-school.se\/wp-content\/uploads\/2019\/08\/lev-utan-stress-768x768.png 768w, https:\/\/utbcenter.sj-school.se\/wp-content\/uploads\/2019\/08\/lev-utan-stress-12x12.png 12w, https:\/\/utbcenter.sj-school.se\/wp-content\/uploads\/2019\/08\/lev-utan-stress-600x600.png 600w, https:\/\/utbcenter.sj-school.se\/wp-content\/uploads\/2019\/08\/lev-utan-stress-100x100.png 100w, https:\/\/utbcenter.sj-school.se\/wp-content\/uploads\/2019\/08\/lev-utan-stress.png 1080w\" sizes=\"auto, (max-width: 111px) 100vw, 111px\" \/> <img loading=\"lazy\" decoding=\"async\" class=\"alignnone wp-image-36643\" src=\"https:\/\/utbcenter.sj-school.se\/wp-content\/uploads\/2019\/08\/finn-din-livsuppgift-150x150.png\" alt=\"Finn din livsuppgift med HelhetsCentrums medlemsutbildning f\u00f6r personlig och andlig utveckling\" width=\"111\" height=\"111\" srcset=\"https:\/\/utbcenter.sj-school.se\/wp-content\/uploads\/2019\/08\/finn-din-livsuppgift-150x150.png 150w, https:\/\/utbcenter.sj-school.se\/wp-content\/uploads\/2019\/08\/finn-din-livsuppgift-300x300.png 300w, https:\/\/utbcenter.sj-school.se\/wp-content\/uploads\/2019\/08\/finn-din-livsuppgift-1024x1024.png 1024w, https:\/\/utbcenter.sj-school.se\/wp-content\/uploads\/2019\/08\/finn-din-livsuppgift-768x768.png 768w, https:\/\/utbcenter.sj-school.se\/wp-content\/uploads\/2019\/08\/finn-din-livsuppgift-12x12.png 12w, https:\/\/utbcenter.sj-school.se\/wp-content\/uploads\/2019\/08\/finn-din-livsuppgift-600x600.png 600w, https:\/\/utbcenter.sj-school.se\/wp-content\/uploads\/2019\/08\/finn-din-livsuppgift-100x100.png 100w, https:\/\/utbcenter.sj-school.se\/wp-content\/uploads\/2019\/08\/finn-din-livsuppgift.png 1080w\" sizes=\"auto, (max-width: 111px) 100vw, 111px\" \/><\/p>\n<\/div>\n<\/div>\n<\/div>\n<\/div>\n<\/div>\n<div id=\"panel-7738-1-0-0\" class=\"so-panel widget widget_sow-editor panel-first-child\" style=\"text-align: left;\" data-index=\"1\">\n<div class=\"so-widget-sow-editor so-widget-sow-editor-base\">\n<div class=\"siteorigin-widget-tinymce textwidget\">\n<div class=\"h-lead h-text h-text-component style-9076 style-local-7938-c40 position-relative h-element\" data-colibri-id=\"7938-c40\">\n<div class=\"h-global-transition-all h-heading style-9083 style-local-7938-c39 position-relative h-element\" data-colibri-id=\"7938-c39\">\n<div class=\"h-heading__outer style-9083 style-local-7938-c39\">\n<div class=\"h-global-transition-all h-heading style-9075 style-local-7938-c48 position-relative h-element\" data-colibri-id=\"7938-c48\">\n<div class=\"h-heading__outer style-9075 style-local-7938-c48\">\n<p><strong>100 % helt n\u00f6jd Garanti<\/strong><\/p>\n<\/div>\n<\/div>\n<\/div>\n<\/div>\n<\/div>\n<\/div>\n<\/div>\n<\/div>\n<p style=\"text-align: left;\"><em>Vi \u00e4r v\u00e4ldigt stolta och n\u00f6jda med v\u00e5r utbildning, men vi vet ocks\u00e5 att den kanske inte passar alla.<\/em><\/p>\n<p style=\"text-align: left;\"><em>D\u00e4rf\u00f6r \u00e4r det sj\u00e4lvklart f\u00f6r oss att lova dig 100 % garanti och hela din avgift tillbaka om du inte \u00e4r n\u00f6jd. Meddela oss inom 15 dagar och du f\u00e5r hela kursavgiften tillbaka.<\/em><\/p>\n<p style=\"text-align: left;\"><em>\u00c4r du m\u00e5nadsmedlem kan du givetvis avsluta ditt medlemskap n\u00e4r du vill utan n\u00e5gon upps\u00e4gningstid.\u00a0<\/em><\/p>\n<\/div>\n<\/div>\n<\/div>","protected":false},"excerpt":{"rendered":"<div id=\"panel-7738-1-0-5\" class=\"so-panel widget widget_sow-editor panel-last-child\" data-index=\"6\">\n<div class=\"so-widget-sow-editor so-widget-sow-editor-base\">\n<div class=\"siteorigin-widget-tinymce textwidget\">\n<p style=\"text-align: left;\"><strong><em>Du kan starta medlemsutbildningen direkt!<br \/>\nH\u00e4r jobbar du online, i din egen takt &#8211; n\u00e4r det passar dig b\u00e4st!<\/em><\/strong><\/p>\n<p style=\"text-align: left;\"><strong>Du f\u00e5r&#8230;<\/strong><\/p>\n<div id=\"panel-7738-1-0-5\" class=\"so-panel widget widget_sow-editor panel-last-child\" data-index=\"6\">\n<div class=\"so-widget-sow-editor so-widget-sow-editor-base\">\n<div class=\"siteorigin-widget-tinymce textwidget\">\n<ul style=\"text-align: left;\">\n<li>MasterClass live via Zoom med Susanne J\u00f6nsson<\/li>\n<\/ul>\n<p style=\"text-align: left;\"><strong>Onlinekurser i 7 steg f\u00f6r personlig utveckling:<\/strong><\/p>\n<ul style=\"text-align: left;\">\n<li>Steg 1 \u2013 F\u00e5 tillg\u00e5ng till medlemsmaterialet, FB gruppen och mycket mer<\/li>\n<li>Steg 2 \u2013 Dina bonusar, med extra material och nya specialkurser varje m\u00e5nad<\/li>\n<li>Steg 3 \u2013 Onlinekurs: Din inre balans<\/li>\n<li style=\"text-align: left;\">Steg 4 \u2013 Onlinekurs: Att leva fr\u00e5n hj\u00e4rtat<\/li>\n<li>Steg 5 \u2013 Onlinekurs: Hantera stress och oro<\/li>\n<li>Steg 6 \u2013 Onlinekurs: V\u00e4lm\u00e5ende f\u00f6r kropp och sj\u00e4l<\/li>\n<li>Steg 7 \u2013 Onlinekurs: Inre kunskap \u2013 Finn din livsuppgift och Hantera din energik\u00e4nslighet<\/li>\n<\/ul>\n<p>&nbsp;<\/p>\n<p><strong>Soul Heart medlemsutbildning med lives\u00e4nda lektioner och v\u00e5ra b\u00e4sta onlinekurser (v\u00e4rde 3500:-) i ett paket.<\/strong><\/p>\n<\/div>\n<\/div>\n<\/div>\n<div id=\"panel-7738-1-0-5\" class=\"so-panel widget widget_sow-editor panel-last-child\" data-index=\"6\">\n<div class=\"so-widget-sow-editor so-widget-sow-editor-base\">\n<div class=\"siteorigin-widget-tinymce textwidget\">\n<p style=\"text-align: center;\">Var med s\u00e5 l\u00e4nge du vill, det finns ingen upps\u00e4gningstid och du sk\u00f6ter sj\u00e4lv ditt abonnemang fr\u00e5n ditt konto.<\/p>\n<\/div>\n<\/div>\n<\/div>\n<\/div>\n<\/div>\n<\/div>","protected":false},"featured_media":36641,"comment_status":"open","ping_status":"closed","template":"","meta":[],"product_brand":[],"product_cat":[93,92,135],"product_tag":[128,120,119,122,127,126],"class_list":{"0":"post-12491","1":"product","2":"type-product","3":"status-publish","4":"has-post-thumbnail","6":"product_cat-onlinekurs","7":"product_cat-samlingspaket","8":"product_cat-zoom","9":"product_tag-inre-kunskap","10":"product_tag-karlek-till-dig-sjalv","11":"product_tag-leva-fran-hjartat","12":"product_tag-livskvalite","13":"product_tag-sjalvfortroende","14":"product_tag-sjalvkansla","16":"first","17":"instock","18":"featured","19":"virtual","20":"sold-individually","21":"taxable","22":"purchasable","23":"product-type-subscription"},"_links":{"self":[{"href":"https:\/\/utbcenter.sj-school.se\/en\/wp-json\/wp\/v2\/product\/12491","targetHints":{"allow":["GET"]}}],"collection":[{"href":"https:\/\/utbcenter.sj-school.se\/en\/wp-json\/wp\/v2\/product"}],"about":[{"href":"https:\/\/utbcenter.sj-school.se\/en\/wp-json\/wp\/v2\/types\/product"}],"replies":[{"embeddable":true,"href":"https:\/\/utbcenter.sj-school.se\/en\/wp-json\/wp\/v2\/comments?post=12491"}],"wp:featuredmedia":[{"embeddable":true,"href":"https:\/\/utbcenter.sj-school.se\/en\/wp-json\/wp\/v2\/media\/36641"}],"wp:attachment":[{"href":"https:\/\/utbcenter.sj-school.se\/en\/wp-json\/wp\/v2\/media?parent=12491"}],"wp:term":[{"taxonomy":"product_brand","embeddable":true,"href":"https:\/\/utbcenter.sj-school.se\/en\/wp-json\/wp\/v2\/product_brand?post=12491"},{"taxonomy":"product_cat","embeddable":true,"href":"https:\/\/utbcenter.sj-school.se\/en\/wp-json\/wp\/v2\/product_cat?post=12491"},{"taxonomy":"product_tag","embeddable":true,"href":"https:\/\/utbcenter.sj-school.se\/en\/wp-json\/wp\/v2\/product_tag?post=12491"}],"curies":[{"name":"wp","href":"https:\/\/api.w.org\/{rel}","templated":true}]}}