{"id":14468,"date":"2019-09-23T15:33:11","date_gmt":"2019-09-23T13:33:11","guid":{"rendered":"https:\/\/utbcenter.sj-school.se\/?post_type=product&#038;p=14468"},"modified":"2026-02-22T10:49:15","modified_gmt":"2026-02-22T09:49:15","slug":"onlinekurs-lar-dig-alska-dig-sjalv","status":"publish","type":"product","link":"https:\/\/utbcenter.sj-school.se\/en\/product\/onlinekurs-lar-dig-alska-dig-sjalv\/","title":{"rendered":"Onlinekurs: L\u00e4r dig \u00e4lska dig sj\u00e4lv"},"content":{"rendered":"<p><em>Onlinekurs: L\u00e4r dig \u00e4lska dig sj\u00e4lv, h\u00e4r f\u00e5r du tillg\u00e5ng till speciella verktyg som hj\u00e4lper dig att hantera livet p\u00e5 ett annat s\u00e4tt. Du \u00f6kar ditt sj\u00e4lvf\u00f6rtroende och din sj\u00e4lvk\u00e4nsla p\u00e5 ett djupare plan.<\/em><\/p>\n<h3>L\u00e4r dig att \u00e4lska dig sj\u00e4lv och n\u00e5 din inre balans<\/h3>\n<p>G\u00f6r det f\u00f6r Din egen skull \u2013 f\u00f6r att du \u00e4r v\u00e4rd att m\u00e5 bra.<\/p>\n<p>Grundl\u00e4ggande v\u00e4lm\u00e5ende och inre balans ska fungera i vardagen och n\u00e4r livet g\u00e5r upp och ner. Det \u00e4r h\u00e4r vi beh\u00f6ver tydliga och enkla tekniker f\u00f6r att forts\u00e4tta m\u00e5 bra \u00e4ven n\u00e4r livet blir sv\u00e5rt.<\/p>\n<p>Att m\u00e5 bra n\u00e4r livet \u00e4r en \u201csolskenshistoria\u201d \u2013 det \u00e4r enkelt, men det \u00e4r oftast inte s\u00e5 v\u00e5r vardag ser ut.<\/p>\n<p>Kanske \u00e4r det inte s\u00e5 du k\u00e4nner inledningsvis och d\u00e4rf\u00f6r b\u00f6rjar vi med det.<\/p>\n<h2>Kursmodulens inneh\u00e5ll<\/h2>\n<p>I den h\u00e4r modulen kommer du att f\u00e5 de grundl\u00e4ggande verktygen och teknikerna som g\u00f6r att du kan hitta och beh\u00e5lla ditt v\u00e4lm\u00e5ende, oavsett vad \u201clivet\u201d f\u00f6r in i din vardag.<\/p>\n<p>Det du kommer att l\u00e4ra dig \u00e4r tekniker du kan anv\u00e4nda varje dag, utan att det tar l\u00e5ng tid. De fungerar \u00e4ven f\u00f6r den som har en stressig vardag. De kommer inte att kr\u00e4va mycket av dig, utan det handlar om att du b\u00f6rjar t\u00e4nka p\u00e5 ett lite annorlunda s\u00e4tt \u00e4n du gjort tidigare.<\/p>\n<h2>Det tar inte l\u00e5ng tid<\/h2>\n<p>F\u00f6r att kunna f\u00f6r\u00e4ndra sitt m\u00e5ende beh\u00f6ver man f\u00f6rst\u00e5 varf\u00f6r det \u00e4r viktigt, hur det g\u00e5r till och varf\u00f6r det fungerar p\u00e5 det viset. Med andra ord \u2013 hur det h\u00e4nger ihop. N\u00e4r du v\u00e4l har l\u00e4rt och f\u00f6rst\u00e5r detta, d\u00e5 tar det inte m\u00e5nga minuter per dag f\u00f6r att bibeh\u00e5lla din balans och ditt v\u00e4lm\u00e5ende.<\/p>\n<p>Du g\u00f6r det h\u00e4r f\u00f6r resten av ditt liv! G\u00f6r det f\u00f6r Din skull \u2013 f\u00f6r det \u00e4r Du v\u00e4rd!<\/p>\n<h2>Du kommer bland annat att\u2026<\/h2>\n<ul>\n<li>L\u00e4ra dig att \u00e4lska dig sj\u00e4lv \u2013 och f\u00f6rst\u00e5 varf\u00f6r det \u00e4r viktigt<\/li>\n<li>Kunna s\u00e4tta k\u00e4rleksfulla gr\u00e4nser i ditt liv, b\u00e5de f\u00f6r dig sj\u00e4lv och andra<\/li>\n<li>\u00d6ka din sj\u00e4lvk\u00e4nsla<\/li>\n<li>St\u00e4rka ditt sj\u00e4lvf\u00f6rtroende<\/li>\n<li>N\u00e5 din inre balans<\/li>\n<\/ul>","protected":false},"excerpt":{"rendered":"<p style=\"text-align: center;\"><em><strong>Du kan starta kursen direkt!<br \/>\nH\u00e4r jobbar du online, i din egen takt &#8211; n\u00e4r det passar dig b\u00e4st!<\/strong><\/em><\/p>\n<p><em>N\u00e4r du l\u00e4r dig \u00e4lska dig sj\u00e4lv, d\u00e5 f\u00e5r du tillg\u00e5ng till speciella verktyg som hj\u00e4lper dig att hantera livet p\u00e5 ett annat s\u00e4tt. Du \u00f6kar ditt sj\u00e4lvf\u00f6rtroende och din sj\u00e4lvk\u00e4nsla p\u00e5 ett djupare plan.<\/em><\/p>\n<h3>L\u00e4r dig att \u00e4lska dig sj\u00e4lv och n\u00e5 din inre balans<\/h3>\n<p>G\u00f6r det f\u00f6r Din egen skull \u2013 f\u00f6r att du \u00e4r v\u00e4rd att m\u00e5 bra.<\/p>\n<p>Grundl\u00e4ggande v\u00e4lm\u00e5ende och inre balans ska fungera i vardagen och n\u00e4r livet g\u00e5r upp och ner. Det \u00e4r h\u00e4r vi beh\u00f6ver tydliga och enkla tekniker f\u00f6r att forts\u00e4tta m\u00e5 bra \u00e4ven n\u00e4r livet blir sv\u00e5rt.<\/p>\n<p>Eng\u00e5ngsbetalning &#8211; Du f\u00e5r livstids tillg\u00e5ng till kursen och kan repetera och g\u00f6ra om den s\u00e5 m\u00e5nga g\u00e5nger du vill!<\/p>","protected":false},"featured_media":36645,"comment_status":"open","ping_status":"closed","template":"","meta":[],"product_brand":[],"product_cat":[93],"product_tag":[],"class_list":{"0":"post-14468","1":"product","2":"type-product","3":"status-publish","4":"has-post-thumbnail","6":"product_cat-onlinekurs","8":"first","9":"instock","10":"virtual","11":"sold-individually","12":"taxable","13":"purchasable","14":"product-type-course"},"_links":{"self":[{"href":"https:\/\/utbcenter.sj-school.se\/en\/wp-json\/wp\/v2\/product\/14468","targetHints":{"allow":["GET"]}}],"collection":[{"href":"https:\/\/utbcenter.sj-school.se\/en\/wp-json\/wp\/v2\/product"}],"about":[{"href":"https:\/\/utbcenter.sj-school.se\/en\/wp-json\/wp\/v2\/types\/product"}],"replies":[{"embeddable":true,"href":"https:\/\/utbcenter.sj-school.se\/en\/wp-json\/wp\/v2\/comments?post=14468"}],"wp:featuredmedia":[{"embeddable":true,"href":"https:\/\/utbcenter.sj-school.se\/en\/wp-json\/wp\/v2\/media\/36645"}],"wp:attachment":[{"href":"https:\/\/utbcenter.sj-school.se\/en\/wp-json\/wp\/v2\/media?parent=14468"}],"wp:term":[{"taxonomy":"product_brand","embeddable":true,"href":"https:\/\/utbcenter.sj-school.se\/en\/wp-json\/wp\/v2\/product_brand?post=14468"},{"taxonomy":"product_cat","embeddable":true,"href":"https:\/\/utbcenter.sj-school.se\/en\/wp-json\/wp\/v2\/product_cat?post=14468"},{"taxonomy":"product_tag","embeddable":true,"href":"https:\/\/utbcenter.sj-school.se\/en\/wp-json\/wp\/v2\/product_tag?post=14468"}],"curies":[{"name":"wp","href":"https:\/\/api.w.org\/{rel}","templated":true}]}}