{"id":15111,"date":"2019-10-08T06:54:19","date_gmt":"2019-10-08T04:54:19","guid":{"rendered":"https:\/\/utbcenter.sj-school.se\/?post_type=product&#038;p=15111"},"modified":"2023-01-18T15:13:12","modified_gmt":"2023-01-18T14:13:12","slug":"medlemspaket-specialerbjudande","status":"publish","type":"product","link":"https:\/\/utbcenter.sj-school.se\/en\/product\/medlemspaket-specialerbjudande\/","title":{"rendered":"Specialerbjudande: Bli permanent medlem f\u00f6r endast 899:- eng\u00e5ngsbetalning"},"content":{"rendered":"<h3>Soul Heart medlemsutbildning<\/h3>\n<p>Eng\u00e5ngsbetalning med 100% garanti. \u00c4r du inte n\u00f6jd f\u00e5r alltid du pengarna tillbaka!<\/p>\n<p>L\u00e4r dig att \u00e4lska dig sj\u00e4lv och \u00f6ka din sj\u00e4lvk\u00e4nsla och ditt sj\u00e4lvf\u00f6rtroende. Hitta hem&#8230; till Dig sj\u00e4lv!<\/p>\n<p><iframe loading=\"lazy\" title=\"V\u00e4lm\u00e5ende och inre balans\" width=\"500\" height=\"281\" src=\"https:\/\/www.youtube.com\/embed\/OVLaJw_a4Go?feature=oembed\" frameborder=\"0\" allow=\"accelerometer; autoplay; clipboard-write; encrypted-media; gyroscope; picture-in-picture; web-share\" referrerpolicy=\"strict-origin-when-cross-origin\" allowfullscreen><\/iframe><\/p>\n<div id=\"panel-7738-1-0-0\" class=\"so-panel widget widget_sow-editor panel-first-child\" data-index=\"1\">\n<div class=\"so-widget-sow-editor so-widget-sow-editor-base\">\n<div class=\"siteorigin-widget-tinymce textwidget\">\n<h1 class=\"tve-droppable\" data-css=\"tve-u-16e65349806\"><strong>Fem f\u00f6rdelar f\u00f6r Dig!<\/strong><\/h1>\n<\/div>\n<\/div>\n<\/div>\n<div id=\"panel-7738-1-0-1\" class=\"so-panel widget widget_sow-editor\" data-index=\"2\">\n<div class=\"so-widget-sow-editor so-widget-sow-editor-base\">\n<div class=\"siteorigin-widget-tinymce textwidget\">\n<p class=\"tve-droppable\"><span data-css=\"tve-u-16e65387b6c\"><strong>1. Du m\u00e5r b\u00e4ttre och du orkar mer<\/strong><br \/>\n<em>V\u00e4lm\u00e5ende och inre balans blir en naturlig del i din vardag, och du kommer snabbt tillbaka till den om du trillar tillbaka i ett gammalt m\u00f6nster.<\/em><\/span><em>\u200b<\/em><\/p>\n<\/div>\n<\/div>\n<\/div>\n<div id=\"panel-7738-1-0-2\" class=\"so-panel widget widget_sow-editor\" data-index=\"3\">\n<div class=\"so-widget-sow-editor so-widget-sow-editor-base\">\n<div class=\"siteorigin-widget-tinymce textwidget\">\n<p class=\"tve-droppable\"><strong><span data-css=\"tve-u-16e65387b6e\">2. Ditt sj\u00e4lvf\u00f6rtroende och din sj\u00e4lvk\u00e4nsla blir starkare<br \/>\n<\/span><\/strong><em>I takt med att din k\u00e4rlek till dig sj\u00e4lv \u00f6kar, s\u00e5 \u00f6kar ocks\u00e5 din inre trygghet vilket g\u00f6r att du inte oroar dig i on\u00f6dan.<\/em><\/p>\n<\/div>\n<\/div>\n<\/div>\n<div id=\"panel-7738-1-0-3\" class=\"so-panel widget widget_sow-editor\" data-index=\"4\">\n<div class=\"so-widget-sow-editor so-widget-sow-editor-base\">\n<div class=\"siteorigin-widget-tinymce textwidget\">\n<p><span data-css=\"tve-u-16e65387b6f\"><strong>3. Du l\u00e4r dig anv\u00e4nda och att lita p\u00e5 din inre kompass<\/strong><br \/>\n<em>N\u00e4r du har tillg\u00e5ng till \u201ddin inre kompass\u201d och l\u00e4rt dig lyssna p\u00e5 den, d\u00e5 kan du alltid vara trygg i att du fattar snabba och r\u00e4tt beslut.\u00a0<\/em><\/span><br \/>\n<em>Att kunna lita p\u00e5 att du fattar bra beslut, \u00e4ven n\u00e4r det \u00e4r st\u00f6kigt i ditt liv, \u00e4r viktigt och det hj\u00e4lper dig p\u00e5 m\u00e5nga s\u00e4tt.<\/em><\/p>\n<\/div>\n<\/div>\n<\/div>\n<div id=\"panel-7738-1-0-4\" class=\"so-panel widget widget_sow-editor\" data-index=\"5\">\n<div class=\"so-widget-sow-editor so-widget-sow-editor-base\">\n<div class=\"siteorigin-widget-tinymce textwidget\">\n<p><span data-css=\"tve-u-16e65387b72\"><strong>4.\u00a0<\/strong><strong>Du hanterar stress och gr\u00e4nss\u00e4ttning mycket l\u00e4ttare<\/strong><br \/>\n<em>Just stresshantering och gr\u00e4nss\u00e4ttning \u00e4r mycket enklare f\u00f6r den som har en h\u00f6g niv\u00e5 av k\u00e4rlek till sig sj\u00e4lv. Att s\u00e4tta gr\u00e4nser och kunna st\u00e4lla krav \u00e4r viktigt b\u00e5de privat och p\u00e5 jobbet.<\/em><\/span><\/p>\n<\/div>\n<\/div>\n<\/div>\n<div id=\"panel-7738-1-0-5\" class=\"so-panel widget widget_sow-editor panel-last-child\" data-index=\"6\">\n<div class=\"so-widget-sow-editor so-widget-sow-editor-base\">\n<div class=\"siteorigin-widget-tinymce textwidget\">\n<p><strong>5. Din livskvalit\u00e9 \u00f6kar<\/strong><br \/>\n<em>En bonus \u00e4r ocks\u00e5 att du inte oroar dig p\u00e5 samma s\u00e4tt som tidigare, utan du f\u00e5r l\u00e4ttare att uppskatta det du har och gl\u00e4djas \u00e5t det. Du vet att du alltid g\u00f6r s\u00e5 gott du kan och k\u00e4nner dig n\u00f6jd med det.<\/em><\/p>\n<p><em>Du j\u00e4mf\u00f6r dig heller inte med andra, utan ser mer till att du \u00e4r n\u00f6jd med din prestation. N\u00e4r du \u00e4r n\u00f6jd med det du g\u00f6r, d\u00e5 \u00e4r ocks\u00e5 de flesta v\u00e4ldigt n\u00f6jda med resultatet av det.\u00a0<\/em><\/p>\n<div id=\"panel-7738-1-0-5\" class=\"so-panel widget widget_sow-editor panel-last-child\" data-index=\"6\">\n<div class=\"so-widget-sow-editor so-widget-sow-editor-base\">\n<div class=\"siteorigin-widget-tinymce textwidget\">\n<h2>Soul Heart medlemsutbildning med lives\u00e4nda lektioner och onlinekurser i 7 steg f\u00f6r personlig utveckling:<\/h2>\n<h3>Du f\u00e5r&#8230;<\/h3>\n<ul>\n<li><b>En ny Masterclass med Susanne J\u00f6nsson varje m\u00e5nad<\/b><\/li>\n<\/ul>\n<h4>Onlinekurser i 7 steg:<\/h4>\n<ul>\n<li>Steg 1 \u2013\u00a0 F\u00e5 tillg\u00e5ng till medlemsmaterialet, FB gruppen och mycket mer<\/li>\n<li>Steg 2 \u2013 Dina bonusar, med extra material och nya specialkurser varje m\u00e5nad<\/li>\n<li>Steg 3 \u2013 Onlinekurs: Din inre balans<\/li>\n<li>Steg 4 \u2013 Onlinekurs: Att leva fr\u00e5n hj\u00e4rtat<\/li>\n<li>Steg 5 \u2013 Onlinekurs: Hantera stress och oro<\/li>\n<li>Steg 6 \u2013 Onlinekurs: V\u00e4lm\u00e5ende f\u00f6r kropp och sj\u00e4l<\/li>\n<li>Steg 7 \u2013 Onlinekurs: Inre kunskap \u2013 Finn din livsuppgift och Hantera din energik\u00e4nslighet<\/li>\n<\/ul>\n<p>&nbsp;<\/p>\n<\/div>\n<\/div>\n<\/div>\n<h1>100 % helt n\u00f6jd Garanti<\/h1>\n<\/div>\n<\/div>\n<\/div>\n<p><img loading=\"lazy\" decoding=\"async\" class=\"wp-image-7718 size-thumbnail alignleft\" src=\"https:\/\/www.soulheartjourney.se\/wp-content\/uploads\/2019\/09\/10-badges-150x150.png\" sizes=\"auto, (max-width: 150px) 100vw, 150px\" srcset=\"https:\/\/www.soulheartjourney.se\/wp-content\/uploads\/2019\/09\/10-badges-150x150.png 150w, https:\/\/www.soulheartjourney.se\/wp-content\/uploads\/2019\/09\/10-badges-45x45.png 45w, https:\/\/www.soulheartjourney.se\/wp-content\/uploads\/2019\/09\/10-badges.png 280w\" alt=\"100% n\u00f6jd Soul Heart Medlemsgarant\" width=\"150\" height=\"150\" \/><\/p>\n<p><em>Vi \u00e4r v\u00e4ldigt stolta och n\u00f6jda med v\u00e5r utbildning men vi vet ocks\u00e5 att den kanske inte passar alla.<\/em><\/p>\n<p><em>D\u00e4rf\u00f6r \u00e4r det sj\u00e4lvklart f\u00f6r oss att lova dig 100% garanti och hela din avgift tillbaka om du inte \u00e4r n\u00f6jd. Meddela oss inom 15 dagar och du f\u00e5r hela kursavgiften tillbaka.<\/em><\/p>\n<p><em>\u00c4r du m\u00e5nadsmedlem kan du givetvis avsluta ditt medlemskap n\u00e4r du vill utan n\u00e5gon upps\u00e4gningstid.\u00a0<\/em><\/p>\n<h2 style=\"text-align: center;\">S\u00e4ker betalning med Klarna<\/h2>\n<p><img loading=\"lazy\" decoding=\"async\" class=\"size-medium wp-image-15233 aligncenter\" src=\"https:\/\/utbcenter.sj-school.se\/wp-content\/uploads\/2019\/07\/Betala-med-Klarna-300x148.jpg\" alt=\"\" width=\"300\" height=\"148\" srcset=\"https:\/\/utbcenter.sj-school.se\/wp-content\/uploads\/2019\/07\/Betala-med-Klarna-300x148.jpg 300w, https:\/\/utbcenter.sj-school.se\/wp-content\/uploads\/2019\/07\/Betala-med-Klarna-600x296.jpg 600w, https:\/\/utbcenter.sj-school.se\/wp-content\/uploads\/2019\/07\/Betala-med-Klarna-400x197.jpg 400w, https:\/\/utbcenter.sj-school.se\/wp-content\/uploads\/2019\/07\/Betala-med-Klarna-100x49.jpg 100w, https:\/\/utbcenter.sj-school.se\/wp-content\/uploads\/2019\/07\/Betala-med-Klarna.jpg 612w\" sizes=\"auto, (max-width: 300px) 100vw, 300px\" \/><\/p>","protected":false},"excerpt":{"rendered":"<h4 style=\"text-align: center;\">Medlemsutbildning med lives\u00e4nda lektioner och v\u00e5ra b\u00e4sta onlinekurser (v\u00e4rde 3500:-) i ett paket.<\/h4>\n<blockquote>\n<p style=\"text-align: center;\">F\u00f6r din inre balans, stresshantering, sj\u00e4lvk\u00e4nsla, meditation, \u00f6kad medvetenhet och mycket mer.<\/p>\n<\/blockquote>\n<h3>Du f\u00e5r&#8230;<\/h3>\n<div id=\"panel-7738-1-0-5\" class=\"so-panel widget widget_sow-editor panel-last-child\" data-index=\"6\">\n<div class=\"so-widget-sow-editor so-widget-sow-editor-base\">\n<div class=\"siteorigin-widget-tinymce textwidget\">\n<ul>\n<li><b>En ny Masterclass med Susanne J\u00f6nsson varje m\u00e5nad<\/b><\/li>\n<\/ul>\n<h4>Onlinekurser i 7 steg f\u00f6r personlig utveckling:<\/h4>\n<ul>\n<li>Steg 1 \u2013 F\u00e5 tillg\u00e5ng till medlemsmaterialet, FB gruppen och mycket mer<\/li>\n<li>Steg 2 \u2013 Dina bonusar, med extra material och nya specialkurser varje m\u00e5nad<\/li>\n<li>Steg 3 \u2013 Onlinekurs: Din inre balans<\/li>\n<li>Steg 4 \u2013 Onlinekurs: Att leva fr\u00e5n hj\u00e4rtat<\/li>\n<li>Steg 5 \u2013 Onlinekurs: Hantera stress och oro<\/li>\n<li>Steg 6 \u2013 Onlinekurs: V\u00e4lm\u00e5ende f\u00f6r kropp och sj\u00e4l<\/li>\n<li>Steg 7 \u2013 Onlinekurs: Inre kunskap \u2013 Finn din livsuppgift och Hantera din energik\u00e4nslighet<\/li>\n<\/ul>\n<h4>Soul Heart medlemsutbildning med lives\u00e4nda lektioner och v\u00e5ra b\u00e4sta onlinekurser (v\u00e4rde 3500:-) i ett paket.<\/h4>\n<p style=\"text-align: center;\"><strong>Eng\u00e5ngsbetalning: 899:- (ord. 999:-).<\/strong><br \/>\nF\u00e5 permanent tillg\u00e5ng till medlemsutbildningen, inga \u00f6vriga kostnader tillkommer.<\/p>\n<\/div>\n<\/div>\n<\/div>","protected":false},"featured_media":13644,"comment_status":"open","ping_status":"closed","template":"","meta":[],"product_brand":[],"product_cat":[92],"product_tag":[],"class_list":{"0":"post-15111","1":"product","2":"type-product","3":"status-publish","4":"has-post-thumbnail","6":"product_cat-samlingspaket","8":"first","9":"instock","10":"sale","11":"virtual","12":"sold-individually","13":"taxable","14":"purchasable","15":"product-type-course"},"_links":{"self":[{"href":"https:\/\/utbcenter.sj-school.se\/en\/wp-json\/wp\/v2\/product\/15111","targetHints":{"allow":["GET"]}}],"collection":[{"href":"https:\/\/utbcenter.sj-school.se\/en\/wp-json\/wp\/v2\/product"}],"about":[{"href":"https:\/\/utbcenter.sj-school.se\/en\/wp-json\/wp\/v2\/types\/product"}],"replies":[{"embeddable":true,"href":"https:\/\/utbcenter.sj-school.se\/en\/wp-json\/wp\/v2\/comments?post=15111"}],"wp:featuredmedia":[{"embeddable":true,"href":"https:\/\/utbcenter.sj-school.se\/en\/wp-json\/wp\/v2\/media\/13644"}],"wp:attachment":[{"href":"https:\/\/utbcenter.sj-school.se\/en\/wp-json\/wp\/v2\/media?parent=15111"}],"wp:term":[{"taxonomy":"product_brand","embeddable":true,"href":"https:\/\/utbcenter.sj-school.se\/en\/wp-json\/wp\/v2\/product_brand?post=15111"},{"taxonomy":"product_cat","embeddable":true,"href":"https:\/\/utbcenter.sj-school.se\/en\/wp-json\/wp\/v2\/product_cat?post=15111"},{"taxonomy":"product_tag","embeddable":true,"href":"https:\/\/utbcenter.sj-school.se\/en\/wp-json\/wp\/v2\/product_tag?post=15111"}],"curies":[{"name":"wp","href":"https:\/\/api.w.org\/{rel}","templated":true}]}}