{"id":15500,"date":"2019-10-18T08:20:58","date_gmt":"2019-10-18T06:20:58","guid":{"rendered":"https:\/\/utbcenter.sj-school.se\/?post_type=product&#038;p=15500"},"modified":"2019-11-01T21:44:41","modified_gmt":"2019-11-01T20:44:41","slug":"test-aterkommande","status":"publish","type":"product","link":"https:\/\/utbcenter.sj-school.se\/en\/product\/test-aterkommande\/","title":{"rendered":"Test -\u00c5terkommande"},"content":{"rendered":"<h3>Soul &amp; Heart Medlemsutbildning &#8211; Ett samlingspaket med 7 kurser som ing\u00e5r.<\/h3>\n<p>En onlineutbildning f\u00f6r personlig utveckling och inre kunskap. H\u00e4r kan du bli m\u00e5nadsmedlem med 100% n\u00f6jd medlemsgaranti, \u00e4r du inte n\u00f6jd f\u00e5r du pengarna tillbaka. Sj\u00e4lvklart kan du avsluta ditt medlemskap n\u00e4r du vill!<\/p>\n<p>L\u00e4r dig att \u00e4lska dig sj\u00e4lv och \u00f6ka din sj\u00e4lvk\u00e4nsla och ditt sj\u00e4lvf\u00f6rtroende. Hitta hem&#8230; till Dig sj\u00e4lv!<\/p>\n<p><iframe loading=\"lazy\" title=\"V\u00e4lm\u00e5ende och inre balans\" width=\"500\" height=\"281\" src=\"https:\/\/www.youtube.com\/embed\/OVLaJw_a4Go?feature=oembed\" frameborder=\"0\" allow=\"accelerometer; autoplay; clipboard-write; encrypted-media; gyroscope; picture-in-picture; web-share\" referrerpolicy=\"strict-origin-when-cross-origin\" allowfullscreen><\/iframe><\/p>\n<h2>V\u00e4lm\u00e5ende, inre balans och stresshantering<\/h2>\n<p>M\u00e5nga tror att det \u00e4r sv\u00e5rt eller om\u00f6jligt att l\u00e4ra sig att m\u00e5 bra i livet \u2013 i vardagen. En del tror att det tar l\u00e5ng tid och att det \u00e4r sv\u00e5rt \u2013 det beh\u00f6ver det inte vara.<\/p>\n<p>N\u00e4r du har tillg\u00e5ng till de verktyg vi anv\u00e4nder, d\u00e5 kan \u00e4ven du p\u00e5 ett enkelt s\u00e4tt hantera din stress, och frustration, slippa din oro och din rastl\u00f6shet.<\/p>\n<h2>L\u00e4r dig enkla, effektiva tekniker f\u00f6r varaktigt v\u00e4lm\u00e5ende.<\/h2>\n<h1 class=\"container\">Du kan b\u00f6rja direkt!<\/h1>\n<h3>Samtliga 7 kursmoduler i medlemsutbildningen ing\u00e5r i paketet.<\/h3>\n<p><strong>1.\u00a0 B\u00f6rja h\u00e4r<\/strong><\/p>\n<p><strong>2.\u00a0 Dina bonusar<\/strong><\/p>\n<p><strong>3.\u00a0 Din Inre Balans<\/strong><\/p>\n<p><strong>4.\u00a0 Att Leva fr\u00e5n ditt hj\u00e4rta<\/strong><\/p>\n<p><strong>5.\u00a0 V\u00e4lm\u00e5ende f\u00f6r kropp och sj\u00e4l<\/strong><\/p>\n<p><strong>6.\u00a0 Hantera stress och oro<\/strong><\/p>\n<p><strong>7.\u00a0 Inre kunskap<\/strong><\/p>\n<p>&nbsp;<\/p>\n<p>&nbsp;<\/p>","protected":false},"excerpt":{"rendered":"<h3>Soul &amp; Heart Medlemsutbildning &#8211; Ett samlingspaket med 7 kurser som ing\u00e5r.<\/h3>\n<p>V\u00e4lj mellan att vara <a href=\"https:\/\/utbcenter.sj-school.se\/en\/product\/soul-heart-medlemsutbildning-manadsmedlem\/\">m\u00e5nadsmedlem<\/a> eller bli <a href=\"https:\/\/utbcenter.sj-school.se\/en\/product\/soul-heart-medlemsutbildning-permanent-medlem\/\">permanent medlem<\/a><\/p>\n<p>H\u00e4r kan du bli m\u00e5nadsmedlem med 100% n\u00f6jd medlemsgaranti, \u00e4r du inte n\u00f6jd f\u00e5r du pengarna tillbaka.<\/p>\n<p><em>Att vara m\u00e5nadsmedlem inneb\u00e4r att du betalar 79:- i m\u00e5naden automatiskt. Sj\u00e4lvklart kan du avsluta ditt medlemskap n\u00e4r du vill!<\/em><\/p>\n<p>H\u00e4r f\u00e5r du tillg\u00e5ng till sju olika kursmoduler som steg f\u00f6r steg l\u00e4r dig att leva fr\u00e5n ditt hj\u00e4rta, \u00f6ka din k\u00e4rlek till dig sj\u00e4lv, din sj\u00e4lvk\u00e4nsla och ditt sj\u00e4lvf\u00f6rtroende. Du l\u00e4r dig att hantera gr\u00e4nss\u00e4ttning, stress och mycket annat.<\/p>\n<p>Du kan ocks\u00e5 l\u00e4ra dig att n\u00e5 och arbeta med din egen kunskap \u2013 den som finns djupt inom Dig sj\u00e4lv \u2013 i ditt hj\u00e4rta. Du l\u00e4r dig att anv\u00e4nda den och att lita p\u00e5 den.<\/p>","protected":false},"featured_media":13650,"comment_status":"open","ping_status":"closed","template":"","meta":[],"product_brand":[],"product_cat":[92],"product_tag":[],"class_list":{"0":"post-15500","1":"product","2":"type-product","3":"status-publish","4":"has-post-thumbnail","6":"product_cat-samlingspaket","8":"first","9":"instock","10":"virtual","11":"sold-individually","12":"taxable","13":"purchasable","14":"product-type-subscription"},"_links":{"self":[{"href":"https:\/\/utbcenter.sj-school.se\/en\/wp-json\/wp\/v2\/product\/15500","targetHints":{"allow":["GET"]}}],"collection":[{"href":"https:\/\/utbcenter.sj-school.se\/en\/wp-json\/wp\/v2\/product"}],"about":[{"href":"https:\/\/utbcenter.sj-school.se\/en\/wp-json\/wp\/v2\/types\/product"}],"replies":[{"embeddable":true,"href":"https:\/\/utbcenter.sj-school.se\/en\/wp-json\/wp\/v2\/comments?post=15500"}],"wp:featuredmedia":[{"embeddable":true,"href":"https:\/\/utbcenter.sj-school.se\/en\/wp-json\/wp\/v2\/media\/13650"}],"wp:attachment":[{"href":"https:\/\/utbcenter.sj-school.se\/en\/wp-json\/wp\/v2\/media?parent=15500"}],"wp:term":[{"taxonomy":"product_brand","embeddable":true,"href":"https:\/\/utbcenter.sj-school.se\/en\/wp-json\/wp\/v2\/product_brand?post=15500"},{"taxonomy":"product_cat","embeddable":true,"href":"https:\/\/utbcenter.sj-school.se\/en\/wp-json\/wp\/v2\/product_cat?post=15500"},{"taxonomy":"product_tag","embeddable":true,"href":"https:\/\/utbcenter.sj-school.se\/en\/wp-json\/wp\/v2\/product_tag?post=15500"}],"curies":[{"name":"wp","href":"https:\/\/api.w.org\/{rel}","templated":true}]}}