{"id":18187,"date":"2019-12-17T07:32:11","date_gmt":"2019-12-17T06:32:11","guid":{"rendered":"https:\/\/utbcenter.sj-school.se\/?post_type=product&#038;p=18187"},"modified":"2026-02-22T10:48:42","modified_gmt":"2026-02-22T09:48:42","slug":"onlinekurs-energikanslig","status":"publish","type":"product","link":"https:\/\/utbcenter.sj-school.se\/en\/product\/onlinekurs-energikanslig\/","title":{"rendered":"Onlinekurs: F\u00f6r dig som \u00e4r energik\u00e4nslig"},"content":{"rendered":"<h2>Onlinekurs: F\u00f6r dig som \u00e4r energik\u00e4nslig.<\/h2>\n<p>Att vara energik\u00e4nslig borde k\u00e4nnas som en g\u00e5va \u2013 l\u00e4r dig hur du kan hantera det och m\u00e5 bra p\u00e5 samma g\u00e5ng.<\/p>\n<h3>Varmt v\u00e4lkommen till en enklare v\u00e4rld<\/h3>\n<p>Vad menar jag med det?<br \/>\nJo, n\u00e4r du kan skydda dig fr\u00e5n energi som du inte m\u00e5r bra av \u2013 d\u00e5 blir ditt liv enklare och du m\u00e5r b\u00e4ttre.<\/p>\n<hr class=\"wp-block-separator is-style-wide\" \/>\n<div class=\"wp-block-spacer\" aria-hidden=\"true\"><\/div>\n<h3>Ditt liv blir b\u00e4ttre<\/h3>\n<p>N\u00e4r du kan skydda dig fr\u00e5n energi som du inte m\u00e5r bra av \u2013 d\u00e5 blir ditt liv enklare och du m\u00e5r b\u00e4ttre. Fler och fler m\u00e4nniskor \u00e4r energik\u00e4nsliga, det inneb\u00e4r att de uppfattar och blir p\u00e5verkade av andra m\u00e4nniskors energier.<\/p>\n<h2>Tillh\u00f6r \u00e4ven du denna v\u00e4xande skara m\u00e4nniskor som \u00e4r energik\u00e4nsliga?<\/h2>\n<h3>Ja, det \u00e4r du om du k\u00e4nner igen dig i f\u00f6ljande p\u00e5st\u00e5enden&#8230;<\/h3>\n<p><strong>Om du<\/strong>\u00a0blir stressad i mataff\u00e4ren en fredagseftermiddag s\u00e5 \u00e4r du energik\u00e4nslig.<\/p>\n<p><strong>Om du<\/strong>\u00a0kan \u201ck\u00e4nna i rummet\u201d att andra har br\u00e5kat innan du kom in, d\u00e5 \u00e4r du energik\u00e4nslig.<\/p>\n<p><strong>Om du<\/strong>\u00a0blir tr\u00f6tt i n\u00e4rheten av energitjuvar, d\u00e5 beh\u00f6ver du ett energiskydd.<\/p>\n<p><strong>Om du<\/strong>\u00a0har ett arbete d\u00e4r du m\u00f6ter andra m\u00e4nniskor i samtal eller behandlingar, d\u00e5 beh\u00f6ver du ett energiskydd.<\/p>\n<p><strong>Om du<\/strong>\u00a0har v\u00e4rk och ont i kroppen men vet inte riktigt varf\u00f6r, d\u00e5 beh\u00f6ver du ett energiskydd. Ja, denna lista kan g\u00f6ras hur l\u00e5ng som helst.<\/p>\n<p style=\"text-align: center;\"><em><strong>F\u00e5 reda p\u00e5 hur du kan anv\u00e4nda din energik\u00e4nslighet till n\u00e5got positivt och hur du mest effektivt aktiverar ditt energiskydd \u2013 en g\u00e5ng f\u00f6r alla.<\/strong><\/em><\/p>\n<p class=\"has-text-color has-background has-text-align-center has-cobalt-background-color\">","protected":false},"excerpt":{"rendered":"<p style=\"text-align: center;\"><strong><em>Du kan starta kursen direkt!<br \/>\nH\u00e4r jobbar du online, i din egen takt &#8211; n\u00e4r det passar dig b\u00e4st!<\/em><\/strong><\/p>\n<p>\u00c4r du energik\u00e4nslig? Fler och fler m\u00e4nniskor \u00e4r det och det inneb\u00e4r att de uppfattar och blir p\u00e5verkade av andra m\u00e4nniskors energier.<\/p>\n<p>Att vara energik\u00e4nslig kan vara en belastning men borde k\u00e4nnas som en g\u00e5va! L\u00e4r dig hur du kan hantera det p\u00e5 ett enkelt och naturligt s\u00e4tt &#8211; och m\u00e5 bra p\u00e5 samma g\u00e5ng.<\/p>\n<p>Eng\u00e5ngsbetalning &#8211; Du f\u00e5r livstids tillg\u00e5ng till kursen och kan repetera och g\u00f6ra om den s\u00e5 m\u00e5nga g\u00e5nger du vill!<\/p>","protected":false},"featured_media":36642,"comment_status":"open","ping_status":"closed","template":"","meta":[],"product_brand":[],"product_cat":[93],"product_tag":[130,120,123,122,121],"class_list":{"0":"post-18187","1":"product","2":"type-product","3":"status-publish","4":"has-post-thumbnail","6":"product_cat-onlinekurs","7":"product_tag-energikanslig","8":"product_tag-karlek-till-dig-sjalv","9":"product_tag-kropp-och-sjal","10":"product_tag-livskvalite","11":"product_tag-valmaende","13":"first","14":"instock","15":"virtual","16":"sold-individually","17":"taxable","18":"purchasable","19":"product-type-course"},"_links":{"self":[{"href":"https:\/\/utbcenter.sj-school.se\/en\/wp-json\/wp\/v2\/product\/18187","targetHints":{"allow":["GET"]}}],"collection":[{"href":"https:\/\/utbcenter.sj-school.se\/en\/wp-json\/wp\/v2\/product"}],"about":[{"href":"https:\/\/utbcenter.sj-school.se\/en\/wp-json\/wp\/v2\/types\/product"}],"replies":[{"embeddable":true,"href":"https:\/\/utbcenter.sj-school.se\/en\/wp-json\/wp\/v2\/comments?post=18187"}],"wp:featuredmedia":[{"embeddable":true,"href":"https:\/\/utbcenter.sj-school.se\/en\/wp-json\/wp\/v2\/media\/36642"}],"wp:attachment":[{"href":"https:\/\/utbcenter.sj-school.se\/en\/wp-json\/wp\/v2\/media?parent=18187"}],"wp:term":[{"taxonomy":"product_brand","embeddable":true,"href":"https:\/\/utbcenter.sj-school.se\/en\/wp-json\/wp\/v2\/product_brand?post=18187"},{"taxonomy":"product_cat","embeddable":true,"href":"https:\/\/utbcenter.sj-school.se\/en\/wp-json\/wp\/v2\/product_cat?post=18187"},{"taxonomy":"product_tag","embeddable":true,"href":"https:\/\/utbcenter.sj-school.se\/en\/wp-json\/wp\/v2\/product_tag?post=18187"}],"curies":[{"name":"wp","href":"https:\/\/api.w.org\/{rel}","templated":true}]}}