{"id":18472,"date":"2019-12-17T16:16:37","date_gmt":"2019-12-17T15:16:37","guid":{"rendered":"https:\/\/utbcenter.sj-school.se\/?post_type=product&#038;p=18472"},"modified":"2026-02-22T10:48:26","modified_gmt":"2026-02-22T09:48:26","slug":"onlinekurs-lev-utan-stress","status":"publish","type":"product","link":"https:\/\/utbcenter.sj-school.se\/en\/product\/onlinekurs-lev-utan-stress\/","title":{"rendered":"Onlinekurs: Lev utan stress och oro"},"content":{"rendered":"<p>Att l\u00e4ra sig leva utan stress och oro \u00e4r bland det mest grundl\u00e4ggande vi beh\u00f6ver g\u00f6ra. Du f\u00e5r l\u00e4ra dig hur du ser p\u00e5 stress p\u00e5 ett annat s\u00e4tt och hur du d\u00e4rmed kan stoppa det m\u00f6nster som orsakar din stress och din oro.<\/p>\n<p><iframe loading=\"lazy\" title=\"Du kan leva utan stress och m\u00e5 b\u00e4ttre\" width=\"500\" height=\"281\" src=\"https:\/\/www.youtube.com\/embed\/uY9qx_GAm6M?feature=oembed\" frameborder=\"0\" allow=\"accelerometer; autoplay; clipboard-write; encrypted-media; gyroscope; picture-in-picture; web-share\" referrerpolicy=\"strict-origin-when-cross-origin\" allowfullscreen><\/iframe><\/p>\n<p>Det finns alltid olika s\u00e4tt att hantera och l\u00e4ka problem. Vi har arbetat med dessa fr\u00e5gor i mer \u00e4n 20 \u00e5r och har genom \u00e5ren m\u00f6tt m\u00e4ngder av klienter som haft problem med stress och oro. Den som en g\u00e5ng upplevt stress p\u00e5 en skadlig niv\u00e5 vet att det \u00e4r n\u00f6dv\u00e4ndigt att g\u00f6ra n\u00e5got \u00e5t det.<\/p>\n<p>Denna metod l\u00e4r dig hantera stress, oro, \u00e5ngest och negativa tankar p\u00e5 ett nytt s\u00e4tt som fungerar och som f\u00e5r dig att m\u00e5 bra, \u00e4ven i vardagen. Du kommer att l\u00e4ra dig hantera det p\u00e5 ett balanserat och k\u00e4rleksfullt s\u00e4tt, balanserat och k\u00e4rleksfullt mot dig sj\u00e4lv.<\/p>\n<hr \/>\n<h3>I online kursen<\/h3>\n<h2>Lev utan Stress och Oro<\/h2>\n<p>&#8230;f\u00e5r du enkla och effektiva verktyg och l\u00e4r dig tekniker att arbeta med.<br \/>\nDu l\u00e4r dig steg f\u00f6r steg i egen takt hur du ska g\u00f6ra.<\/p>","protected":false},"excerpt":{"rendered":"<p style=\"text-align: center;\"><strong><em>Du kan starta kursen direkt!<br \/>\nH\u00e4r jobbar du online, i din egen takt &#8211; n\u00e4r det passar dig b\u00e4st!<\/em><\/strong><\/p>\n<p>Det h\u00e4r \u00e4r en kurs f\u00f6r dig som verkligen vill kunna bryta dina m\u00f6nster med stress och oro. Att l\u00e4ra sig leva utan stress och oro \u00e4r bland det mest grundl\u00e4ggande vi beh\u00f6ver g\u00f6ra. Du f\u00e5r l\u00e4ra dig hur du ser p\u00e5 stress p\u00e5 ett annat s\u00e4tt och hur du d\u00e4rmed kan stoppa det m\u00f6nster som orsakar din stress och din oro.<\/p>\n<p>N\u00e4r du kan v\u00e4lja bort stressen, n\u00e4r du kan sluta att oroa dig f\u00f6r sm\u00e5saker, d\u00e5 blir ditt liv enklare. Det blir l\u00e4ttare f\u00f6r dig att m\u00e5 bra och att l\u00e4gga din energi p\u00e5 det som ger dig gl\u00e4dje och positiv energi ist\u00e4llet.<\/p>\n<h3>Tre onlinekurser ing\u00e5r!<\/h3>\n<ol>\n<li>Lev utan stress och Oro<\/li>\n<li>Din inre balans<\/li>\n<li>V\u00e4lm\u00e5ende f\u00f6r kropp och sj\u00e4l<\/li>\n<\/ol>\n<p>Eng\u00e5ngsbetalning &#8211; Du f\u00e5r livstids tillg\u00e5ng till kursen och kan repetera och g\u00f6ra om den s\u00e5 m\u00e5nga g\u00e5nger du vill!<\/p>","protected":false},"featured_media":36644,"comment_status":"open","ping_status":"closed","template":"","meta":[],"product_brand":[],"product_cat":[93],"product_tag":[130,120,123,122,121],"class_list":{"0":"post-18472","1":"product","2":"type-product","3":"status-publish","4":"has-post-thumbnail","6":"product_cat-onlinekurs","7":"product_tag-energikanslig","8":"product_tag-karlek-till-dig-sjalv","9":"product_tag-kropp-och-sjal","10":"product_tag-livskvalite","11":"product_tag-valmaende","13":"first","14":"instock","15":"virtual","16":"sold-individually","17":"taxable","18":"purchasable","19":"product-type-course"},"_links":{"self":[{"href":"https:\/\/utbcenter.sj-school.se\/en\/wp-json\/wp\/v2\/product\/18472","targetHints":{"allow":["GET"]}}],"collection":[{"href":"https:\/\/utbcenter.sj-school.se\/en\/wp-json\/wp\/v2\/product"}],"about":[{"href":"https:\/\/utbcenter.sj-school.se\/en\/wp-json\/wp\/v2\/types\/product"}],"replies":[{"embeddable":true,"href":"https:\/\/utbcenter.sj-school.se\/en\/wp-json\/wp\/v2\/comments?post=18472"}],"wp:featuredmedia":[{"embeddable":true,"href":"https:\/\/utbcenter.sj-school.se\/en\/wp-json\/wp\/v2\/media\/36644"}],"wp:attachment":[{"href":"https:\/\/utbcenter.sj-school.se\/en\/wp-json\/wp\/v2\/media?parent=18472"}],"wp:term":[{"taxonomy":"product_brand","embeddable":true,"href":"https:\/\/utbcenter.sj-school.se\/en\/wp-json\/wp\/v2\/product_brand?post=18472"},{"taxonomy":"product_cat","embeddable":true,"href":"https:\/\/utbcenter.sj-school.se\/en\/wp-json\/wp\/v2\/product_cat?post=18472"},{"taxonomy":"product_tag","embeddable":true,"href":"https:\/\/utbcenter.sj-school.se\/en\/wp-json\/wp\/v2\/product_tag?post=18472"}],"curies":[{"name":"wp","href":"https:\/\/api.w.org\/{rel}","templated":true}]}}