{"id":21929,"date":"2020-09-02T20:23:43","date_gmt":"2020-09-02T18:23:43","guid":{"rendered":"https:\/\/utbcenter.sj-school.se\/?post_type=product&#038;p=21929"},"modified":"2025-06-03T11:23:37","modified_gmt":"2025-06-03T09:23:37","slug":"meditationsdag-10-15","status":"publish","type":"product","link":"https:\/\/utbcenter.sj-school.se\/en\/product\/meditationsdag-10-15\/","title":{"rendered":"Meditationsdag 31\/5-2025. Delta 10-15 via Zoom"},"content":{"rendered":"<p><strong>\u00c4ntligen \u00e4r det tid f\u00f6r en ny meditationsdag!<\/strong><\/p>\n<p><em>Dessa dagar \u00e4r till f\u00f6r att \u00f6ka din kunskap och h\u00f6ja ditt medvetande samt f\u00f6r att arbeta med det kollektiva medvetandet. Vi kommer att meditera, samtala, f\u00f6rklara och gemensamt h\u00f6ja b\u00e5de din och gruppens kunskaps och medvetandeniv\u00e5.<\/em><\/p>\n<p><em>Tiden vi lever i \u00e4r intensiv p\u00e5 flera s\u00e4tt, detta \u00e4r ett bra tillf\u00e4lle att \u00f6ka sin kunskap och sitt medvetande.<\/em><\/p>\n<p><strong><em>Du g\u00f6r detta b\u00e5de f\u00f6r dig sj\u00e4lv och f\u00f6r det kollektiva medvetandet.<\/em><\/strong><\/p>\n<p><strong>Praktiskt: <\/strong>Vi tr\u00e4ffas mellan 10-15, med uppeh\u00e5ll f\u00f6r lunch mellan 12-13. En mindre grupp kommer att vara h\u00e4r, p\u00e5 plats hos mig i H\u00e4rhult &#8211; resten av deltagarna ansluter online. Plattformen vi anv\u00e4nder \u00e4r Zoom som \u00e4r smidig och l\u00e4tt att hantera b\u00e5de f\u00f6r deltagare och ledare.<\/p>\n<p>Du deltar i meditationsdagen via din dator eller telefon i realtid. Precis som i n\u00e4r vi har en fysisk meditationsdag, varierar vi mellan f\u00f6rklaringar, samtal och meditation. D\u00e5 kvalitet \u00e4r viktigt f\u00f6r oss har vi noga testat tekniken och k\u00e4nner oss trygga med att vi kan bevara b\u00e5de kvalitet och engagemang genom att anv\u00e4nda Zoom.<\/p>\n<h2>Det \u00e4r l\u00e4tt att delta!<\/h2>\n<p>Delta direkt fr\u00e5n &#8221;Mina Kurser&#8221;, h\u00e4r hittar du Meditationsdagen 10-15, klicka p\u00e5 den och v\u00e4lj STARTA M\u00d6TET.<\/p>\n<p>\u00c4r det f\u00f6rsta g\u00e5ngen du deltar online, rekommenderar jag att du startar 10-15 minuter f\u00f6re utsatt tid s\u00e5 du har all teknik ig\u00e5ng. Om du har n\u00e5gra problem med att f\u00f6rst\u00e5 instruktionerna kan du helt enkelt ringa mig p\u00e5 telefon 0733-327043 s\u00e5 hj\u00e4lper jag dig ig\u00e5ng.<\/p>\n<h3>Varmt v\u00e4lkommen att vara med<\/h3>\n<p>\/\/ Susanne J\u00f6nsson<\/p>","protected":false},"excerpt":{"rendered":"<p><strong>Det \u00e4r tid f\u00f6r en ny meditationsdag! Heldag mellan 10-15.\u00a0 Deltagande via Zoom<\/strong><\/p>\n<p>Dessa dagar \u00e4r till f\u00f6r att \u00f6ka din kunskap och h\u00f6ja ditt medvetande samt f\u00f6r att arbeta med det kollektiva medvetandet. Vi kommer att meditera, samtala, f\u00f6rklara och gemensamt h\u00f6ja b\u00e5de din och gruppens kunskaps och medvetandeniv\u00e5.<\/p>\n<p>Du \u00e4r v\u00e4lkommen att delta hela dagen mellan 10-15, p\u00e5 f\u00f6rmidagen g\u00e5r vi igenom grund meditationerna och efter lunch f\u00f6rdjupar vi arbetet tillsammans.<\/p>\n<h5>F\u00f6rkunskap: H\u00f6gre Medvetande 2, Aktivera din Merkaba<br \/>\nOBS! Kontakta Susanne f\u00f6r platsbekr\u00e4ftelse innan du bokar din plats.<\/h5>\n<p><a href=\"https:\/\/utbcenter.sj-school.se\/en\/product\/meditationsdag-10-12\/\">\u00a0Byt till deltagande mellan 10-12<\/a><\/p>\n<p><strong>OBS!<\/strong> Endast deltagande live \u2013 dagen spelas\u00a0inte\u00a0in.<\/p>","protected":false},"featured_media":20146,"comment_status":"open","ping_status":"closed","template":"","meta":[],"product_brand":[],"product_cat":[135],"product_tag":[],"class_list":{"0":"post-21929","1":"product","2":"type-product","3":"status-publish","4":"has-post-thumbnail","6":"product_cat-zoom","8":"first","9":"instock","10":"virtual","11":"sold-individually","12":"taxable","13":"product-type-course"},"_links":{"self":[{"href":"https:\/\/utbcenter.sj-school.se\/en\/wp-json\/wp\/v2\/product\/21929","targetHints":{"allow":["GET"]}}],"collection":[{"href":"https:\/\/utbcenter.sj-school.se\/en\/wp-json\/wp\/v2\/product"}],"about":[{"href":"https:\/\/utbcenter.sj-school.se\/en\/wp-json\/wp\/v2\/types\/product"}],"replies":[{"embeddable":true,"href":"https:\/\/utbcenter.sj-school.se\/en\/wp-json\/wp\/v2\/comments?post=21929"}],"wp:featuredmedia":[{"embeddable":true,"href":"https:\/\/utbcenter.sj-school.se\/en\/wp-json\/wp\/v2\/media\/20146"}],"wp:attachment":[{"href":"https:\/\/utbcenter.sj-school.se\/en\/wp-json\/wp\/v2\/media?parent=21929"}],"wp:term":[{"taxonomy":"product_brand","embeddable":true,"href":"https:\/\/utbcenter.sj-school.se\/en\/wp-json\/wp\/v2\/product_brand?post=21929"},{"taxonomy":"product_cat","embeddable":true,"href":"https:\/\/utbcenter.sj-school.se\/en\/wp-json\/wp\/v2\/product_cat?post=21929"},{"taxonomy":"product_tag","embeddable":true,"href":"https:\/\/utbcenter.sj-school.se\/en\/wp-json\/wp\/v2\/product_tag?post=21929"}],"curies":[{"name":"wp","href":"https:\/\/api.w.org\/{rel}","templated":true}]}}