{"id":22470,"date":"2020-10-12T16:36:30","date_gmt":"2020-10-12T14:36:30","guid":{"rendered":"https:\/\/utbcenter.sj-school.se\/?post_type=product&#038;p=22470"},"modified":"2022-09-24T08:17:43","modified_gmt":"2022-09-24T06:17:43","slug":"zoom-kvallskurs","status":"publish","type":"product","link":"https:\/\/utbcenter.sj-school.se\/en\/product\/zoom-kvallskurs\/","title":{"rendered":"Livekurs i 4 steg: Utforska kunskapen i ditt hj\u00e4rta"},"content":{"rendered":"<p>Under fyra kv\u00e4llar mellan ca 18 och 20 tr\u00e4ffas vi online via Zoom. Nu f\u00e5r du m\u00f6jligheten att utforska rummen i ditt hj\u00e4rta. H\u00e4r kommer du \u00e5t din inre kunskap och du f\u00e5r l\u00e4ra dig att utforska och arbeta med den p\u00e5 ett medvetet plan.<\/p>\n<h2 id=\"h-utforska-rummen-i-ditt-hj-rta\">Utforska rummen i ditt hj\u00e4rta<\/h2>\n<p><img loading=\"lazy\" decoding=\"async\" class=\"alignleft wp-image-11579\" src=\"https:\/\/utbcenter.sj-school.se\/wp-content\/uploads\/2019\/05\/Founder-Soul-Heart-Journey-Susanne-Jonsson-249x300.png\" alt=\"Susanne J\u00f6nsso Soul Heart Journey School\" width=\"199\" height=\"240\" srcset=\"https:\/\/utbcenter.sj-school.se\/wp-content\/uploads\/2019\/05\/Founder-Soul-Heart-Journey-Susanne-Jonsson-249x300.png 249w, https:\/\/utbcenter.sj-school.se\/wp-content\/uploads\/2019\/05\/Founder-Soul-Heart-Journey-Susanne-Jonsson-83x100.png 83w, https:\/\/utbcenter.sj-school.se\/wp-content\/uploads\/2019\/05\/Founder-Soul-Heart-Journey-Susanne-Jonsson.png 315w\" sizes=\"auto, (max-width: 199px) 100vw, 199px\" \/><\/p>\n<p>I ditt hj\u00e4rta finns tv\u00e5 viktiga rum, och nu kommer du att l\u00e4ra dig hur du arbetar med kunskapen som finns tillg\u00e4nglig h\u00e4r.<\/p>\n<p>I ditt Stj\u00e4rnrum \u00e4r du i kontakt med allt och alla \u2013 h\u00e4r l\u00e4r du dig att f\u00f6rdjupa dina meditationen.<\/p>\n<p>Du f\u00e5r ocks\u00e5 l\u00e4ra dig hur attraktionslagen och skapelseprocessen fungerar \u2013 med utg\u00e5ngspunkt fr\u00e5n ditt hj\u00e4rta.<\/p>\n<p>I det f\u00f6rsta rummet handlar allting om Dig! Allt du n\u00e5gonsin vetat, upplevt och kunnat finns h\u00e4r. Du kan finna din inre kunskap, l\u00e4ka din kropp, f\u00f6rst\u00e5 ditt st\u00f6rre syfte, sl\u00e4ppa r\u00e4dslor, f\u00f6rl\u00e5ta allt du \u00f6nskar och mycket mer.<\/p>\n<p>Det finns en o\u00e4ndlig m\u00e4ngd information i detta rum, nu f\u00e5r du l\u00e4ra dig att hitta den och att arbeta medvetet med den.<\/p>\n<p>Detta \u00e4r en forts\u00e4ttningskurs f\u00f6r dig som kan hj\u00e4rtmeditationen.<br \/>\nOBS! Begr\u00e4nsat antal platser.<\/p>\n<h3 id=\"h-fyra-m-ndagar-mellan-18-00-19-30\">Fyra kv\u00e4llar mellan 18,00 \u2013 20.00<\/h3>\n<p>Med Susanne J\u00f6nsson<\/p>\n<h2 id=\"h-det-r-l-tt-att-delta\">Det \u00e4r l\u00e4tt att delta!<\/h2>\n<p>F\u00f6rsta g\u00e5ngen du deltar rekommenderar jag att du startar 10-15 minuter f\u00f6re utsatt tid s\u00e5 du har all teknik ig\u00e5ng. Om du har n\u00e5gra problem med att f\u00f6rst\u00e5 instruktionerna kan du helt enkelt ringa mig p\u00e5 telefon 0733-327043 s\u00e5 hj\u00e4lper jag dig ig\u00e5ng.<\/p>\n<p>Vi kommer att ha fyra h\u00e4rliga kv\u00e4llar tillsammans, om du missar en kv\u00e4ll har du tillg\u00e5ng till inspelningen permanent efter\u00e5t.<\/p>\n<h3 id=\"h-varmt-v-lkommen-att-vara-med\">Varmt v\u00e4lkommen att vara med!<\/h3>\n<p>\/\/ Susanne J\u00f6nsson<\/p>","protected":false},"excerpt":{"rendered":"<p>Under fyra kv\u00e4llar mellan 18 och 20 tr\u00e4ffas vi online via Zoom. Nu f\u00e5r du m\u00f6jligheten att utforska rummen i ditt hj\u00e4rta. H\u00e4r kommer du \u00e5t din inre kunskap och du f\u00e5r l\u00e4ra dig att utforska och arbeta med den p\u00e5 ett medvetet plan.<\/p>\n<p><strong>Vi tr\u00e4ffas m\u00e5ndagar den 29\/8, 5\/9, 12\/9, 19\/9 &#8211; 2022<\/strong><\/p>\n<h4>Registreringen \u00e4r st\u00e4ngd f\u00f6r denna g\u00e5ng, v\u00e4lkommen tillbaka vid n\u00e4sta kurstillf\u00e4lle<\/h4>","protected":false},"featured_media":31809,"comment_status":"open","ping_status":"closed","template":"","meta":[],"product_brand":[],"product_cat":[135],"product_tag":[],"class_list":{"0":"post-22470","1":"product","2":"type-product","3":"status-publish","4":"has-post-thumbnail","6":"product_cat-zoom","8":"first","9":"instock","10":"featured","11":"virtual","12":"sold-individually","13":"taxable","14":"product-type-course"},"_links":{"self":[{"href":"https:\/\/utbcenter.sj-school.se\/en\/wp-json\/wp\/v2\/product\/22470","targetHints":{"allow":["GET"]}}],"collection":[{"href":"https:\/\/utbcenter.sj-school.se\/en\/wp-json\/wp\/v2\/product"}],"about":[{"href":"https:\/\/utbcenter.sj-school.se\/en\/wp-json\/wp\/v2\/types\/product"}],"replies":[{"embeddable":true,"href":"https:\/\/utbcenter.sj-school.se\/en\/wp-json\/wp\/v2\/comments?post=22470"}],"wp:featuredmedia":[{"embeddable":true,"href":"https:\/\/utbcenter.sj-school.se\/en\/wp-json\/wp\/v2\/media\/31809"}],"wp:attachment":[{"href":"https:\/\/utbcenter.sj-school.se\/en\/wp-json\/wp\/v2\/media?parent=22470"}],"wp:term":[{"taxonomy":"product_brand","embeddable":true,"href":"https:\/\/utbcenter.sj-school.se\/en\/wp-json\/wp\/v2\/product_brand?post=22470"},{"taxonomy":"product_cat","embeddable":true,"href":"https:\/\/utbcenter.sj-school.se\/en\/wp-json\/wp\/v2\/product_cat?post=22470"},{"taxonomy":"product_tag","embeddable":true,"href":"https:\/\/utbcenter.sj-school.se\/en\/wp-json\/wp\/v2\/product_tag?post=22470"}],"curies":[{"name":"wp","href":"https:\/\/api.w.org\/{rel}","templated":true}]}}