{"id":25194,"date":"2021-05-24T21:33:47","date_gmt":"2021-05-24T19:33:47","guid":{"rendered":"https:\/\/utbcenter.sj-school.se\/?post_type=product&#038;p=25194"},"modified":"2025-04-11T08:18:21","modified_gmt":"2025-04-11T06:18:21","slug":"meditationsdag-efter-lunch","status":"publish","type":"product","link":"https:\/\/utbcenter.sj-school.se\/en\/product\/meditationsdag-efter-lunch\/","title":{"rendered":"Meditationsdag 20\/5-2023 -Delta efter lunch via Zoom"},"content":{"rendered":"<h3>Varmt v\u00e4lkommen att vara med!<\/h3>\n<p>\/\/ Susanne J\u00f6nsson<\/p>","protected":false},"excerpt":{"rendered":"<p><strong>Det h\u00e4r \u00e4r enbart f\u00f6r dig som deltagit f\u00f6re lunch som nyb\u00f6rjare, men som k\u00e4nner nu att du vill vara med \u00e4ven efter lunch. Vi startar 13,00, v\u00e4nligen anslut via Zoom i god tid innan dess.<\/strong><\/p>","protected":false},"featured_media":20146,"comment_status":"open","ping_status":"closed","template":"","meta":[],"product_brand":[],"product_cat":[135],"product_tag":[],"class_list":{"0":"post-25194","1":"product","2":"type-product","3":"status-publish","4":"has-post-thumbnail","6":"product_cat-zoom","8":"first","9":"instock","10":"virtual","11":"sold-individually","12":"taxable","13":"product-type-course"},"_links":{"self":[{"href":"https:\/\/utbcenter.sj-school.se\/en\/wp-json\/wp\/v2\/product\/25194","targetHints":{"allow":["GET"]}}],"collection":[{"href":"https:\/\/utbcenter.sj-school.se\/en\/wp-json\/wp\/v2\/product"}],"about":[{"href":"https:\/\/utbcenter.sj-school.se\/en\/wp-json\/wp\/v2\/types\/product"}],"replies":[{"embeddable":true,"href":"https:\/\/utbcenter.sj-school.se\/en\/wp-json\/wp\/v2\/comments?post=25194"}],"wp:featuredmedia":[{"embeddable":true,"href":"https:\/\/utbcenter.sj-school.se\/en\/wp-json\/wp\/v2\/media\/20146"}],"wp:attachment":[{"href":"https:\/\/utbcenter.sj-school.se\/en\/wp-json\/wp\/v2\/media?parent=25194"}],"wp:term":[{"taxonomy":"product_brand","embeddable":true,"href":"https:\/\/utbcenter.sj-school.se\/en\/wp-json\/wp\/v2\/product_brand?post=25194"},{"taxonomy":"product_cat","embeddable":true,"href":"https:\/\/utbcenter.sj-school.se\/en\/wp-json\/wp\/v2\/product_cat?post=25194"},{"taxonomy":"product_tag","embeddable":true,"href":"https:\/\/utbcenter.sj-school.se\/en\/wp-json\/wp\/v2\/product_tag?post=25194"}],"curies":[{"name":"wp","href":"https:\/\/api.w.org\/{rel}","templated":true}]}}