{"id":27466,"date":"2021-10-20T19:57:23","date_gmt":"2021-10-20T17:57:23","guid":{"rendered":"https:\/\/utbcenter.sj-school.se\/?post_type=product&#038;p=27466"},"modified":"2026-02-22T10:48:12","modified_gmt":"2026-02-22T09:48:12","slug":"dagens-tips","status":"publish","type":"product","link":"https:\/\/utbcenter.sj-school.se\/en\/product\/dagens-tips\/","title":{"rendered":"Onlinekurs: F\u00e5 dagens tips! S\u00e5 stannar du kvar i ditt hj\u00e4rta"},"content":{"rendered":"<div class=\"h-global-transition-all h-heading style-6755 style-local-10888-c5 position-relative h-element\" data-colibri-id=\"10888-c5\">\n<div class=\"h-heading__outer style-6755 style-local-10888-c5\"><\/div>\n<\/div>\n<div class=\"h-text h-text-component style-6756 style-local-10888-c6 position-relative h-element\" data-colibri-id=\"10888-c6\">\n<div class=\"\">\n<h2>Du kan hantera fler situationer \u00e4n du tror!<\/h2>\n<\/div>\n<\/div>\n<div class=\"wp-block-image\">\n<figure class=\"alignright size-large is-resized\"><img loading=\"lazy\" decoding=\"async\" class=\"wp-image-27411\" src=\"https:\/\/utbcenter.sj-school.se\/wp-content\/uploads\/2021\/10\/Susanne-Jonsson-Helhetscentrum-497x1024.png\" sizes=\"auto, (max-width: 249px) 100vw, 249px\" srcset=\"https:\/\/utbcenter.sj-school.se\/wp-content\/uploads\/2021\/10\/Susanne-Jonsson-Helhetscentrum-497x1024.png 497w, https:\/\/utbcenter.sj-school.se\/wp-content\/uploads\/2021\/10\/Susanne-Jonsson-Helhetscentrum-146x300.png 146w, https:\/\/utbcenter.sj-school.se\/wp-content\/uploads\/2021\/10\/Susanne-Jonsson-Helhetscentrum-6x12.png 6w, https:\/\/utbcenter.sj-school.se\/wp-content\/uploads\/2021\/10\/Susanne-Jonsson-Helhetscentrum.png 532w\" alt=\"\" width=\"249\" height=\"512\" \/><\/figure>\n<\/div>\n<p>Vi m\u00f6ter motst\u00e5nd p\u00e5 m\u00e5nga olika s\u00e4tt i v\u00e5r vardag. N\u00e4r du kommer ih\u00e5g att utg\u00e5 fr\u00e5n ditt hj\u00e4rta blir det ocks\u00e5 mycket l\u00e4ttare f\u00f6r dig att h\u00e5lla dig lugn, att v\u00e4lja n\u00e4r du vill agera och att k\u00e4nna dig stark och stabil i din inre balans.<\/p>\n<p id=\"h-v-lj-vad-du-beh-ver-hj-lp-med-idag\" class=\"has-black-color has-text-color\"><strong>V\u00e4lj vad du beh\u00f6ver hj\u00e4lp med idag.<\/strong><\/p>\n<p>Kanske \u00e4r det mer gl\u00e4dje? Eller att k\u00e4nna dig lugn i ditt inre \u2013 \u00e4ven n\u00e4r det stormar runt omkring dig? Att vara n\u00f6jd med dig sj\u00e4lv och din vardag? Kanske l\u00e4ngtar du efter att ha starkare sj\u00e4lvk\u00e4nsla och b\u00e4ttre sj\u00e4lvf\u00f6rtroende?<\/p>\n<p id=\"h-f-dagens-tips-stanna-kvar-i-ditt-hj-rta-och-ka-ditt-v-lm-ende\" class=\"has-black-color has-text-color\"><strong>F\u00e5 dagens tips, stanna kvar i ditt hj\u00e4rta och \u00f6ka ditt v\u00e4lm\u00e5ende.<\/strong><\/p>\n<p>Hitta tillbaka till gl\u00e4djen och v\u00e4lm\u00e5endet i ditt liv. \u00d6ka ditt sj\u00e4lvf\u00f6rtroende och din sj\u00e4lvk\u00e4nsla och k\u00e4nn hur din inre balans blir tydligare och starkare. Du v\u00e4ljer sj\u00e4lv vad du beh\u00f6ver hj\u00e4lp att hantera just idag.<\/p>\n<div class=\"h-global-transition-all h-heading style-5177 style-local-8460-c28 position-relative h-element\" data-colibri-id=\"8460-c28\">\n<div class=\"h-heading__outer style-5177 style-local-8460-c28\">\n<h5 class=\"\">ENKELT ATT DELTA<\/h5>\n<\/div>\n<\/div>\n<div class=\"h-text h-text-component style-5178 style-local-8460-c29 position-relative h-element\" data-colibri-id=\"8460-c29\">\n<div class=\"\">\n<p>Du v\u00e4ljer ett tips n\u00e4r du beh\u00f6ver det! Vi har \u00f6ppet dygnet runt, sju dagar i veckan. Anv\u00e4nd den teknik du tycker om, dator, telefon eller surfplatta, allt fungerar lika bra.<\/p>\n<\/div>\n<\/div>\n<p class=\"has-black-color has-text-color\"><em><strong>Stanna kvar i ditt hj\u00e4rta \u2013 Det \u00e4r du v\u00e4rd!<\/strong><\/em><\/p>\n<p>\/\/ Susanne J\u00f6nsson<br \/>\nHelhetsCentrum<\/p>","protected":false},"excerpt":{"rendered":"<div class=\"h-global-transition-all h-heading style-6755 style-local-10888-c5 position-relative h-element\" data-colibri-id=\"10888-c5\">\n<div class=\"h-heading__outer style-6755 style-local-10888-c5\">\n<h2 class=\"\">Livet \u00e4r fantastiskt,\u00a0<em>men det kan<\/em> vara v\u00e4ldigt <em>kr\u00e4vande ibland!<\/em><\/h2>\n<\/div>\n<\/div>\n<div class=\"h-text h-text-component style-6756 style-local-10888-c6 position-relative h-element\" data-colibri-id=\"10888-c6\">\n<div class=\"\">\n<p>Du \u00e4r en person med ett stort hj\u00e4rta som vill v\u00e4l. Du har sv\u00e5rt f\u00f6r att s\u00e4ga nej, eftersom du verkligen vill att alla andra ska m\u00e5 bra.<\/p>\n<p><strong><em>Men du gl\u00f6mmer bort dig sj\u00e4lv ibland\u2026<\/em><\/strong><\/p>\n<p>Du blir stressad och orolig, tr\u00f6tt och sliten \u2013 och du vet egentligen hur du ska g\u00f6ra f\u00f6r att m\u00e5 bra. Det \u00e4r bara det att du gl\u00f6mmer bort att prioritera dig sj\u00e4lv.<\/p>\n<h3>K\u00e4nner du igen dig?<\/h3>\n<\/div>\n<\/div>\n<h3>F\u00e5 dagens tips, stanna kvar i ditt hj\u00e4rta och \u00f6ka ditt v\u00e4lm\u00e5ende.<\/h3>\n<p>Hitta tillbaka till gl\u00e4djen och v\u00e4lm\u00e5endet i ditt liv. \u00d6ka ditt sj\u00e4lvf\u00f6rtroende och din sj\u00e4lvk\u00e4nsla och k\u00e4nn hur din inre balans blir tydligare och starkare. Du v\u00e4ljer sj\u00e4lv vad du beh\u00f6ver hj\u00e4lp att hantera just idag.<\/p>\n<div class=\"icon-list d-flex justify-content-lg-center justify-content-md-center justify-content-center style-6767 style-local-10888-c41 position-relative h-element\" data-colibri-id=\"10888-c41\">\n<ul>\n<li class=\"d-flex h-col no-gutters align-items-lg-center align-items-md-center align-items-center list-item-text-wrapper\"><span class=\"list-text d-block\">Du f\u00e5r b\u00e5de guidade \u00f6vningar och praktiska tips.<\/span><\/li>\n<li class=\"list-container-divider d-flex justify-content-lg-center justify-content-md-center justify-content-center\">De tar mindre \u00e4n 5 minuter att g\u00f6ra \u2013 och fungerar direkt!<\/li>\n<li class=\"list-container-divider d-flex justify-content-lg-center justify-content-md-center justify-content-center\">BONUS! F\u00e5 E-boken Fem steg till Rikedom<\/li>\n<\/ul>\n<p class=\"list-container-divider d-flex justify-content-lg-center justify-content-md-center justify-content-center last-el-spacer\">F\u00e5 permanent tillg\u00e5ng till tipsen som \u00f6kar ditt v\u00e4lm\u00e5ende \u2013 varje dag!<\/p>\n<\/div>","protected":false},"featured_media":32852,"comment_status":"closed","ping_status":"closed","template":"","meta":[],"product_brand":[],"product_cat":[93],"product_tag":[],"class_list":{"0":"post-27466","1":"product","2":"type-product","3":"status-publish","4":"has-post-thumbnail","6":"product_cat-onlinekurs","8":"first","9":"instock","10":"featured","11":"virtual","12":"sold-individually","13":"taxable","14":"purchasable","15":"product-type-course"},"_links":{"self":[{"href":"https:\/\/utbcenter.sj-school.se\/en\/wp-json\/wp\/v2\/product\/27466","targetHints":{"allow":["GET"]}}],"collection":[{"href":"https:\/\/utbcenter.sj-school.se\/en\/wp-json\/wp\/v2\/product"}],"about":[{"href":"https:\/\/utbcenter.sj-school.se\/en\/wp-json\/wp\/v2\/types\/product"}],"replies":[{"embeddable":true,"href":"https:\/\/utbcenter.sj-school.se\/en\/wp-json\/wp\/v2\/comments?post=27466"}],"wp:featuredmedia":[{"embeddable":true,"href":"https:\/\/utbcenter.sj-school.se\/en\/wp-json\/wp\/v2\/media\/32852"}],"wp:attachment":[{"href":"https:\/\/utbcenter.sj-school.se\/en\/wp-json\/wp\/v2\/media?parent=27466"}],"wp:term":[{"taxonomy":"product_brand","embeddable":true,"href":"https:\/\/utbcenter.sj-school.se\/en\/wp-json\/wp\/v2\/product_brand?post=27466"},{"taxonomy":"product_cat","embeddable":true,"href":"https:\/\/utbcenter.sj-school.se\/en\/wp-json\/wp\/v2\/product_cat?post=27466"},{"taxonomy":"product_tag","embeddable":true,"href":"https:\/\/utbcenter.sj-school.se\/en\/wp-json\/wp\/v2\/product_tag?post=27466"}],"curies":[{"name":"wp","href":"https:\/\/api.w.org\/{rel}","templated":true}]}}