{"id":37156,"date":"2023-03-17T10:28:49","date_gmt":"2023-03-17T09:28:49","guid":{"rendered":"https:\/\/utbcenter.sj-school.se\/?post_type=product&#038;p=37156"},"modified":"2026-02-22T10:47:37","modified_gmt":"2026-02-22T09:47:37","slug":"onlinekurs-i-tre-delar-lemurien-och-atlantis","status":"publish","type":"product","link":"https:\/\/utbcenter.sj-school.se\/en\/product\/onlinekurs-i-tre-delar-lemurien-och-atlantis\/","title":{"rendered":"Onlinekurs: Lemurien och Atlantis, en resa i tiden"},"content":{"rendered":"<h3 id=\"h-ar-du-nyfiken-pa-vad-som-hande\">\u00c4r du nyfiken p\u00e5 vad som h\u00e4nde?<\/h3>\n<p><strong>Del 1\u00a0<\/strong><\/p>\n<ul>\n<li><em>Varf\u00f6r \u00e4r v\u00e5r Jord s\u00e5 viktig &#8211; p\u00e5 s\u00e5 m\u00e5nga plan?<\/em><\/li>\n<li><em>F\u00e5 svar p\u00e5 vad som h\u00e4nde f\u00f6r 26 000 \u00e5r sedan n\u00e4r Jorden f\u00f6ll ner till den 3:e dimensionen och varf\u00f6r det h\u00e4nde.<\/em><\/li>\n<li><em>Vad h\u00e4nde i Lemurien och dess arbete med kristaller<\/em><\/li>\n<li><em>Guidad \u00f6vning: Utforska dina undermedvetna minnen, var du med i Lemurien?<\/em><\/li>\n<\/ul>\n<p><strong>Del 2\u00a0<\/strong><\/p>\n<ul>\n<li><em>Visste du att Atlantis har funnits vid tre olika tillf\u00e4llen p\u00e5 tre olika platser p\u00e5 Jorden?\u00a0<\/em><\/li>\n<li><em>Vad h\u00e4nde i Atlantis 1 och Atlantis 2\u00a0<\/em><\/li>\n<li><em>Guidade \u00f6vningar: Utforska dina undermedvetna minnen fr\u00e5n Atlantis 1 och Atlantis 2<\/em><\/li>\n<\/ul>\n<p><strong>Del 3\u00a0<\/strong><\/p>\n<ul>\n<li>Det \u00e4r tid att utforska Atlantis 3<\/li>\n<li>Vad betyder &#8221;The point of no return?<\/li>\n<li>Hur p\u00e5verkas vi i modern tid av allt som h\u00e4nde?<\/li>\n<li>Guidad \u00f6vning: Utforska dina undermedvetna minnen, var du med i Atlantis 3?<\/li>\n<\/ul>\n<p>&nbsp;<\/p>\n<div class=\"h-global-transition-all h-heading style-5177 style-local-8460-c28 position-relative h-element\" data-colibri-id=\"8460-c28\">\n<div class=\"h-heading__outer style-5177 style-local-8460-c28\">\n<h5 class=\"\">ENKELT ATT DELTA<\/h5>\n<\/div>\n<\/div>\n<div class=\"h-text h-text-component style-5178 style-local-8460-c29 position-relative h-element\" data-colibri-id=\"8460-c29\">\n<div class=\"\">\n<p>Att vara med p\u00e5 en onlinekurs \u00e4r enkelt. Du ansluter via din dator, telefon eller surfplatta.<\/p>\n<p>Du har permanent tillg\u00e5ng till kursen, och kan se den s\u00e5 m\u00e5nga g\u00e5nger du vill.<\/p>\n<\/div>\n<\/div>","protected":false},"excerpt":{"rendered":"<h3 id=\"h-ar-du-nyfiken-pa-vad-som-hande\"><strong>Onlinekurs i tre delar som du <\/strong><strong>kan starta direkt!\u00a0<\/strong><\/h3>\n<p>Lemurien och Atlantis \u00e4r sp\u00e4nnande att utforska och vi \u00e4r m\u00e5nga som b\u00e4r minnen fr\u00e5n denna tid. I onlinekursen f\u00e5r deltagarna en djupare insikt om dessa vackra civilisationer och samtidigt utforska om de sj\u00e4lva har n\u00e5gra minnen h\u00e4rifr\u00e5n. Minnen som finns p\u00e5 en undermedveten niv\u00e5 men som i de \u00f6vningar vi g\u00f6r tillsammans kan bli ganska tydliga f\u00f6r deltagarna.<\/p>\n<p>Du har permanent tillg\u00e5ng till kursen, och kan se den s\u00e5 m\u00e5nga g\u00e5nger du vill.<\/p>","protected":false},"featured_media":37489,"comment_status":"open","ping_status":"closed","template":"","meta":[],"product_brand":[],"product_cat":[93],"product_tag":[],"class_list":{"0":"post-37156","1":"product","2":"type-product","3":"status-publish","4":"has-post-thumbnail","6":"product_cat-onlinekurs","8":"first","9":"instock","10":"sale","11":"featured","12":"virtual","13":"sold-individually","14":"taxable","15":"purchasable","16":"product-type-course"},"_links":{"self":[{"href":"https:\/\/utbcenter.sj-school.se\/en\/wp-json\/wp\/v2\/product\/37156","targetHints":{"allow":["GET"]}}],"collection":[{"href":"https:\/\/utbcenter.sj-school.se\/en\/wp-json\/wp\/v2\/product"}],"about":[{"href":"https:\/\/utbcenter.sj-school.se\/en\/wp-json\/wp\/v2\/types\/product"}],"replies":[{"embeddable":true,"href":"https:\/\/utbcenter.sj-school.se\/en\/wp-json\/wp\/v2\/comments?post=37156"}],"wp:featuredmedia":[{"embeddable":true,"href":"https:\/\/utbcenter.sj-school.se\/en\/wp-json\/wp\/v2\/media\/37489"}],"wp:attachment":[{"href":"https:\/\/utbcenter.sj-school.se\/en\/wp-json\/wp\/v2\/media?parent=37156"}],"wp:term":[{"taxonomy":"product_brand","embeddable":true,"href":"https:\/\/utbcenter.sj-school.se\/en\/wp-json\/wp\/v2\/product_brand?post=37156"},{"taxonomy":"product_cat","embeddable":true,"href":"https:\/\/utbcenter.sj-school.se\/en\/wp-json\/wp\/v2\/product_cat?post=37156"},{"taxonomy":"product_tag","embeddable":true,"href":"https:\/\/utbcenter.sj-school.se\/en\/wp-json\/wp\/v2\/product_tag?post=37156"}],"curies":[{"name":"wp","href":"https:\/\/api.w.org\/{rel}","templated":true}]}}