{"id":37534,"date":"2023-04-10T14:51:46","date_gmt":"2023-04-10T12:51:46","guid":{"rendered":"https:\/\/utbcenter.sj-school.se\/?post_type=product&#038;p=37534"},"modified":"2023-09-26T21:42:06","modified_gmt":"2023-09-26T19:42:06","slug":"prova-pa-1-timme-om-hantera-stress","status":"publish","type":"product","link":"https:\/\/utbcenter.sj-school.se\/en\/product\/prova-pa-1-timme-om-hantera-stress\/","title":{"rendered":"Prova P\u00e5 &#8211; 1 timme om Att hantera stress, \u00f6ka din sj\u00e4lvk\u00e4nsla, finn din livsuppgift &#8230;"},"content":{"rendered":"<div class=\"h-global-transition-all h-heading style-9995 style-local-22024-h25 position-relative h-element\" data-colibri-id=\"22024-h25\">\n<div class=\"h-heading__outer style-9995 style-local-22024-h25\">\n<h1 class=\"\">Prova p\u00e5! 1 timme om&#8230;<\/h1>\n<\/div>\n<\/div>\n<div class=\"h-lead h-text h-text-component style-9997 style-local-22024-h27 position-relative h-element\" data-colibri-id=\"22024-h27\">\n<div class=\"\">\n<p>Nu startar jag en ny serie av m\u00f6ten som jag kallar f\u00f6r\u00a0<strong>Prova p\u00e5! 1 timme om\u2026<\/strong>\u00a0och h\u00e4r fyller jag p\u00e5 med lite olika teman varje m\u00e5nad.<\/p>\n<p>\u00c4r du nyfiken p\u00e5 v\u00e5ra kurser och utbildningar och vill veta om det \u00e4r n\u00e5got f\u00f6r dig?<\/p>\n<p>H\u00e4r kan du vara med under en &#8221;Prova P\u00e5&#8221;-timme utan kostnad och bilda dig en egen uppfattning.<\/p>\n<\/div>\n<\/div>\n<div class=\"h-global-transition-all h-heading style-9998 style-local-22024-h28 position-relative h-element\" data-colibri-id=\"22024-h28\">\n<div class=\"h-heading__outer style-9998 style-local-22024-h28\">\n<h3 class=\"\">Var med gratis!<\/h3>\n<\/div>\n<\/div>","protected":false},"excerpt":{"rendered":"<h3>Prova p\u00e5! 1 timme om&#8230;<\/h3>\n<p><em>Denna g\u00e5ng kommer vi att prata om att hantera stress och oro, hur du kan \u00f6ka din sj\u00e4lvk\u00e4nsla, finna din livsuppgift och mycket mer. Med Susanne J\u00f6nsson. <\/em><\/p>\n<p>\u00c4r du nyfiken och vill veta om detta \u00e4r n\u00e5got f\u00f6r dig?<br \/>\nH\u00e4r kan du vara med under en &#8221;Prova P\u00e5&#8221;-timme utan kostnad och bilda dig en egen uppfattning.<\/p>","protected":false},"featured_media":37535,"comment_status":"open","ping_status":"closed","template":"","meta":[],"product_brand":[],"product_cat":[135],"product_tag":[],"class_list":{"0":"post-37534","1":"product","2":"type-product","3":"status-publish","4":"has-post-thumbnail","6":"product_cat-zoom","8":"first","9":"instock","10":"virtual","11":"sold-individually","12":"taxable","13":"product-type-course"},"_links":{"self":[{"href":"https:\/\/utbcenter.sj-school.se\/en\/wp-json\/wp\/v2\/product\/37534","targetHints":{"allow":["GET"]}}],"collection":[{"href":"https:\/\/utbcenter.sj-school.se\/en\/wp-json\/wp\/v2\/product"}],"about":[{"href":"https:\/\/utbcenter.sj-school.se\/en\/wp-json\/wp\/v2\/types\/product"}],"replies":[{"embeddable":true,"href":"https:\/\/utbcenter.sj-school.se\/en\/wp-json\/wp\/v2\/comments?post=37534"}],"wp:featuredmedia":[{"embeddable":true,"href":"https:\/\/utbcenter.sj-school.se\/en\/wp-json\/wp\/v2\/media\/37535"}],"wp:attachment":[{"href":"https:\/\/utbcenter.sj-school.se\/en\/wp-json\/wp\/v2\/media?parent=37534"}],"wp:term":[{"taxonomy":"product_brand","embeddable":true,"href":"https:\/\/utbcenter.sj-school.se\/en\/wp-json\/wp\/v2\/product_brand?post=37534"},{"taxonomy":"product_cat","embeddable":true,"href":"https:\/\/utbcenter.sj-school.se\/en\/wp-json\/wp\/v2\/product_cat?post=37534"},{"taxonomy":"product_tag","embeddable":true,"href":"https:\/\/utbcenter.sj-school.se\/en\/wp-json\/wp\/v2\/product_tag?post=37534"}],"curies":[{"name":"wp","href":"https:\/\/api.w.org\/{rel}","templated":true}]}}