{"id":39698,"date":"2023-12-13T17:05:44","date_gmt":"2023-12-13T16:05:44","guid":{"rendered":"https:\/\/utbcenter.sj-school.se\/?post_type=product&#038;p=39698"},"modified":"2026-02-22T10:47:30","modified_gmt":"2026-02-22T09:47:30","slug":"10-dagars-utmaning-din-inre-resa","status":"publish","type":"product","link":"https:\/\/utbcenter.sj-school.se\/en\/product\/10-dagars-utmaning-din-inre-resa\/","title":{"rendered":"Onlinekurs: 10-dagars utmaning: Din Inre Resa"},"content":{"rendered":"<h4>Uppt\u00e4ck Kraften inom Dig genom V\u00e5r 10-Dagars Utmaning<\/h4>\n<p>\u00c4r du redo att p\u00e5b\u00f6rja en resa mot starkare sj\u00e4lvk\u00e4nsla, inre balans och andlig tillv\u00e4xt? Nu har du en m\u00f6jlighet att delta i en unik 10-dagars utmaning tillsammans med Susanne J\u00f6nsson, d\u00e4r du kanske kommer att f\u00f6r\u00e4ndra ditt s\u00e4tt att se p\u00e5 dig sj\u00e4lv och v\u00e4rlden omkring dig.<\/p>\n<h4>Vad Kan Du F\u00f6rv\u00e4nta Dig?<\/h4>\n<p><strong>Dagliga Teman:<\/strong> Varje dag utforskar vi ett nytt tema, fr\u00e5n att leva fr\u00e5n hj\u00e4rtat till att hantera stress och skapa k\u00e4rleksfulla relationer.<\/p>\n<p><strong>Flexibla Utmaningar:<\/strong> Oavsett hur mycket tid du har, finns det en utmaning f\u00f6r dig. V\u00e5ra dagliga \u00f6vningar \u00e4r designade f\u00f6r att vara korta men kraftfulla, tar endast 5 till 15 minuter.<\/p>\n<p><strong>Dagliga Inspirationer:<\/strong> Du f\u00e5r ett mail varje dag som introducerar dagens tema och ger dig en inblick i vad du kan f\u00f6rv\u00e4nta dig.<\/p>\n<p><strong>Praktiska Verktyg:<\/strong> \u00d6vningar och tips som du enkelt kan till\u00e4mpa f\u00f6r att skapa best\u00e5ende f\u00f6r\u00e4ndringar i ditt liv.<\/p>\n<p><strong>Varmt v\u00e4lkommen att vara med!<\/strong><\/p>\n<p>\/\/ Susanne J\u00f6nsson<\/p>","protected":false},"excerpt":{"rendered":"<h4>Denna utmaning \u00e4r f\u00f6r dig som:<\/h4>\n<p>S\u00f6ker \u00f6kad sj\u00e4lvk\u00e4nsla och inre balans.<\/p>\n<p>Vill hantera vardagens stress p\u00e5 ett h\u00e4lsosamt s\u00e4tt.<\/p>\n<p>\u00c4r nyfiken p\u00e5 att utforska andlig tillv\u00e4xt och personlig utveckling.<\/p>\n<p>Vill hitta djupare mening och syfte i ditt liv.<\/p>\n<h4>Varmt V\u00e4lkommen!<\/h4>","protected":false},"featured_media":39996,"comment_status":"closed","ping_status":"closed","template":"","meta":[],"product_brand":[],"product_cat":[93,623],"product_tag":[],"class_list":{"0":"post-39698","1":"product","2":"type-product","3":"status-publish","4":"has-post-thumbnail","6":"product_cat-onlinekurs","7":"product_cat-utmaning","9":"first","10":"instock","11":"sale","12":"featured","13":"virtual","14":"sold-individually","15":"taxable","16":"purchasable","17":"product-type-course"},"_links":{"self":[{"href":"https:\/\/utbcenter.sj-school.se\/en\/wp-json\/wp\/v2\/product\/39698","targetHints":{"allow":["GET"]}}],"collection":[{"href":"https:\/\/utbcenter.sj-school.se\/en\/wp-json\/wp\/v2\/product"}],"about":[{"href":"https:\/\/utbcenter.sj-school.se\/en\/wp-json\/wp\/v2\/types\/product"}],"replies":[{"embeddable":true,"href":"https:\/\/utbcenter.sj-school.se\/en\/wp-json\/wp\/v2\/comments?post=39698"}],"wp:featuredmedia":[{"embeddable":true,"href":"https:\/\/utbcenter.sj-school.se\/en\/wp-json\/wp\/v2\/media\/39996"}],"wp:attachment":[{"href":"https:\/\/utbcenter.sj-school.se\/en\/wp-json\/wp\/v2\/media?parent=39698"}],"wp:term":[{"taxonomy":"product_brand","embeddable":true,"href":"https:\/\/utbcenter.sj-school.se\/en\/wp-json\/wp\/v2\/product_brand?post=39698"},{"taxonomy":"product_cat","embeddable":true,"href":"https:\/\/utbcenter.sj-school.se\/en\/wp-json\/wp\/v2\/product_cat?post=39698"},{"taxonomy":"product_tag","embeddable":true,"href":"https:\/\/utbcenter.sj-school.se\/en\/wp-json\/wp\/v2\/product_tag?post=39698"}],"curies":[{"name":"wp","href":"https:\/\/api.w.org\/{rel}","templated":true}]}}