{"id":41383,"date":"2024-04-01T16:23:20","date_gmt":"2024-04-01T14:23:20","guid":{"rendered":"https:\/\/utbcenter.sj-school.se\/?post_type=product&#038;p=41383"},"modified":"2026-04-05T05:47:30","modified_gmt":"2026-04-05T03:47:30","slug":"bok-med-fotterna-pa-jorden-fem-steg-till-rikedom","status":"publish","type":"product","link":"https:\/\/utbcenter.sj-school.se\/en\/product\/bok-med-fotterna-pa-jorden-fem-steg-till-rikedom\/","title":{"rendered":"Bok: Med f\u00f6tterna p\u00e5 Jorden &#8211; Fem steg till Rikedom"},"content":{"rendered":"<p>Med f\u00f6tterna p\u00e5 Jorden och med huvudet bland molnen \u00e4r den f\u00f6rsta boken jag skrev f\u00f6r n\u00e5gra \u00e5r sedan. Boken handlar om min resa, resan tillbaka hem till mig sj\u00e4lv och till min inre kunskap.<\/p>\n<p>I boken f\u00e5r du ocks\u00e5 m\u00e5nga tips p\u00e5 hur du sj\u00e4lv kan g\u00f6ra samma sak.<\/p>\n<p>I denna specialutg\u00e5va f\u00e5r du dessutom Fem Steg till Rikedom, en enkel bok om attraktionslagen och hur Du kan g\u00f6ra f\u00f6r att skapa det liv du \u00f6nskar leva.<\/p>\n<p>Du har all kunskap inom dig, det g\u00e4ller bara att l\u00e4ra dig hur du kan g\u00f6ra f\u00f6r att finna den och anv\u00e4nda den p\u00e5 b\u00e4sta s\u00e4tt. Om jag kan g\u00f6ra det h\u00e4r &#8211; d\u00e5 kan du det ocks\u00e5!<\/p>\n<p>I denna bok kommer jag att blanda gammalt och nytt \u2013 l\u00e4st och ol\u00e4st, ta till dig det som k\u00e4nns bra och l\u00e4mna resten \u00e5t sidan. Du f\u00f6rst\u00e5r: Detta \u00e4r min sanning, min sanning s\u00e5 som jag uppfattar den just nu, min sanning beh\u00f6ver inte vara din sanning!<\/p>\n<p>F\u00f6rfattaren Susanne J\u00f6nsson \u00e4r grundaren av HelhetsCentrum \u2013 Soul and Heart Journey School, en internationell skola f\u00f6r personlig och andlig utveckling. Skolans arbete bygger p\u00e5 tusen\u00e5rig kunskap, anpassad efter v\u00e5r tid.<\/p>\n<p>Hon har skrivit flera b\u00f6cker i \u00e4mnen som handlar om personlig och andlig utveckling samt om medvetandeutveckling. Hennes b\u00f6cker \u00e4r utgivna internationellt och finns b\u00e5de p\u00e5 svenska och p\u00e5 engelska.<\/p>","protected":false},"excerpt":{"rendered":"<h3>Boken handlar om min resa, resan tillbaka hem till mig sj\u00e4lv och till min inre kunskap.<\/h3>\n<p>I boken f\u00e5r du ocks\u00e5 m\u00e5nga tips p\u00e5 hur du sj\u00e4lv kan g\u00f6ra samma sak. I denna specialutg\u00e5va f\u00e5r du dessutom Fem Steg till Rikedom, en enkel bok om attraktionslagen och om hur Du ocks\u00e5 kan skapa ditt liv.<\/p>\n<p>F\u00f6rfattare: Susanne J\u00f6nsson<br \/>\nH\u00e4ftad, 138 sidor<\/p>\n<p>Du kan v\u00e4lja att f\u00e5 din bok signerad av f\u00f6rfattaren med en personlig h\u00e4lsning eller att f\u00e5 boken osignerad.<\/p>\n<p>Frakt inom Sverige ing\u00e5r i priset.<\/p>","protected":false},"featured_media":41482,"comment_status":"closed","ping_status":"closed","template":"","meta":[],"product_brand":[],"product_cat":[612],"product_tag":[],"class_list":{"0":"post-41383","1":"product","2":"type-product","3":"status-publish","4":"has-post-thumbnail","6":"product_cat-tryckt-bok","8":"first","9":"instock","10":"taxable","11":"shipping-taxable","12":"purchasable","13":"product-type-variable"},"_links":{"self":[{"href":"https:\/\/utbcenter.sj-school.se\/en\/wp-json\/wp\/v2\/product\/41383","targetHints":{"allow":["GET"]}}],"collection":[{"href":"https:\/\/utbcenter.sj-school.se\/en\/wp-json\/wp\/v2\/product"}],"about":[{"href":"https:\/\/utbcenter.sj-school.se\/en\/wp-json\/wp\/v2\/types\/product"}],"replies":[{"embeddable":true,"href":"https:\/\/utbcenter.sj-school.se\/en\/wp-json\/wp\/v2\/comments?post=41383"}],"wp:featuredmedia":[{"embeddable":true,"href":"https:\/\/utbcenter.sj-school.se\/en\/wp-json\/wp\/v2\/media\/41482"}],"wp:attachment":[{"href":"https:\/\/utbcenter.sj-school.se\/en\/wp-json\/wp\/v2\/media?parent=41383"}],"wp:term":[{"taxonomy":"product_brand","embeddable":true,"href":"https:\/\/utbcenter.sj-school.se\/en\/wp-json\/wp\/v2\/product_brand?post=41383"},{"taxonomy":"product_cat","embeddable":true,"href":"https:\/\/utbcenter.sj-school.se\/en\/wp-json\/wp\/v2\/product_cat?post=41383"},{"taxonomy":"product_tag","embeddable":true,"href":"https:\/\/utbcenter.sj-school.se\/en\/wp-json\/wp\/v2\/product_tag?post=41383"}],"curies":[{"name":"wp","href":"https:\/\/api.w.org\/{rel}","templated":true}]}}