{"id":41418,"date":"2024-04-01T13:29:19","date_gmt":"2024-04-01T11:29:19","guid":{"rendered":"https:\/\/utbcenter.sj-school.se\/?post_type=product&#038;p=41418"},"modified":"2026-04-05T08:30:39","modified_gmt":"2026-04-05T06:30:39","slug":"bok-aktivera-din-merkaba","status":"publish","type":"product","link":"https:\/\/utbcenter.sj-school.se\/en\/product\/bok-aktivera-din-merkaba\/","title":{"rendered":"Bok: Aktivera din Merkaba"},"content":{"rendered":"<p>Att aktivera din Merkaba \u00e4r det viktigaste steget du kan ta f\u00f6r att kunna n\u00e5 ett h\u00f6gre medvetande. V\u00e5rt arbete bygger p\u00e5 tusen\u00e5rig kunskap, anpassad efter v\u00e5r tid. I boken kan du l\u00e4ra dig mer och du f\u00e5r veta hur du kan g\u00f6ra f\u00f6r att aktivera din Merkaba p\u00e5 egen hand.<\/p>\n<p>Du f\u00e5r ocks\u00e5 f\u00f6rklaringar till vad H\u00f6gre Medvetande betyder samt vad en Merkaba \u00e4r och varf\u00f6r vi beh\u00f6ver denna kunskap nu. Boken \u00e4r till f\u00f6r att hj\u00e4lpa dig n\u00e5 h\u00f6gre niv\u00e5er av ditt medvetande och att n\u00e5 djupare in i din inre kunskap.<\/p>\n<p>F\u00f6rfattaren Susanne J\u00f6nsson \u00e4r grundaren av<a href=\"https:\/\/helhetscentrum.se\/\">\u00a0HelhetsCentrum \u2013 Soul and Heart Journey School<\/a>, en internationell skola f\u00f6r personlig och andlig utveckling. Skolans arbete bygger p\u00e5 tusen\u00e5rig kunskap, anpassad efter v\u00e5r tid. Hon har skrivit flera b\u00f6cker i \u00e4mnen som handlar om personlig och andlig utveckling samt om medvetandeutveckling. Hennes b\u00f6cker \u00e4r utgivna internationellt och finns b\u00e5de p\u00e5 svenska och p\u00e5 engelska.<\/p>","protected":false},"excerpt":{"rendered":"<h3>Att aktivera din Merkaba \u00e4r det viktigaste steget du kan ta f\u00f6r att kunna n\u00e5 ett h\u00f6gre medvetande.<\/h3>\n<p>V\u00e5rt arbete bygger p\u00e5 tusen\u00e5rig kunskap, anpassad efter v\u00e5r tid. I boken kan du l\u00e4ra dig mer och du f\u00e5r veta hur du kan g\u00f6ra f\u00f6r att aktivera din Merkaba p\u00e5 egen hand.<\/p>\n<p>F\u00f6rfattare: Susanne J\u00f6nsson<br \/>\nH\u00e4ftad, 140 sidor<\/p>\n<p>Du kan v\u00e4lja att f\u00e5 din bok signerad av f\u00f6rfattaren med en personlig h\u00e4lsning eller att f\u00e5 boken osignerad.<\/p>\n<p>Frakt inom Sverige ing\u00e5r i priset.<\/p>","protected":false},"featured_media":41481,"comment_status":"closed","ping_status":"closed","template":"","meta":[],"product_brand":[],"product_cat":[612],"product_tag":[],"class_list":{"0":"post-41418","1":"product","2":"type-product","3":"status-publish","4":"has-post-thumbnail","6":"product_cat-tryckt-bok","8":"first","9":"instock","10":"taxable","11":"shipping-taxable","12":"purchasable","13":"product-type-variable"},"_links":{"self":[{"href":"https:\/\/utbcenter.sj-school.se\/en\/wp-json\/wp\/v2\/product\/41418","targetHints":{"allow":["GET"]}}],"collection":[{"href":"https:\/\/utbcenter.sj-school.se\/en\/wp-json\/wp\/v2\/product"}],"about":[{"href":"https:\/\/utbcenter.sj-school.se\/en\/wp-json\/wp\/v2\/types\/product"}],"replies":[{"embeddable":true,"href":"https:\/\/utbcenter.sj-school.se\/en\/wp-json\/wp\/v2\/comments?post=41418"}],"wp:featuredmedia":[{"embeddable":true,"href":"https:\/\/utbcenter.sj-school.se\/en\/wp-json\/wp\/v2\/media\/41481"}],"wp:attachment":[{"href":"https:\/\/utbcenter.sj-school.se\/en\/wp-json\/wp\/v2\/media?parent=41418"}],"wp:term":[{"taxonomy":"product_brand","embeddable":true,"href":"https:\/\/utbcenter.sj-school.se\/en\/wp-json\/wp\/v2\/product_brand?post=41418"},{"taxonomy":"product_cat","embeddable":true,"href":"https:\/\/utbcenter.sj-school.se\/en\/wp-json\/wp\/v2\/product_cat?post=41418"},{"taxonomy":"product_tag","embeddable":true,"href":"https:\/\/utbcenter.sj-school.se\/en\/wp-json\/wp\/v2\/product_tag?post=41418"}],"curies":[{"name":"wp","href":"https:\/\/api.w.org\/{rel}","templated":true}]}}