{"id":41433,"date":"2024-04-01T13:57:08","date_gmt":"2024-04-01T11:57:08","guid":{"rendered":"https:\/\/utbcenter.sj-school.se\/?post_type=product&#038;p=41433"},"modified":"2026-04-01T16:00:07","modified_gmt":"2026-04-01T14:00:07","slug":"bok-365-dagar","status":"publish","type":"product","link":"https:\/\/utbcenter.sj-school.se\/en\/product\/bok-365-dagar\/","title":{"rendered":"Bok: 365 dagar av personlig och andlig utveckling"},"content":{"rendered":"<p>V\u00e4lkommen till Dina 365 dagar av personlig och andlig utveckling<\/p>\n<p>H\u00e4r f\u00e5r du tillg\u00e5ng till effektiva verktyg f\u00f6r att utforska din inre kunskap och f\u00f6rdjupa din personliga och andliga utveckling under de kommande 365 dagarna.<\/p>\n<p>Du kommer att kunna \u00f6ka din sj\u00e4lvk\u00e4nsla, f\u00e5 l\u00e4ttare att s\u00e4tta gr\u00e4nser, att kunna s\u00e4ga nej n\u00e4r det beh\u00f6vs och inte minst att utvecklas som person.<\/p>\n<p>H\u00e4r f\u00e5r du \u00e4ven praktiska r\u00e5d f\u00f6r hantering av stress och oro samt tillg\u00e5ng till effektiva verktyg f\u00f6r att utforska din inre kunskap.<\/p>\n<p>Du kan starta n\u00e4r du vill under \u00e5ret och anv\u00e4nda boken som en Kalender eller Dagbok d\u00e4r du f\u00e5r en daglig v\u00e4gledning och du kan f\u00f6lja din utveckling steg f\u00f6r steg. Du kan ocks\u00e5 anv\u00e4nda boken f\u00f6r att f\u00e5 Inspiration d\u00e4r du sl\u00e5r upp dagens datum eller \u201dl\u00e5ter boken\u201d \u00f6ppna sig och visa dig ett budskap som du beh\u00f6ver just nu.<\/p>\n<p>M\u00e5nadernas olika teman inneb\u00e4r en f\u00f6rdjupning inom ett visst omr\u00e5de som till exempel Att leva fr\u00e5n hj\u00e4rtat, Leva i k\u00e4rleksfulla relationer, Hantera stress och oro, \u00d6ka din sj\u00e4lvk\u00e4nsla eller hur du f\u00e5r kontakt med Guider och V\u00e4gledare och mycket mer.<\/p>\n<p>Varje dag kan du skriva ner dagens tankar och h\u00e4ndelser och p\u00e5 s\u00e5 s\u00e4tt kunna g\u00e5 tillbaka och finna st\u00f6d i din personliga utveckling.<\/p>\n<p>Boken f\u00f6rklarar p\u00e5 ett l\u00e4ttfattligt s\u00e4tt olika steg f\u00f6r att komma vidare i livet. Med m\u00e5nga tips och \u00f6vningar har du sp\u00e4nnande 365 dagar framf\u00f6r dig!<\/p>\n<p>\u00d6nskar Dig varmt lycka till p\u00e5 Din inre resa.<\/p>\n<p>\/\/ Susanne J\u00f6nsson<\/p>\n<p>F\u00f6rfattaren Susanne J\u00f6nsson grundaren av\u00a0<a href=\"https:\/\/helhetscentrum.se\/\">HelhetsCentrum \u2013 Soul and Heart Journey School<\/a>, en internationell skola f\u00f6r personlig och andlig utveckling. Skolans arbete bygger p\u00e5 tusen\u00e5rig kunskap, anpassad efter v\u00e5r tid.<\/p>\n<p>Hon har skrivit flera b\u00f6cker i \u00e4mnen som handlar om personlig och andlig utveckling samt om medvetandeutveckling. Hennes b\u00f6cker \u00e4r utgivna internationellt och finns b\u00e5de p\u00e5 svenska och p\u00e5 engelska.<\/p>","protected":false},"excerpt":{"rendered":"<h3>H\u00e4r f\u00e5r du tillg\u00e5ng till effektiva verktyg f\u00f6r att utforska din inre kunskap och f\u00f6rdjupa din personliga och andliga utveckling under de kommande 365 dagarna.<\/h3>\n<p>Du kan starta n\u00e4r du vill och anv\u00e4nda boken som Kalender eller dagbok d\u00e4r du f\u00e5r en daglig v\u00e4gledning och du kan f\u00f6lja din utveckling steg f\u00f6r steg. Varje m\u00e5nad \u00e4r det ett nytt tema som du kommer att jobba lite djupare med.<\/p>\n<p>F\u00f6rfattare: Susanne J\u00f6nsson<br \/>\nInbunden, 460 sidor<\/p>\n<p>Du kan v\u00e4lja att f\u00e5 din bok signerad av f\u00f6rfattaren med en personlig h\u00e4lsning eller att f\u00e5 boken osignerad.<\/p>\n<p>Frakt inom Sverige ing\u00e5r i priset.<\/p>","protected":false},"featured_media":39545,"comment_status":"closed","ping_status":"closed","template":"","meta":[],"product_brand":[],"product_cat":[612],"product_tag":[],"class_list":{"0":"post-41433","1":"product","2":"type-product","3":"status-publish","4":"has-post-thumbnail","6":"product_cat-tryckt-bok","8":"first","9":"instock","10":"taxable","11":"shipping-taxable","12":"purchasable","13":"product-type-variable"},"_links":{"self":[{"href":"https:\/\/utbcenter.sj-school.se\/en\/wp-json\/wp\/v2\/product\/41433","targetHints":{"allow":["GET"]}}],"collection":[{"href":"https:\/\/utbcenter.sj-school.se\/en\/wp-json\/wp\/v2\/product"}],"about":[{"href":"https:\/\/utbcenter.sj-school.se\/en\/wp-json\/wp\/v2\/types\/product"}],"replies":[{"embeddable":true,"href":"https:\/\/utbcenter.sj-school.se\/en\/wp-json\/wp\/v2\/comments?post=41433"}],"wp:featuredmedia":[{"embeddable":true,"href":"https:\/\/utbcenter.sj-school.se\/en\/wp-json\/wp\/v2\/media\/39545"}],"wp:attachment":[{"href":"https:\/\/utbcenter.sj-school.se\/en\/wp-json\/wp\/v2\/media?parent=41433"}],"wp:term":[{"taxonomy":"product_brand","embeddable":true,"href":"https:\/\/utbcenter.sj-school.se\/en\/wp-json\/wp\/v2\/product_brand?post=41433"},{"taxonomy":"product_cat","embeddable":true,"href":"https:\/\/utbcenter.sj-school.se\/en\/wp-json\/wp\/v2\/product_cat?post=41433"},{"taxonomy":"product_tag","embeddable":true,"href":"https:\/\/utbcenter.sj-school.se\/en\/wp-json\/wp\/v2\/product_tag?post=41433"}],"curies":[{"name":"wp","href":"https:\/\/api.w.org\/{rel}","templated":true}]}}