{"id":43497,"date":"2024-11-17T14:41:43","date_gmt":"2024-11-17T13:41:43","guid":{"rendered":"https:\/\/utbcenter.sj-school.se\/?post_type=product&#038;p=43497"},"modified":"2025-11-07T11:24:28","modified_gmt":"2025-11-07T10:24:28","slug":"bok-mysterieskolan-och-sfinxens-hemlighet-2","status":"publish","type":"product","link":"https:\/\/utbcenter.sj-school.se\/en\/product\/bok-mysterieskolan-och-sfinxens-hemlighet-2\/","title":{"rendered":"Bok: Mysterieskolan och Sfinxens hemlighet kampanj"},"content":{"rendered":"<p>Mysterieskolan \u00e4r inget som tidigare pratats om eftersom instruktionerna n\u00e4r skolan grundades var tydlig; G\u00f6r kunskapen tillg\u00e4nglig endast f\u00f6r de som beh\u00f6ver den men h\u00e5ll den dold f\u00f6r de som inte f\u00f6rst\u00e5r.<\/p>\n<p><b>Nya tider \u2013 nya behov<\/b><\/p>\n<p>Mysterieskolan har genom historien varit en del av m\u00e5ngas andliga arbete men det har aldrig pratats \u00f6ppet om den. Nu lever vi i en tid d\u00e4r \u00f6ppenheten beh\u00f6vs, d\u00e4r alla ska kunna finna kunskapen om de s\u00f6ker efter den.<\/p>\n<p>I bokens ber\u00e4ttelse om Mysterieskolan och Sfinxens hemlighet f\u00e5r du en djupare f\u00f6rst\u00e5else f\u00f6r historien bakom Mysterieskolan men ocks\u00e5 om den roll som skolan hade inom de gamla civilisationerna Lemurien och Atlantis. Ber\u00e4ttelsen forts\u00e4tter in i modern tid och du f\u00e5r en insikt i hur Mysterieskolan ser ut idag och hur Sfinxens hemlighet hj\u00e4lper oss in i en djupare personlig och andlig utveckling.<\/p>\n<p>Du f\u00e5r \u00e4ven ta del av andras minnen och ber\u00e4ttelser om Mysterieskolan, det \u00e4r inte bara f\u00f6rfattaren som minns, vi \u00e4r ganska m\u00e5nga. Flera har valt att dela med sig av sina ber\u00e4ttelser om hur de varit en del av den gamla kunskapen och kanske \u00e4ven hur det p\u00e5verkar dem \u00e4n idag.<\/p>\n<p>F\u00f6rfattaren Susanne J\u00f6nsson grundaren av\u00a0<a href=\"https:\/\/helhetscentrum.se\/\">HelhetsCentrum \u2013 Soul and Heart Journey School<\/a>, en internationell skola f\u00f6r personlig och andlig utveckling. Skolans arbete bygger p\u00e5 tusen\u00e5rig kunskap, anpassad efter v\u00e5r tid.<\/p>\n<p>Hon har skrivit flera b\u00f6cker i \u00e4mnen som handlar om personlig och andlig utveckling samt om medvetandeutveckling. Hennes b\u00f6cker \u00e4r utgivna internationellt och finns b\u00e5de p\u00e5 svenska och p\u00e5 engelska.<\/p>","protected":false},"excerpt":{"rendered":"<p>I ber\u00e4ttelsen om Mysterieskolan och Sfinxens hemlighet f\u00e5r du en djupare f\u00f6rst\u00e5else f\u00f6r historien bakom Mysterieskolan men ocks\u00e5 om den roll som skolan hade inom de gamla civilisationerna Lemurien och Atlantis. Ber\u00e4ttelsen forts\u00e4tter in i modern tid och du f\u00e5r en insikt i hur Mysterieskolan ser ut idag och hur Sfinxens hemlighet hj\u00e4lper oss in i en djupare personlig och andlig utveckling.<\/p>\n<p>F\u00f6rfattare: Susanne J\u00f6nsson<br \/>\nH\u00e4ftad, 205 sidor<\/p>\n<p>Du kan v\u00e4lja att f\u00e5 din bok signerad av f\u00f6rfattaren med en personlig h\u00e4lsning eller att f\u00e5 boken osignerad.<\/p>\n<p>Frakt inom Sverige ing\u00e5r i priset.<\/p>","protected":false},"featured_media":43442,"comment_status":"closed","ping_status":"closed","template":"","meta":[],"product_brand":[],"product_cat":[612],"product_tag":[],"class_list":{"0":"post-43497","1":"product","2":"type-product","3":"status-publish","4":"has-post-thumbnail","6":"product_cat-tryckt-bok","8":"first","9":"outofstock","10":"taxable","11":"shipping-taxable","12":"product-type-simple"},"_links":{"self":[{"href":"https:\/\/utbcenter.sj-school.se\/en\/wp-json\/wp\/v2\/product\/43497","targetHints":{"allow":["GET"]}}],"collection":[{"href":"https:\/\/utbcenter.sj-school.se\/en\/wp-json\/wp\/v2\/product"}],"about":[{"href":"https:\/\/utbcenter.sj-school.se\/en\/wp-json\/wp\/v2\/types\/product"}],"replies":[{"embeddable":true,"href":"https:\/\/utbcenter.sj-school.se\/en\/wp-json\/wp\/v2\/comments?post=43497"}],"wp:featuredmedia":[{"embeddable":true,"href":"https:\/\/utbcenter.sj-school.se\/en\/wp-json\/wp\/v2\/media\/43442"}],"wp:attachment":[{"href":"https:\/\/utbcenter.sj-school.se\/en\/wp-json\/wp\/v2\/media?parent=43497"}],"wp:term":[{"taxonomy":"product_brand","embeddable":true,"href":"https:\/\/utbcenter.sj-school.se\/en\/wp-json\/wp\/v2\/product_brand?post=43497"},{"taxonomy":"product_cat","embeddable":true,"href":"https:\/\/utbcenter.sj-school.se\/en\/wp-json\/wp\/v2\/product_cat?post=43497"},{"taxonomy":"product_tag","embeddable":true,"href":"https:\/\/utbcenter.sj-school.se\/en\/wp-json\/wp\/v2\/product_tag?post=43497"}],"curies":[{"name":"wp","href":"https:\/\/api.w.org\/{rel}","templated":true}]}}