{"id":43501,"date":"2024-11-17T14:52:11","date_gmt":"2024-11-17T13:52:11","guid":{"rendered":"https:\/\/utbcenter.sj-school.se\/?post_type=product&#038;p=43501"},"modified":"2025-11-07T11:24:15","modified_gmt":"2025-11-07T10:24:15","slug":"bok-lemurien-och-atlantis-bundle","status":"publish","type":"product","link":"https:\/\/utbcenter.sj-school.se\/en\/product\/bok-lemurien-och-atlantis-bundle\/","title":{"rendered":"Bok: Lemurien och Atlantis bundle"},"content":{"rendered":"<p>Historien om Lemurien och Atlantis \u00e4r speciell. Det g\u00e5r inte att f\u00f6rneka att det h\u00e4r \u00e4r b\u00e5de en intressant och sp\u00e4nnande historia.<\/p>\n<p>Vi g\u00f6r en resa tillbaka i tiden tillsammans och du f\u00e5r veta mer om dessa fina civilisationer. Var de fanns och vilket syfte de egentligen hade.<\/p>\n<p>Genom \u00f6vningarna i boken f\u00e5r du ocks\u00e5 en inblick i vad som h\u00e4nde d\u00e4r och en m\u00f6jlighet att sj\u00e4lv utforska om du har egna undermedvetna minnen fr\u00e5n dessa tidsepoker.<\/p>\n<p>Detta \u00e4r en bok f\u00f6r dig som vill f\u00f6rdjupa din kunskap, uppleva n\u00e5got annorlunda och kanske n\u00e5 en ny niv\u00e5 i din personliga utveckling.<\/p>\n<p>F\u00f6rfattaren Susanne J\u00f6nsson grundaren av\u00a0<a href=\"https:\/\/helhetscentrum.se\/\">HelhetsCentrum \u2013 Soul and Heart Journey School<\/a>, en internationell skola f\u00f6r personlig och andlig utveckling. Skolans arbete bygger p\u00e5 tusen\u00e5rig kunskap, anpassad efter v\u00e5r tid.<\/p>\n<p>Hon har skrivit flera b\u00f6cker i \u00e4mnen som handlar om personlig och andlig utveckling samt om medvetandeutveckling. Hennes b\u00f6cker \u00e4r utgivna internationellt och finns b\u00e5de p\u00e5 svenska och p\u00e5 engelska.<\/p>","protected":false},"excerpt":{"rendered":"<h3>Historien om Lemurien och Atlantis \u00e4r speciell.<\/h3>\n<p>Det g\u00e5r inte att f\u00f6rneka att det h\u00e4r \u00e4r b\u00e5de en intressant och sp\u00e4nnande historia. Vi g\u00f6r en resa tillbaka i tiden tillsammans och du f\u00e5r veta mer om dessa fina civilisationer. Var de fanns och vilket syfte de egentligen hade.<\/p>\n<p>Genom \u00f6vningarna i boken f\u00e5r du ocks\u00e5 en inblick i vad som h\u00e4nde d\u00e4r och en m\u00f6jlighet att sj\u00e4lv utforska om du har egna undermedvetna minnen fr\u00e5n dessa tidsepoker.<\/p>\n<p>F\u00f6rfattare: Susanne J\u00f6nsson<br \/>\nH\u00e4ftad, 148 sidor<\/p>\n<p>Du kan v\u00e4lja att f\u00e5 din bok signerad av f\u00f6rfattaren med en personlig h\u00e4lsning eller att f\u00e5 boken osignerad.<\/p>\n<p>Frakt inom Sverige ing\u00e5r i priset.<\/p>","protected":false},"featured_media":41483,"comment_status":"closed","ping_status":"closed","template":"","meta":[],"product_brand":[],"product_cat":[612],"product_tag":[],"class_list":{"0":"post-43501","1":"product","2":"type-product","3":"status-publish","4":"has-post-thumbnail","6":"product_cat-tryckt-bok","8":"first","9":"outofstock","10":"taxable","11":"shipping-taxable","12":"product-type-simple"},"_links":{"self":[{"href":"https:\/\/utbcenter.sj-school.se\/en\/wp-json\/wp\/v2\/product\/43501","targetHints":{"allow":["GET"]}}],"collection":[{"href":"https:\/\/utbcenter.sj-school.se\/en\/wp-json\/wp\/v2\/product"}],"about":[{"href":"https:\/\/utbcenter.sj-school.se\/en\/wp-json\/wp\/v2\/types\/product"}],"replies":[{"embeddable":true,"href":"https:\/\/utbcenter.sj-school.se\/en\/wp-json\/wp\/v2\/comments?post=43501"}],"wp:featuredmedia":[{"embeddable":true,"href":"https:\/\/utbcenter.sj-school.se\/en\/wp-json\/wp\/v2\/media\/41483"}],"wp:attachment":[{"href":"https:\/\/utbcenter.sj-school.se\/en\/wp-json\/wp\/v2\/media?parent=43501"}],"wp:term":[{"taxonomy":"product_brand","embeddable":true,"href":"https:\/\/utbcenter.sj-school.se\/en\/wp-json\/wp\/v2\/product_brand?post=43501"},{"taxonomy":"product_cat","embeddable":true,"href":"https:\/\/utbcenter.sj-school.se\/en\/wp-json\/wp\/v2\/product_cat?post=43501"},{"taxonomy":"product_tag","embeddable":true,"href":"https:\/\/utbcenter.sj-school.se\/en\/wp-json\/wp\/v2\/product_tag?post=43501"}],"curies":[{"name":"wp","href":"https:\/\/api.w.org\/{rel}","templated":true}]}}