{"id":44530,"date":"2025-01-15T15:53:49","date_gmt":"2025-01-15T14:53:49","guid":{"rendered":"https:\/\/utbcenter.sj-school.se\/?post_type=product&#038;p=44530"},"modified":"2026-02-22T10:46:19","modified_gmt":"2026-02-22T09:46:19","slug":"onlinekurs-10-dagars-utmaning-andlig-expansion","status":"publish","type":"product","link":"https:\/\/utbcenter.sj-school.se\/en\/product\/onlinekurs-10-dagars-utmaning-andlig-expansion\/","title":{"rendered":"Onlinekurs: 10-dagars utmaning f\u00f6r Andlig Expansion"},"content":{"rendered":"<h3>V\u00e4lkommen till 10-dagarsutmaningen f\u00f6r Andlig Expansion \u2013 Utforska och f\u00f6rst\u00e4rk din inre visdom!<\/h3>\n<h4>Vem \u00e4r utmaningen f\u00f6r?<\/h4>\n<p>Denna utmaning \u00e4r perfekt f\u00f6r dig som:<\/p>\n<ul>\n<li>K\u00e4nner att det \u00e4r dags att ta ett st\u00f6rre kliv i din andliga utveckling.<\/li>\n<li>S\u00f6ker djupare f\u00f6rst\u00e5else f\u00f6r ditt energisystem och hj\u00e4rtats kraft.<\/li>\n<li>Vill leva mer i kontakt med ditt sanna jag och expandera ditt medvetande.<\/li>\n<\/ul>\n<h4>Varf\u00f6r delta i utmaningen?<\/h4>\n<p>Du f\u00e5r praktiska verktyg och f\u00f6rdjupad f\u00f6rst\u00e5else f\u00f6r andlighet och medvetande som bland annat ger dig:<\/p>\n<ul>\n<li>\u00d6kad insikt om hur ditt energisystem fungerar och hur du kan balansera det.<\/li>\n<li>F\u00f6rst\u00e5else f\u00f6r begrepp som Merkaba, Vortexf\u00e4lt, Chakrasystem och ljuskroppar \u2013 och hur dessa \u00e4r integrerade i ditt dagliga liv.<\/li>\n<li>F\u00f6rklaring p\u00e5 vad kollektiv belastning \u00e4r, varf\u00f6r den p\u00e5verkar dig, och hur du aktivt kan anv\u00e4nda medvetna tekniker f\u00f6r att skydda dig sj\u00e4lv och v\u00e4nda denna energi till n\u00e5got positivt.<\/li>\n<li>En tydlig genomg\u00e5ng av rummen i ditt hj\u00e4rta f\u00f6r att du bland annat ska kunna utforska sj\u00e4lens kunskap, tidigare liv och din livsuppgift.<\/li>\n<li>Introduktion Alkemi \u2013 ett system f\u00f6r medvetandeh\u00f6jande arbete, sj\u00e4lvk\u00e4nnedom och andlig utveckling.<\/li>\n<\/ul>\n<h4>Andlig Expansion<\/h4>\n<p>Utforska din inre visdom, \u00f6ppna d\u00f6rren till hj\u00e4rtats o\u00e4ndliga kunskap och ta n\u00e4sta steg i din andliga resa. Den h\u00e4r utmaningen \u00e4r skapad f\u00f6r dig som vill f\u00f6rdjupa din kontakt med dig sj\u00e4lv, h\u00f6ja din energi och expandera ditt medvetande p\u00e5 ett enkelt, kraftfullt och hj\u00e4rtbaserat s\u00e4tt.<\/p>\n<p><strong>Varmt v\u00e4lkommen att vara med!<\/strong><\/p>\n<p>\/\/ Susanne J\u00f6nsson<\/p>","protected":false},"excerpt":{"rendered":"<p style=\"background: white; margin: 0cm 0cm 12.0pt 0cm;\"><strong>Utmaningen \u00e4r f\u00f6r dig\u00a0<\/strong>som vill f\u00e5 en tydlig och konkret f\u00f6rst\u00e5else f\u00f6r medvetandearbetet. Den kommer att hj\u00e4lpa dig fram\u00e5t, oavsett om du varit i andlig utveckling under m\u00e5nga \u00e5r eller om du \u00e4r nyss b\u00f6rjat finna Din inre v\u00e4g.<\/p>\n<h4>S\u00e5 fungerar det:<\/h4>\n<p>Varje dag under 10 dagar f\u00e5r du tillg\u00e5ng till en ny video eller text med dagens tema och \u00f6vningar. Du f\u00f6ljer utmaningen i din egen takt och kan enkelt integrera \u00f6vningarna i din vardag.<\/p>\n<p><span style=\"font-family: georgia, palatino, serif;\"><strong><span style=\"color: #25292a; background: white;\">F\u00f6r\u00e4ndringen b\u00f6rjar nu.<\/span><\/strong><span style=\"color: #25292a; background: white;\"><span style=\"font-variant-ligatures: normal; font-variant-caps: normal; orphans: 2; text-align: start; widows: 2; -webkit-text-stroke-width: 0px; text-decoration-thickness: initial; text-decoration-style: initial; text-decoration-color: initial; float: none; word-spacing: 0px;\">\u00a0V\u00e4lkommen till en resa mot h\u00f6gre medvetenhet och ett liv f\u00f6rankrat i hj\u00e4rtats kraft.<\/span><\/span><\/span><\/p>","protected":false},"featured_media":44557,"comment_status":"closed","ping_status":"closed","template":"","meta":[],"product_brand":[],"product_cat":[93,623],"product_tag":[],"class_list":{"0":"post-44530","1":"product","2":"type-product","3":"status-publish","4":"has-post-thumbnail","6":"product_cat-onlinekurs","7":"product_cat-utmaning","9":"first","10":"instock","11":"featured","12":"virtual","13":"sold-individually","14":"taxable","15":"purchasable","16":"product-type-course"},"_links":{"self":[{"href":"https:\/\/utbcenter.sj-school.se\/en\/wp-json\/wp\/v2\/product\/44530","targetHints":{"allow":["GET"]}}],"collection":[{"href":"https:\/\/utbcenter.sj-school.se\/en\/wp-json\/wp\/v2\/product"}],"about":[{"href":"https:\/\/utbcenter.sj-school.se\/en\/wp-json\/wp\/v2\/types\/product"}],"replies":[{"embeddable":true,"href":"https:\/\/utbcenter.sj-school.se\/en\/wp-json\/wp\/v2\/comments?post=44530"}],"wp:featuredmedia":[{"embeddable":true,"href":"https:\/\/utbcenter.sj-school.se\/en\/wp-json\/wp\/v2\/media\/44557"}],"wp:attachment":[{"href":"https:\/\/utbcenter.sj-school.se\/en\/wp-json\/wp\/v2\/media?parent=44530"}],"wp:term":[{"taxonomy":"product_brand","embeddable":true,"href":"https:\/\/utbcenter.sj-school.se\/en\/wp-json\/wp\/v2\/product_brand?post=44530"},{"taxonomy":"product_cat","embeddable":true,"href":"https:\/\/utbcenter.sj-school.se\/en\/wp-json\/wp\/v2\/product_cat?post=44530"},{"taxonomy":"product_tag","embeddable":true,"href":"https:\/\/utbcenter.sj-school.se\/en\/wp-json\/wp\/v2\/product_tag?post=44530"}],"curies":[{"name":"wp","href":"https:\/\/api.w.org\/{rel}","templated":true}]}}