{"id":45566,"date":"2025-04-14T13:02:06","date_gmt":"2025-04-14T11:02:06","guid":{"rendered":"https:\/\/utbcenter.sj-school.se\/?post_type=product&#038;p=45566"},"modified":"2026-02-22T10:44:46","modified_gmt":"2026-02-22T09:44:46","slug":"bundle-onlinekurser-lemurien-och-atlantis-mysteriskolan-och-sfinxens-hemlighet","status":"publish","type":"product","link":"https:\/\/utbcenter.sj-school.se\/en\/product\/bundle-onlinekurser-lemurien-och-atlantis-mysteriskolan-och-sfinxens-hemlighet\/","title":{"rendered":"Bundle! Tv\u00e5 onlinekurser i samma paket: Mysterieskolan samt Lemurien och Atlantis"},"content":{"rendered":"<h3>F\u00e5 tv\u00e5 onlinekurser p\u00e5 samma g\u00e5ng.<\/h3>\n<p style=\"padding-left: 40px;\">Mysterieskolan var starkt involverad i b\u00e5de Lemurien och Atlantis 1, 2 och 3. N\u00e4r du vet bakgrunden f\u00e5r du en ytterligare niv\u00e5 av f\u00f6rst\u00e5else n\u00e4r du utforskar dina undermedvetna minnen fr\u00e5n Lemurien och Atlantis. Var du med h\u00e4r? Var \u00e4ven du en del av Mysterieskolan p\u00e5 den tiden?<\/p>\n<h3 style=\"text-align: left;\">Onlinekurs: Mysterieskolan och Sfinxens hemlighet<\/h3>\n<p style=\"padding-left: 40px;\">I onlinekursen f\u00e5r du en djupare f\u00f6rst\u00e5else f\u00f6r historien bakom Mysterieskolan men ocks\u00e5 om den roll som skolan hade inom de gamla civilisationerna Lemurien och Atlantis. Ber\u00e4ttelsen forts\u00e4tter in i modern tid.<\/p>\n<h3 style=\"text-align: left;\">Onlinekurs: Lemurien och Atlantis<\/h3>\n<p style=\"padding-left: 40px; text-align: left;\">Det g\u00e5r inte att f\u00f6rneka att det h\u00e4r \u00e4r b\u00e5de en intressant och sp\u00e4nnande historia. Vi g\u00f6r en resa tillbaka i tiden tillsammans och du f\u00e5r veta mer om dessa fina civilisationer. Var de fanns och vilket syfte de egentligen hade.<\/p>\n<p style=\"padding-left: 40px; text-align: left;\">Genom \u00f6vningarna i kursen f\u00e5r du ocks\u00e5 en inblick i vad som h\u00e4nde d\u00e4r och en m\u00f6jlighet att sj\u00e4lv utforska om du har egna undermedvetna minnen fr\u00e5n dessa tidsepoker.<\/p>","protected":false},"excerpt":{"rendered":"<p><span style=\"font-size: 14pt;\"><em>Just nu kan du k\u00f6pa b\u00e5da onlinekurserna tillsammans och f\u00e5 ett specialpris!<\/em><\/span><\/p>\n<p>Detta ing\u00e5r:<\/p>\n<p>Onlinekursen Mysterieskolan och Sfinxens hemlighet <span style=\"font-size: 10pt;\">(ord. pris 590:- )<\/span><\/p>\n<p>Onlinekursen Lemurien och Atlantis <span style=\"font-size: 10pt;\">(ord. pris 590:- )<\/span><\/p>\n<p>Med Susanne J\u00f6nsson<\/p>\n<hr \/>\n<p>&nbsp;<\/p>","protected":false},"featured_media":45592,"comment_status":"closed","ping_status":"closed","template":"","meta":[],"product_brand":[],"product_cat":[93],"product_tag":[],"class_list":{"0":"post-45566","1":"product","2":"type-product","3":"status-publish","4":"has-post-thumbnail","6":"product_cat-onlinekurs","8":"first","9":"instock","10":"sale","11":"featured","12":"virtual","13":"sold-individually","14":"taxable","15":"purchasable","16":"product-type-course"},"_links":{"self":[{"href":"https:\/\/utbcenter.sj-school.se\/en\/wp-json\/wp\/v2\/product\/45566","targetHints":{"allow":["GET"]}}],"collection":[{"href":"https:\/\/utbcenter.sj-school.se\/en\/wp-json\/wp\/v2\/product"}],"about":[{"href":"https:\/\/utbcenter.sj-school.se\/en\/wp-json\/wp\/v2\/types\/product"}],"replies":[{"embeddable":true,"href":"https:\/\/utbcenter.sj-school.se\/en\/wp-json\/wp\/v2\/comments?post=45566"}],"wp:featuredmedia":[{"embeddable":true,"href":"https:\/\/utbcenter.sj-school.se\/en\/wp-json\/wp\/v2\/media\/45592"}],"wp:attachment":[{"href":"https:\/\/utbcenter.sj-school.se\/en\/wp-json\/wp\/v2\/media?parent=45566"}],"wp:term":[{"taxonomy":"product_brand","embeddable":true,"href":"https:\/\/utbcenter.sj-school.se\/en\/wp-json\/wp\/v2\/product_brand?post=45566"},{"taxonomy":"product_cat","embeddable":true,"href":"https:\/\/utbcenter.sj-school.se\/en\/wp-json\/wp\/v2\/product_cat?post=45566"},{"taxonomy":"product_tag","embeddable":true,"href":"https:\/\/utbcenter.sj-school.se\/en\/wp-json\/wp\/v2\/product_tag?post=45566"}],"curies":[{"name":"wp","href":"https:\/\/api.w.org\/{rel}","templated":true}]}}