{"id":46080,"date":"2025-05-21T14:30:49","date_gmt":"2025-05-21T12:30:49","guid":{"rendered":"https:\/\/utbcenter.sj-school.se\/?post_type=product&#038;p=46080"},"modified":"2026-02-11T11:23:43","modified_gmt":"2026-02-11T10:23:43","slug":"hogre-medvetande-17-2027-pa-plats","status":"publish","type":"product","link":"https:\/\/utbcenter.sj-school.se\/en\/product\/hogre-medvetande-17-2027-pa-plats\/","title":{"rendered":"H\u00f6gre Medvetande 17 den 7-8\/1- 2027 p\u00e5 plats: Kursbetalning"},"content":{"rendered":"<div class=\"wp-block-columns is-layout-flex wp-container-core-columns-is-layout-9d6595d7 wp-block-columns-is-layout-flex\">\n<div class=\"wp-block-column is-layout-flow wp-block-column-is-layout-flow\">\n<p>Varje medvetandeniv\u00e5 st\u00e5r f\u00f6r olika niv\u00e5er av utveckling, normalt sett s\u00e5 tar vi ett steg i taget f\u00f6r att kunna omfatta varje niv\u00e5 p\u00e5 ett tydligt s\u00e4tt. I takt med att den kollektiva medvetandeniv\u00e5n stiger s\u00e5 \u00f6kar takten i medvetandeutbildningarna.<\/p>\n<\/div>\n<\/div>\n<p><span style=\"color: #000000;\"><strong>Jag hoppas att vi f\u00e5r en h\u00e4rlig kurs tillsammans! <\/strong><\/span><\/p>\n<p><span style=\"color: #000000;\"><strong>Varmt v\u00e4lkommen!<br \/>\n<\/strong><strong>\/\/ Susanne<\/strong><\/span><\/p>\n<p>&nbsp;<\/p>","protected":false},"excerpt":{"rendered":"<p><strong>Kursbetalning: H\u00f6gre Medvetande del 17<\/strong><\/p>\n<p><strong>Du h\u00e4lsas v\u00e4lkommen den 7-8 januari 2027, p\u00e5 plats i K\u00e5restad<\/strong><\/p>\n<p><strong>Om kursen<br \/>\n<\/strong><\/p>\n<p>H\u00f6gre Medvetande handlar om en kraftfull andlig expansion som beh\u00f6ver omfatta b\u00e5de utveckling av ljuskropparna och en \u00f6kad kunskapsniv\u00e5.<\/p>\n<p>Kursen \u00e4r mellan\u00a010 &#8211; 17.<\/p>\n<div class=\"wp-block-column is-layout-flow wp-block-column-is-layout-flow\">\n<p><strong>Betalning:<\/strong><br \/>\nKursavgiften \u00e4r 3150 kr inkl moms. Kvitto p\u00e5 din betalning kommer p\u00e5 din mail, direkt efter att din betalning genomf\u00f6rts.<\/p>\n<\/div>\n<p><strong>Jag hoppas att vi f\u00e5r en h\u00e4rlig kurs tillsammans!<\/strong><br \/>\n\/\/ Susanne J\u00f6nsson<\/p>","protected":false},"featured_media":104,"comment_status":"closed","ping_status":"closed","template":"","meta":[],"product_brand":[],"product_cat":[626],"product_tag":[],"class_list":{"0":"post-46080","1":"product","2":"type-product","3":"status-publish","4":"has-post-thumbnail","6":"product_cat-kurs","8":"first","9":"instock","10":"virtual","11":"sold-individually","12":"taxable","13":"purchasable","14":"product-type-course"},"_links":{"self":[{"href":"https:\/\/utbcenter.sj-school.se\/en\/wp-json\/wp\/v2\/product\/46080","targetHints":{"allow":["GET"]}}],"collection":[{"href":"https:\/\/utbcenter.sj-school.se\/en\/wp-json\/wp\/v2\/product"}],"about":[{"href":"https:\/\/utbcenter.sj-school.se\/en\/wp-json\/wp\/v2\/types\/product"}],"replies":[{"embeddable":true,"href":"https:\/\/utbcenter.sj-school.se\/en\/wp-json\/wp\/v2\/comments?post=46080"}],"wp:featuredmedia":[{"embeddable":true,"href":"https:\/\/utbcenter.sj-school.se\/en\/wp-json\/wp\/v2\/media\/104"}],"wp:attachment":[{"href":"https:\/\/utbcenter.sj-school.se\/en\/wp-json\/wp\/v2\/media?parent=46080"}],"wp:term":[{"taxonomy":"product_brand","embeddable":true,"href":"https:\/\/utbcenter.sj-school.se\/en\/wp-json\/wp\/v2\/product_brand?post=46080"},{"taxonomy":"product_cat","embeddable":true,"href":"https:\/\/utbcenter.sj-school.se\/en\/wp-json\/wp\/v2\/product_cat?post=46080"},{"taxonomy":"product_tag","embeddable":true,"href":"https:\/\/utbcenter.sj-school.se\/en\/wp-json\/wp\/v2\/product_tag?post=46080"}],"curies":[{"name":"wp","href":"https:\/\/api.w.org\/{rel}","templated":true}]}}