{"id":46102,"date":"2025-05-22T15:44:01","date_gmt":"2025-05-22T13:44:01","guid":{"rendered":"https:\/\/utbcenter.sj-school.se\/?post_type=product&#038;p=46102"},"modified":"2026-02-20T09:17:46","modified_gmt":"2026-02-20T08:17:46","slug":"kompetensdag-for-helhetsterapeuter-270226-zoom-kursbetalning","status":"publish","type":"product","link":"https:\/\/utbcenter.sj-school.se\/en\/product\/kompetensdag-for-helhetsterapeuter-270226-zoom-kursbetalning\/","title":{"rendered":"Kompetensdag f\u00f6r Helhetsterapeuter den 26\/2- 2027 via Zoom: Kursbetalning"},"content":{"rendered":"<div class=\"wp-block-columns is-layout-flex wp-container-core-columns-is-layout-9d6595d7 wp-block-columns-is-layout-flex\">\n<div class=\"wp-block-column is-layout-flow wp-block-column-is-layout-flow\">\n<p>Dagen \u00e4r till f\u00f6r att uppdatera din kunskap och ge dig m\u00e5nga m\u00f6jligheter att st\u00e4lla fr\u00e5gor, b\u00e5de om behandlingar, klienter och om behandlingstekniker.<\/p>\n<p>\u00c4ven om du inte \u00e4r klar med dina 30 klienter \u00e4r kompetensdagarna alltid \u00f6ppna f\u00f6r de som g\u00e5tt kursen. Det \u00e4r ett bra tillf\u00e4lle att f\u00e5 inspiration och svar p\u00e5 fr\u00e5gor.<\/p>\n<\/div>\n<\/div>\n<p><span style=\"color: #000000;\"><strong>Jag hoppas att vi f\u00e5r en h\u00e4rlig kurs tillsammans! <\/strong><\/span><\/p>\n<p><span style=\"color: #000000;\"><strong>Varmt v\u00e4lkommen!<br \/>\n<\/strong><strong>\/\/ Susanne<\/strong><\/span><\/p>\n<p>&nbsp;<\/p>","protected":false},"excerpt":{"rendered":"<p><strong>Kursbetalning: Kompetensdag Helhetsterapeut<\/strong><\/p>\n<p><strong>Om kursen<br \/>\n<\/strong><\/p>\n<p>Dagen \u00e4r till f\u00f6r att uppdatera din kunskap och ge dig m\u00e5nga m\u00f6jligheter att st\u00e4lla fr\u00e5gor, b\u00e5de om behandlingar, klienter och om behandlingstekniker.<\/p>\n<p>\u00c4ven om du inte \u00e4r klar med dina 30 klienter \u00e4r kompetensdagarna alltid \u00f6ppna f\u00f6r de som g\u00e5tt kursen. Det \u00e4r ett bra tillf\u00e4lle att f\u00e5 inspiration och svar p\u00e5 fr\u00e5gor.<\/p>\n<p>Kursen \u00e4r mellan\u00a010 &#8211; 17.<\/p>\n<div class=\"wp-block-column is-layout-flow wp-block-column-is-layout-flow\">\n<p><strong>Betalning:<\/strong><br \/>\nKursavgift 1000 kr inkl moms. Kvitto p\u00e5 din betalning kommer p\u00e5 din mail, direkt efter att din betalning genomf\u00f6rts.<\/p>\n<\/div>\n<p><strong>Jag hoppas att vi f\u00e5r en h\u00e4rlig kurs tillsammans!<\/strong><br \/>\n\/\/ Susanne J\u00f6nsson<\/p>","protected":false},"featured_media":104,"comment_status":"closed","ping_status":"closed","template":"","meta":[],"product_brand":[],"product_cat":[626],"product_tag":[],"class_list":{"0":"post-46102","1":"product","2":"type-product","3":"status-publish","4":"has-post-thumbnail","6":"product_cat-kurs","8":"first","9":"instock","10":"virtual","11":"sold-individually","12":"taxable","13":"purchasable","14":"product-type-course"},"_links":{"self":[{"href":"https:\/\/utbcenter.sj-school.se\/en\/wp-json\/wp\/v2\/product\/46102","targetHints":{"allow":["GET"]}}],"collection":[{"href":"https:\/\/utbcenter.sj-school.se\/en\/wp-json\/wp\/v2\/product"}],"about":[{"href":"https:\/\/utbcenter.sj-school.se\/en\/wp-json\/wp\/v2\/types\/product"}],"replies":[{"embeddable":true,"href":"https:\/\/utbcenter.sj-school.se\/en\/wp-json\/wp\/v2\/comments?post=46102"}],"wp:featuredmedia":[{"embeddable":true,"href":"https:\/\/utbcenter.sj-school.se\/en\/wp-json\/wp\/v2\/media\/104"}],"wp:attachment":[{"href":"https:\/\/utbcenter.sj-school.se\/en\/wp-json\/wp\/v2\/media?parent=46102"}],"wp:term":[{"taxonomy":"product_brand","embeddable":true,"href":"https:\/\/utbcenter.sj-school.se\/en\/wp-json\/wp\/v2\/product_brand?post=46102"},{"taxonomy":"product_cat","embeddable":true,"href":"https:\/\/utbcenter.sj-school.se\/en\/wp-json\/wp\/v2\/product_cat?post=46102"},{"taxonomy":"product_tag","embeddable":true,"href":"https:\/\/utbcenter.sj-school.se\/en\/wp-json\/wp\/v2\/product_tag?post=46102"}],"curies":[{"name":"wp","href":"https:\/\/api.w.org\/{rel}","templated":true}]}}