{"id":46105,"date":"2025-05-22T17:37:04","date_gmt":"2025-05-22T15:37:04","guid":{"rendered":"https:\/\/utbcenter.sj-school.se\/?post_type=product&#038;p=46105"},"modified":"2026-02-23T10:31:04","modified_gmt":"2026-02-23T09:31:04","slug":"hogre-medvetande-7-8-270904-plats-i-karestad-kursbetalning","status":"publish","type":"product","link":"https:\/\/utbcenter.sj-school.se\/en\/product\/hogre-medvetande-7-8-270904-plats-i-karestad-kursbetalning\/","title":{"rendered":"H\u00f6gre Medvetande 7-8 den 4-5\/9- 2027 p\u00e5 plats i K\u00e5restad: Kursbetalning"},"content":{"rendered":"<h3 class=\"wp-block-heading has-colibri-color-6-color has-text-color\">M\u00e5ls\u00e4ttning f\u00f6r kursen H\u00f6gre medvetande del 7 och 8<\/h3>\n<p class=\"has-colibri-color-6-color has-text-color\">Du tar nya steg mot ett enhetsmedvetande och f\u00f6rdjupat den kunskap som beh\u00f6vs f\u00f6r att kunna n\u00e5 denna niv\u00e5. Du f\u00e5r tillg\u00e5ng till nya verktyg och hj\u00e4lpmedel f\u00f6r att kunna anv\u00e4nda din kunskap varje dag, f\u00f6r att g\u00e5 bortom polariteten och stanna kvar i ett enhetsmedvetande \u00e4ven i din vardag.<\/p>\n<p>Du f\u00e5r en djupare f\u00f6rst\u00e5else f\u00f6r behovet av balans i alla aspekter av ditt liv, fysiskt, energim\u00e4ssigt och praktiskt. N\u00e4r du kan arbeta med de olika energierna och vet vad som s\u00e4rskiljer dem d\u00e5 expanderar du i medvetande.<\/p>\n<p><span style=\"color: #000000;\"><strong>Jag hoppas att vi f\u00e5r en h\u00e4rlig kurs tillsammans! <\/strong><\/span><\/p>\n<p><span style=\"color: #000000;\"><strong>Varmt v\u00e4lkommen!<br \/>\n<\/strong><strong>\/\/ Susanne<\/strong><\/span><\/p>\n<p>&nbsp;<\/p>","protected":false},"excerpt":{"rendered":"<p><strong>Kursbetalning: H\u00f6gre Medvetande 7-8<\/strong><strong>, p\u00e5 plats i K\u00e5restad<\/strong><\/p>\n<p><strong>Om kursen<br \/>\n<\/strong>Att n\u00e5 den 7:e niv\u00e5n av medvetande \u00e4r stort och \u00e4n s\u00e5 l\u00e4nge ganska unikt och nu kan vi dessutom kombinera steg 7 med steg 8 som handlar om balans. Balans mellan det maskulina och det feminina<\/p>\n<p>Kursen \u00e4r mellan\u00a010 &#8211; 17.<\/p>\n<div class=\"wp-block-column is-layout-flow wp-block-column-is-layout-flow\">\n<p><strong>Betalning:<\/strong><br \/>\nKursavgiften \u00e4r 3.900 kr inkl moms. Kvitto p\u00e5 din betalning kommer p\u00e5 din mail, direkt efter att din betalning genomf\u00f6rts.<\/p>\n<\/div>\n<p><strong>Jag hoppas att vi f\u00e5r en h\u00e4rlig kurs tillsammans!<\/strong><br \/>\n\/\/ Susanne J\u00f6nsson<\/p>","protected":false},"featured_media":104,"comment_status":"closed","ping_status":"closed","template":"","meta":[],"product_brand":[],"product_cat":[626],"product_tag":[],"class_list":{"0":"post-46105","1":"product","2":"type-product","3":"status-publish","4":"has-post-thumbnail","6":"product_cat-kurs","8":"first","9":"instock","10":"virtual","11":"sold-individually","12":"taxable","13":"purchasable","14":"product-type-course"},"_links":{"self":[{"href":"https:\/\/utbcenter.sj-school.se\/en\/wp-json\/wp\/v2\/product\/46105","targetHints":{"allow":["GET"]}}],"collection":[{"href":"https:\/\/utbcenter.sj-school.se\/en\/wp-json\/wp\/v2\/product"}],"about":[{"href":"https:\/\/utbcenter.sj-school.se\/en\/wp-json\/wp\/v2\/types\/product"}],"replies":[{"embeddable":true,"href":"https:\/\/utbcenter.sj-school.se\/en\/wp-json\/wp\/v2\/comments?post=46105"}],"wp:featuredmedia":[{"embeddable":true,"href":"https:\/\/utbcenter.sj-school.se\/en\/wp-json\/wp\/v2\/media\/104"}],"wp:attachment":[{"href":"https:\/\/utbcenter.sj-school.se\/en\/wp-json\/wp\/v2\/media?parent=46105"}],"wp:term":[{"taxonomy":"product_brand","embeddable":true,"href":"https:\/\/utbcenter.sj-school.se\/en\/wp-json\/wp\/v2\/product_brand?post=46105"},{"taxonomy":"product_cat","embeddable":true,"href":"https:\/\/utbcenter.sj-school.se\/en\/wp-json\/wp\/v2\/product_cat?post=46105"},{"taxonomy":"product_tag","embeddable":true,"href":"https:\/\/utbcenter.sj-school.se\/en\/wp-json\/wp\/v2\/product_tag?post=46105"}],"curies":[{"name":"wp","href":"https:\/\/api.w.org\/{rel}","templated":true}]}}