{"id":46115,"date":"2025-05-23T10:45:39","date_gmt":"2025-05-23T08:45:39","guid":{"rendered":"https:\/\/utbcenter.sj-school.se\/?post_type=product&#038;p=46115"},"modified":"2026-02-24T09:35:21","modified_gmt":"2026-02-24T08:35:21","slug":"meditationsdag-plats-271120-kursbetalning","status":"publish","type":"product","link":"https:\/\/utbcenter.sj-school.se\/en\/product\/meditationsdag-plats-271120-kursbetalning\/","title":{"rendered":"Meditationsdag den 20\/11-2027 mellan 10-15 p\u00e5 plats. Kursbetalning"},"content":{"rendered":"<p><strong>\u00c4ntligen \u00e4r det tid f\u00f6r en ny meditationsdag!<\/strong><\/p>\n<p><em>Dessa dagar \u00e4r till f\u00f6r att \u00f6ka din kunskap och h\u00f6ja ditt medvetande samt f\u00f6r att arbeta med det kollektiva medvetandet. Vi kommer att meditera, samtala, f\u00f6rklara och gemensamt h\u00f6ja b\u00e5de din och gruppens kunskaps och medvetandeniv\u00e5.<\/em><\/p>\n<p><em>Tiden vi lever i \u00e4r intensiv p\u00e5 flera s\u00e4tt, detta \u00e4r ett bra tillf\u00e4lle att \u00f6ka sin kunskap och sitt medvetande.<\/em><\/p>\n<p><strong><em>Du g\u00f6r detta b\u00e5de f\u00f6r dig sj\u00e4lv och f\u00f6r det kollektiva medvetandet.<\/em><\/strong><\/p>\n<p><strong>Praktiskt:\u00a0<\/strong>Vi kommer att ha en mindre grupp h\u00e4r, som \u00e4r med fysiskt \u2013 resten av deltagarna ansluter online. Plattformen vi anv\u00e4nder \u00e4r Zoom som \u00e4r smidig och l\u00e4tt att hantera b\u00e5de f\u00f6r deltagare och ledare.<\/p>\n<h3 id=\"h-varmt-v-lkommen-att-vara-med\">Varmt v\u00e4lkommen att vara med!<\/h3>\n<p>\/\/ Susanne J\u00f6nsson<\/p>","protected":false},"excerpt":{"rendered":"<h4 style=\"text-align: left;\">Meditationsdag mellan 10-15 p\u00e5 plats i K\u00e5restad<\/h4>\n<p>Dessa dagar \u00e4r till f\u00f6r att \u00f6ka din kunskap och h\u00f6ja ditt medvetande samt f\u00f6r att arbeta med det kollektiva medvetandet. Vi kommer att meditera, samtala, f\u00f6rklara och gemensamt h\u00f6ja b\u00e5de din och gruppens kunskaps och medvetandeniv\u00e5.<\/p>","protected":false},"featured_media":20146,"comment_status":"open","ping_status":"closed","template":"","meta":[],"product_brand":[],"product_cat":[626],"product_tag":[],"class_list":{"0":"post-46115","1":"product","2":"type-product","3":"status-publish","4":"has-post-thumbnail","6":"product_cat-kurs","8":"first","9":"instock","10":"virtual","11":"sold-individually","12":"taxable","13":"purchasable","14":"product-type-course"},"_links":{"self":[{"href":"https:\/\/utbcenter.sj-school.se\/en\/wp-json\/wp\/v2\/product\/46115","targetHints":{"allow":["GET"]}}],"collection":[{"href":"https:\/\/utbcenter.sj-school.se\/en\/wp-json\/wp\/v2\/product"}],"about":[{"href":"https:\/\/utbcenter.sj-school.se\/en\/wp-json\/wp\/v2\/types\/product"}],"replies":[{"embeddable":true,"href":"https:\/\/utbcenter.sj-school.se\/en\/wp-json\/wp\/v2\/comments?post=46115"}],"wp:featuredmedia":[{"embeddable":true,"href":"https:\/\/utbcenter.sj-school.se\/en\/wp-json\/wp\/v2\/media\/20146"}],"wp:attachment":[{"href":"https:\/\/utbcenter.sj-school.se\/en\/wp-json\/wp\/v2\/media?parent=46115"}],"wp:term":[{"taxonomy":"product_brand","embeddable":true,"href":"https:\/\/utbcenter.sj-school.se\/en\/wp-json\/wp\/v2\/product_brand?post=46115"},{"taxonomy":"product_cat","embeddable":true,"href":"https:\/\/utbcenter.sj-school.se\/en\/wp-json\/wp\/v2\/product_cat?post=46115"},{"taxonomy":"product_tag","embeddable":true,"href":"https:\/\/utbcenter.sj-school.se\/en\/wp-json\/wp\/v2\/product_tag?post=46115"}],"curies":[{"name":"wp","href":"https:\/\/api.w.org\/{rel}","templated":true}]}}