{"id":46119,"date":"2025-05-23T14:48:12","date_gmt":"2025-05-23T12:48:12","guid":{"rendered":"https:\/\/utbcenter.sj-school.se\/?post_type=product&#038;p=46119"},"modified":"2025-12-01T22:06:27","modified_gmt":"2025-12-01T21:06:27","slug":"tiden-260124-zoom-kursbetalning","status":"publish","type":"product","link":"https:\/\/utbcenter.sj-school.se\/en\/product\/tiden-260124-zoom-kursbetalning\/","title":{"rendered":"Tiden f\u00f6re Tiden den 24-25\/1- 2026 via Zoom: Kursbetalning"},"content":{"rendered":"<h3 class=\"wp-block-heading has-colibri-color-6-color has-text-color\">M\u00e5ls\u00e4ttning f\u00f6r kursen Tiden f\u00f6re tiden<\/h3>\n<p>Denna g\u00e5ng ska vi utforska Tiden f\u00f6re Tiden. Hur s\u00e5g det ut p\u00e5 Jorden f\u00f6re fallet? Hur levde vi d\u00e5 och vad h\u00e4nde d\u00e4r som vi beh\u00f6ver f\u00f6rst\u00e5 idag?<\/p>\n<p><span style=\"color: #000000;\"><strong>Jag hoppas att vi f\u00e5r en h\u00e4rlig kurs tillsammans! <\/strong><\/span><\/p>\n<p><span style=\"color: #000000;\"><strong>Varmt v\u00e4lkommen!<br \/>\n<\/strong><strong>\/\/ Susanne<\/strong><\/span><\/p>\n<p>&nbsp;<\/p>","protected":false},"excerpt":{"rendered":"<p><strong>Kursbetalning: Tiden f\u00f6re Tiden<\/strong><\/p>\n<p><strong>Du h\u00e4lsas v\u00e4lkommen den 24-25 januari 2026, via Zoom<\/strong><\/p>\n<p><strong>Om kursen<br \/>\n<\/strong>Detta \u00e4r en ny kurs d\u00e4r vi kommer att utforska Tiden f\u00f6re Tiden tillsammans p\u00e5 olika s\u00e4tt. Hur s\u00e5g det ut p\u00e5 Jorden f\u00f6re fallet? Hur levde vi d\u00e5 och vad h\u00e4nde d\u00e4r som vi beh\u00f6ver f\u00f6rst\u00e5 idag?<\/p>\n<p>Kursen \u00e4r mellan\u00a010 &#8211; 17.<\/p>\n<div class=\"wp-block-column is-layout-flow wp-block-column-is-layout-flow\">\n<p><strong>Betalning:<\/strong><br \/>\nKursavgiften \u00e4r 2950 kr inkl moms. Kvitto p\u00e5 din betalning kommer p\u00e5 din mail, direkt efter att din betalning genomf\u00f6rts.<\/p>\n<\/div>\n<p><strong>Jag hoppas att vi f\u00e5r en h\u00e4rlig kurs tillsammans!<\/strong><br \/>\n\/\/ Susanne J\u00f6nsson<\/p>","protected":false},"featured_media":104,"comment_status":"closed","ping_status":"closed","template":"","meta":[],"product_brand":[],"product_cat":[626],"product_tag":[],"class_list":{"0":"post-46119","1":"product","2":"type-product","3":"status-publish","4":"has-post-thumbnail","6":"product_cat-kurs","8":"first","9":"instock","10":"virtual","11":"sold-individually","12":"taxable","13":"purchasable","14":"product-type-course"},"_links":{"self":[{"href":"https:\/\/utbcenter.sj-school.se\/en\/wp-json\/wp\/v2\/product\/46119","targetHints":{"allow":["GET"]}}],"collection":[{"href":"https:\/\/utbcenter.sj-school.se\/en\/wp-json\/wp\/v2\/product"}],"about":[{"href":"https:\/\/utbcenter.sj-school.se\/en\/wp-json\/wp\/v2\/types\/product"}],"replies":[{"embeddable":true,"href":"https:\/\/utbcenter.sj-school.se\/en\/wp-json\/wp\/v2\/comments?post=46119"}],"wp:featuredmedia":[{"embeddable":true,"href":"https:\/\/utbcenter.sj-school.se\/en\/wp-json\/wp\/v2\/media\/104"}],"wp:attachment":[{"href":"https:\/\/utbcenter.sj-school.se\/en\/wp-json\/wp\/v2\/media?parent=46119"}],"wp:term":[{"taxonomy":"product_brand","embeddable":true,"href":"https:\/\/utbcenter.sj-school.se\/en\/wp-json\/wp\/v2\/product_brand?post=46119"},{"taxonomy":"product_cat","embeddable":true,"href":"https:\/\/utbcenter.sj-school.se\/en\/wp-json\/wp\/v2\/product_cat?post=46119"},{"taxonomy":"product_tag","embeddable":true,"href":"https:\/\/utbcenter.sj-school.se\/en\/wp-json\/wp\/v2\/product_tag?post=46119"}],"curies":[{"name":"wp","href":"https:\/\/api.w.org\/{rel}","templated":true}]}}