{"id":46201,"date":"2025-05-27T15:10:26","date_gmt":"2025-05-27T13:10:26","guid":{"rendered":"https:\/\/utbcenter.sj-school.se\/?post_type=product&#038;p=46201"},"modified":"2025-05-27T15:12:39","modified_gmt":"2025-05-27T13:12:39","slug":"hm-5-6-plats-260808-kursbetalning","status":"publish","type":"product","link":"https:\/\/utbcenter.sj-school.se\/en\/product\/hm-5-6-plats-260808-kursbetalning\/","title":{"rendered":"H\u00f6gre Medvetande 5-6 den 8-9\/8- 2026 p\u00e5 plats i K\u00e5restad: Kursbetalning"},"content":{"rendered":"<h4 class=\"wp-block-heading has-colibri-color-6-color has-text-color\"><span style=\"color: #000000;\">M\u00e5ls\u00e4ttning f\u00f6r kursen H\u00f6gre medvetande del 5 och 6<\/span><\/h4>\n<p class=\"has-colibri-color-6-color has-text-color\"><span style=\"color: #000000;\">Du f\u00e5r m\u00f6jligheten att n\u00e5 nya niv\u00e5er i medvetandet och du l\u00e4r dig hantera din inre kunskap p\u00e5 ett djupare plan. F\u00f6rutom kunskapen om dig och om din egen historia i ditt hj\u00e4rtas f\u00f6rsta rum, har du nu \u00e4ven f\u00e5tt tilltr\u00e4de till Kunskapens Kammare d\u00e4r kunskap fr\u00e5n hela universum finns att utforska.<\/span><br \/>\n<span style=\"color: #000000;\">Du har en djupare f\u00f6rst\u00e5else f\u00f6r attraktionslagen och kan d\u00e4rmed g\u00f6ra dina skapelseprocesser p\u00e5 ett effektivare s\u00e4tt.<\/span><\/p>\n<p><span style=\"color: #000000;\"><strong>Jag hoppas att vi f\u00e5r en h\u00e4rlig kurs tillsammans! <\/strong><\/span><\/p>\n<p><span style=\"color: #000000;\"><strong>Varmt v\u00e4lkommen!<br \/>\n<\/strong><strong>\/\/ Susanne<\/strong><\/span><\/p>\n<p>&nbsp;<\/p>","protected":false},"excerpt":{"rendered":"<p><strong>Kursbetalning: H\u00f6gre Medvetande del 5 och 6<\/strong><\/p>\n<p><strong>Du h\u00e4lsas v\u00e4lkommen den 8-9 augusti 2026, p\u00e5 plats i K\u00e5restad<\/strong><\/p>\n<p><strong>Om kursen<br \/>\n<\/strong>Du \u00e4r anm\u00e4ld till en kombinationskurs av H\u00f6gre Medvetande Del 5 och del 6 d\u00e4r du kommer att aktivera fler delar av dina ljuskroppar och att anv\u00e4nda dem p\u00e5 ett nytt s\u00e4tt. Det handlar ocks\u00e5 om att \u00f6ka din kunskap och h\u00f6ja din medvetandeniv\u00e5 ytterligare ett steg.<\/p>\n<p>Kursen \u00e4r under en helg: <strong><em>l\u00f6rdag och s\u00f6ndag <\/em><\/strong>klockan 10 &#8211; 17.<\/p>\n<div class=\"wp-block-column is-layout-flow wp-block-column-is-layout-flow\">\n<p><strong>Betalning:<\/strong><br \/>\nKursavgiften \u00e4r 3.700 kr inkl moms. Kvitto p\u00e5 din betalning kommer p\u00e5 din mail, direkt efter att din betalning genomf\u00f6rts.<\/p>\n<\/div>\n<p><strong>Jag hoppas att vi f\u00e5r en h\u00e4rlig kurs tillsammans!<\/strong><br \/>\n\/\/ Susanne J\u00f6nsson<\/p>","protected":false},"featured_media":104,"comment_status":"closed","ping_status":"closed","template":"","meta":[],"product_brand":[],"product_cat":[626],"product_tag":[],"class_list":{"0":"post-46201","1":"product","2":"type-product","3":"status-publish","4":"has-post-thumbnail","6":"product_cat-kurs","8":"first","9":"instock","10":"virtual","11":"sold-individually","12":"taxable","13":"purchasable","14":"product-type-course"},"_links":{"self":[{"href":"https:\/\/utbcenter.sj-school.se\/en\/wp-json\/wp\/v2\/product\/46201","targetHints":{"allow":["GET"]}}],"collection":[{"href":"https:\/\/utbcenter.sj-school.se\/en\/wp-json\/wp\/v2\/product"}],"about":[{"href":"https:\/\/utbcenter.sj-school.se\/en\/wp-json\/wp\/v2\/types\/product"}],"replies":[{"embeddable":true,"href":"https:\/\/utbcenter.sj-school.se\/en\/wp-json\/wp\/v2\/comments?post=46201"}],"wp:featuredmedia":[{"embeddable":true,"href":"https:\/\/utbcenter.sj-school.se\/en\/wp-json\/wp\/v2\/media\/104"}],"wp:attachment":[{"href":"https:\/\/utbcenter.sj-school.se\/en\/wp-json\/wp\/v2\/media?parent=46201"}],"wp:term":[{"taxonomy":"product_brand","embeddable":true,"href":"https:\/\/utbcenter.sj-school.se\/en\/wp-json\/wp\/v2\/product_brand?post=46201"},{"taxonomy":"product_cat","embeddable":true,"href":"https:\/\/utbcenter.sj-school.se\/en\/wp-json\/wp\/v2\/product_cat?post=46201"},{"taxonomy":"product_tag","embeddable":true,"href":"https:\/\/utbcenter.sj-school.se\/en\/wp-json\/wp\/v2\/product_tag?post=46201"}],"curies":[{"name":"wp","href":"https:\/\/api.w.org\/{rel}","templated":true}]}}