{"id":46228,"date":"2025-05-28T12:54:48","date_gmt":"2025-05-28T10:54:48","guid":{"rendered":"https:\/\/utbcenter.sj-school.se\/?post_type=product&#038;p=46228"},"modified":"2025-09-22T09:55:00","modified_gmt":"2025-09-22T07:55:00","slug":"komp-larare-261106-zoom-kursbetalning","status":"publish","type":"product","link":"https:\/\/utbcenter.sj-school.se\/en\/product\/komp-larare-261106-zoom-kursbetalning\/","title":{"rendered":"Kompetensdag f\u00f6r L\u00e4rare den 4\/12- 2026 via Zoom: Kursbetalning"},"content":{"rendered":"<div class=\"wp-block-columns is-layout-flex wp-container-core-columns-is-layout-9d6595d7 wp-block-columns-is-layout-flex\">\n<div class=\"wp-block-column is-layout-flow wp-block-column-is-layout-flow\">\n<p>Dessa kompetensdagar \u00e4r endast f\u00f6r aktiva l\u00e4rare i syfte att h\u00e5lla kunskap uppdaterad och aktuell.<\/p>\n<\/div>\n<\/div>\n<p><span style=\"color: #000000;\"><strong>Jag hoppas att vi f\u00e5r en h\u00e4rlig kurs tillsammans! <\/strong><\/span><\/p>\n<p><span style=\"color: #000000;\"><strong>Varmt v\u00e4lkommen!<br \/>\n<\/strong><strong>\/\/ Susanne<\/strong><\/span><\/p>\n<p>&nbsp;<\/p>","protected":false},"excerpt":{"rendered":"<p><strong>Kursbetalning: Kompetensdag L\u00e4rare den 6 november 2026, via Zoom<\/strong><\/p>\n<p><strong>Om kursen<br \/>\n<\/strong><\/p>\n<p>Dessa kompetensdagar \u00e4r endast f\u00f6r aktiva l\u00e4rare i syfte att h\u00e5lla kunskap uppdaterad och aktuell.<\/p>\n<p>Kursen \u00e4r mellan\u00a010 &#8211; 17.<\/p>\n<div class=\"wp-block-column is-layout-flow wp-block-column-is-layout-flow\">\n<p><strong>Betalning:<\/strong><br \/>\nKursavgift 1000 kr inkl moms. Kvitto p\u00e5 din betalning kommer p\u00e5 din mail, direkt efter att din betalning genomf\u00f6rts.<\/p>\n<\/div>\n<p><strong>Jag hoppas att vi f\u00e5r en h\u00e4rlig kurs tillsammans!<\/strong><br \/>\n\/\/ Susanne J\u00f6nsson<\/p>","protected":false},"featured_media":104,"comment_status":"closed","ping_status":"closed","template":"","meta":[],"product_brand":[],"product_cat":[626],"product_tag":[],"class_list":{"0":"post-46228","1":"product","2":"type-product","3":"status-publish","4":"has-post-thumbnail","6":"product_cat-kurs","8":"first","9":"instock","10":"virtual","11":"sold-individually","12":"taxable","13":"purchasable","14":"product-type-course"},"_links":{"self":[{"href":"https:\/\/utbcenter.sj-school.se\/en\/wp-json\/wp\/v2\/product\/46228","targetHints":{"allow":["GET"]}}],"collection":[{"href":"https:\/\/utbcenter.sj-school.se\/en\/wp-json\/wp\/v2\/product"}],"about":[{"href":"https:\/\/utbcenter.sj-school.se\/en\/wp-json\/wp\/v2\/types\/product"}],"replies":[{"embeddable":true,"href":"https:\/\/utbcenter.sj-school.se\/en\/wp-json\/wp\/v2\/comments?post=46228"}],"wp:featuredmedia":[{"embeddable":true,"href":"https:\/\/utbcenter.sj-school.se\/en\/wp-json\/wp\/v2\/media\/104"}],"wp:attachment":[{"href":"https:\/\/utbcenter.sj-school.se\/en\/wp-json\/wp\/v2\/media?parent=46228"}],"wp:term":[{"taxonomy":"product_brand","embeddable":true,"href":"https:\/\/utbcenter.sj-school.se\/en\/wp-json\/wp\/v2\/product_brand?post=46228"},{"taxonomy":"product_cat","embeddable":true,"href":"https:\/\/utbcenter.sj-school.se\/en\/wp-json\/wp\/v2\/product_cat?post=46228"},{"taxonomy":"product_tag","embeddable":true,"href":"https:\/\/utbcenter.sj-school.se\/en\/wp-json\/wp\/v2\/product_tag?post=46228"}],"curies":[{"name":"wp","href":"https:\/\/api.w.org\/{rel}","templated":true}]}}