{"id":50205,"date":"2026-02-19T12:55:50","date_gmt":"2026-02-19T11:55:50","guid":{"rendered":"https:\/\/utbcenter.sj-school.se\/?post_type=product&#038;p=50205"},"modified":"2026-02-19T12:58:06","modified_gmt":"2026-02-19T11:58:06","slug":"hogre-medvetande-11-12-270213-via-zoom-kursbetalning","status":"publish","type":"product","link":"https:\/\/utbcenter.sj-school.se\/en\/product\/hogre-medvetande-11-12-270213-via-zoom-kursbetalning\/","title":{"rendered":"H\u00f6gre Medvetande 11-12 den 13-14\/2- 2027 via Zoom: Kursbetalning"},"content":{"rendered":"<div class=\"wp-block-columns is-layout-flex wp-container-core-columns-is-layout-9d6595d7 wp-block-columns-is-layout-flex\">\n<div class=\"wp-block-column is-layout-flow wp-block-column-is-layout-flow\">\n<p class=\"has-medium-font-size\"><em>I v\u00e5r serie om att n\u00e5 ett h\u00f6gre medvetande n\u00e5r du h\u00f6gre niv\u00e5er av kunskap som kommer inifr\u00e5n dig sj\u00e4lv, n\u00e4rmare best\u00e4mt fr\u00e5n ditt hj\u00e4rta.<\/em><\/p>\n<p class=\"has-colibri-color-6-color has-text-color\">Denna g\u00e5ng g\u00e5r vi djupare in i kunskapen bakom kunskapen. Du g\u00f6r detta arbete inte enbart f\u00f6r din egen skull utan \u00e4ven \u00e4ven f\u00f6r det kollektiva medvetandets skull. Ju fler vi \u00e4r som hj\u00e4lper till att h\u00f6ja det kollektiva medvetandet, desto fortare g\u00e5r hela processen. N\u00e4r du f\u00f6rst\u00e5r kunskapen bakom kunskapen, d\u00e5 kan du finna nya niv\u00e5er i din utveckling och i de verktyg som du dagligen anv\u00e4nder i ditt liv.<\/p>\n<p>Du f\u00e5r l\u00e4ra dig mer om de sju principer som \u00e4r grunden bakom allt medvetande arbete, vi pratar ocks\u00e5 om alkemi, b\u00e5de yttre och inre alkemi. Vad \u00e4r det och hur anv\u00e4nder du den kunskapen praktiskt i din vardag.<\/p>\n<\/div>\n<\/div>\n<p><span style=\"color: #000000;\"><strong>Jag hoppas att vi f\u00e5r en h\u00e4rlig kurs tillsammans! <\/strong><\/span><\/p>\n<p><span style=\"color: #000000;\"><strong>Varmt v\u00e4lkommen!<br \/>\n<\/strong><strong>\/\/ Susanne<\/strong><\/span><\/p>\n<p>&nbsp;<\/p>","protected":false},"excerpt":{"rendered":"<p><strong>Kursbetalning: H\u00f6gre Medvetande del 11-12<\/strong><strong>, via Zoom.<\/strong><\/p>\n<p><strong>Om kursen<br \/>\n<\/strong><\/p>\n<p>Denna g\u00e5ng g\u00e5r vi djupare in i kunskapen bakom kunskapen. Du f\u00e5r l\u00e4ra dig mer om de sju principer som \u00e4r grunden bakom allt medvetande arbete, vi pratar ocks\u00e5 om alkemi, b\u00e5de yttre och inre alkemi. Vad \u00e4r det och hur anv\u00e4nder du den kunskapen praktiskt i din vardag.<\/p>\n<p>Kursen \u00e4r mellan\u00a010 &#8211; 17.<\/p>\n<div class=\"wp-block-column is-layout-flow wp-block-column-is-layout-flow\">\n<p><strong>Betalning:<\/strong><br \/>\nKursavgiften \u00e4r 3900 kr inkl moms. Kvitto p\u00e5 din betalning kommer p\u00e5 din mail, direkt efter att din betalning genomf\u00f6rts.<\/p>\n<\/div>\n<p><strong>Jag hoppas att vi f\u00e5r en h\u00e4rlig kurs tillsammans!<\/strong><br \/>\n\/\/ Susanne J\u00f6nsson<\/p>","protected":false},"featured_media":104,"comment_status":"closed","ping_status":"closed","template":"","meta":[],"product_brand":[],"product_cat":[626],"product_tag":[],"class_list":{"0":"post-50205","1":"product","2":"type-product","3":"status-publish","4":"has-post-thumbnail","6":"product_cat-kurs","8":"first","9":"instock","10":"virtual","11":"sold-individually","12":"taxable","13":"purchasable","14":"product-type-course"},"_links":{"self":[{"href":"https:\/\/utbcenter.sj-school.se\/en\/wp-json\/wp\/v2\/product\/50205","targetHints":{"allow":["GET"]}}],"collection":[{"href":"https:\/\/utbcenter.sj-school.se\/en\/wp-json\/wp\/v2\/product"}],"about":[{"href":"https:\/\/utbcenter.sj-school.se\/en\/wp-json\/wp\/v2\/types\/product"}],"replies":[{"embeddable":true,"href":"https:\/\/utbcenter.sj-school.se\/en\/wp-json\/wp\/v2\/comments?post=50205"}],"wp:featuredmedia":[{"embeddable":true,"href":"https:\/\/utbcenter.sj-school.se\/en\/wp-json\/wp\/v2\/media\/104"}],"wp:attachment":[{"href":"https:\/\/utbcenter.sj-school.se\/en\/wp-json\/wp\/v2\/media?parent=50205"}],"wp:term":[{"taxonomy":"product_brand","embeddable":true,"href":"https:\/\/utbcenter.sj-school.se\/en\/wp-json\/wp\/v2\/product_brand?post=50205"},{"taxonomy":"product_cat","embeddable":true,"href":"https:\/\/utbcenter.sj-school.se\/en\/wp-json\/wp\/v2\/product_cat?post=50205"},{"taxonomy":"product_tag","embeddable":true,"href":"https:\/\/utbcenter.sj-school.se\/en\/wp-json\/wp\/v2\/product_tag?post=50205"}],"curies":[{"name":"wp","href":"https:\/\/api.w.org\/{rel}","templated":true}]}}