{"id":50208,"date":"2026-02-19T13:45:31","date_gmt":"2026-02-19T12:45:31","guid":{"rendered":"https:\/\/utbcenter.sj-school.se\/?post_type=product&#038;p=50208"},"modified":"2026-02-19T13:46:24","modified_gmt":"2026-02-19T12:46:24","slug":"meditationsdag-den-20-2-2027-mellan-10-12-via-zoom-kursbetalning","status":"publish","type":"product","link":"https:\/\/utbcenter.sj-school.se\/en\/product\/meditationsdag-den-20-2-2027-mellan-10-12-via-zoom-kursbetalning\/","title":{"rendered":"Meditationsdag den 20\/2-2027 mellan 10-12 via Zoom. Kursbetalning"},"content":{"rendered":"<p><strong>\u00c4ntligen \u00e4r det tid f\u00f6r en ny meditationsdag!<\/strong><\/p>\n<p><em>Dessa dagar \u00e4r till f\u00f6r att \u00f6ka din kunskap och h\u00f6ja ditt medvetande samt f\u00f6r att arbeta med det kollektiva medvetandet. Vi kommer att meditera, samtala, f\u00f6rklara och gemensamt h\u00f6ja b\u00e5de din och gruppens kunskaps och medvetandeniv\u00e5.<\/em><\/p>\n<p><em>Tiden vi lever i \u00e4r intensiv p\u00e5 flera s\u00e4tt, detta \u00e4r ett bra tillf\u00e4lle att \u00f6ka sin kunskap och sitt medvetande.<\/em><\/p>\n<p><strong><em>Du g\u00f6r detta b\u00e5de f\u00f6r dig sj\u00e4lv och f\u00f6r det kollektiva medvetandet.<\/em><\/strong><\/p>\n<p>Dagen \u00e4r uppdelad i tv\u00e5 delar och inga f\u00f6rkunskaper kr\u00e4vs f\u00f6r dig som deltar mellan 10\u201312.<br \/>\nAllt vi g\u00f6r f\u00f6rklarar jag steg f\u00f6r steg s\u00e5 att alla kan f\u00f6rst\u00e5 och vara delaktiga.<\/p>\n<p><strong>Du deltar online, via ZOOM<\/strong><\/p>\n<p><strong>Praktiskt:\u00a0<\/strong>Vi kommer att ha en mindre grupp h\u00e4r, som \u00e4r med fysiskt \u2013 resten av deltagarna ansluter online. Plattformen vi anv\u00e4nder \u00e4r Zoom som \u00e4r smidig och l\u00e4tt att hantera b\u00e5de f\u00f6r deltagare och ledare.<\/p>\n<h2 id=\"h-det-r-l-tt-att-delta\">Det \u00e4r l\u00e4tt att delta!<\/h2>\n<div class=\"wp-block-image is-style-rounded\">\n<figure class=\"alignleft size-large is-resized\"><img loading=\"lazy\" decoding=\"async\" class=\"alignnone wp-image-44453 size-thumbnail\" src=\"https:\/\/utbcenter.sj-school.se\/wp-content\/uploads\/2024\/12\/Susanne-Jonsson-Helhetscentrum-150x150.png\" alt=\"Susanne J\u00f6nsson Helhetscentrum\" width=\"150\" height=\"150\" srcset=\"https:\/\/utbcenter.sj-school.se\/wp-content\/uploads\/2024\/12\/Susanne-Jonsson-Helhetscentrum-150x150.png 150w, https:\/\/utbcenter.sj-school.se\/wp-content\/uploads\/2024\/12\/Susanne-Jonsson-Helhetscentrum-300x300.png 300w, https:\/\/utbcenter.sj-school.se\/wp-content\/uploads\/2024\/12\/Susanne-Jonsson-Helhetscentrum-12x12.png 12w, https:\/\/utbcenter.sj-school.se\/wp-content\/uploads\/2024\/12\/Susanne-Jonsson-Helhetscentrum-100x100.png 100w, https:\/\/utbcenter.sj-school.se\/wp-content\/uploads\/2024\/12\/Susanne-Jonsson-Helhetscentrum.png 500w\" sizes=\"auto, (max-width: 150px) 100vw, 150px\" \/><\/figure>\n<\/div>\n<p>Du f\u00e5r l\u00e4nkarna till Zoom via mail, f\u00f6lj instruktionerna d\u00e4r.<\/p>\n<p>\u00c4r det f\u00f6rsta g\u00e5ngen du deltar online, rekommenderar jag att du startar 10-15 minuter f\u00f6re utsatt tid s\u00e5 du har all teknik ig\u00e5ng.<\/p>\n<p>Om du har n\u00e5gra problem med att f\u00f6rst\u00e5 instruktionerna kan du helt enkelt ringa mig p\u00e5 telefon 0733-327043 s\u00e5 hj\u00e4lper jag dig ig\u00e5ng.<\/p>\n<h3 id=\"h-varmt-v-lkommen-att-vara-med\">Varmt v\u00e4lkommen att vara med!<\/h3>\n<p>\/\/ Susanne J\u00f6nsson<\/p>","protected":false},"excerpt":{"rendered":"<h4 style=\"text-align: left;\">Meditationsdag, mellan 10-12 via Zoom<\/h4>\n<p>Dessa dagar \u00e4r till f\u00f6r att \u00f6ka din kunskap och h\u00f6ja ditt medvetande samt f\u00f6r att arbeta med det kollektiva medvetandet. Vi kommer att meditera, samtala, f\u00f6rklara och gemensamt h\u00f6ja b\u00e5de din och gruppens kunskaps och medvetandeniv\u00e5.<\/p>\n<p>Alla \u00e4r v\u00e4lkomna mellan 10-12!<\/p>\n<p>OBS! Endast deltagande live &#8211; dagen spelas <span style=\"text-decoration: underline;\">inte<\/span> in.<\/p>","protected":false},"featured_media":20146,"comment_status":"open","ping_status":"closed","template":"","meta":[],"product_brand":[],"product_cat":[626],"product_tag":[],"class_list":{"0":"post-50208","1":"product","2":"type-product","3":"status-publish","4":"has-post-thumbnail","6":"product_cat-kurs","8":"first","9":"instock","10":"sale","11":"virtual","12":"sold-individually","13":"taxable","14":"purchasable","15":"product-type-course"},"_links":{"self":[{"href":"https:\/\/utbcenter.sj-school.se\/en\/wp-json\/wp\/v2\/product\/50208","targetHints":{"allow":["GET"]}}],"collection":[{"href":"https:\/\/utbcenter.sj-school.se\/en\/wp-json\/wp\/v2\/product"}],"about":[{"href":"https:\/\/utbcenter.sj-school.se\/en\/wp-json\/wp\/v2\/types\/product"}],"replies":[{"embeddable":true,"href":"https:\/\/utbcenter.sj-school.se\/en\/wp-json\/wp\/v2\/comments?post=50208"}],"wp:featuredmedia":[{"embeddable":true,"href":"https:\/\/utbcenter.sj-school.se\/en\/wp-json\/wp\/v2\/media\/20146"}],"wp:attachment":[{"href":"https:\/\/utbcenter.sj-school.se\/en\/wp-json\/wp\/v2\/media?parent=50208"}],"wp:term":[{"taxonomy":"product_brand","embeddable":true,"href":"https:\/\/utbcenter.sj-school.se\/en\/wp-json\/wp\/v2\/product_brand?post=50208"},{"taxonomy":"product_cat","embeddable":true,"href":"https:\/\/utbcenter.sj-school.se\/en\/wp-json\/wp\/v2\/product_cat?post=50208"},{"taxonomy":"product_tag","embeddable":true,"href":"https:\/\/utbcenter.sj-school.se\/en\/wp-json\/wp\/v2\/product_tag?post=50208"}],"curies":[{"name":"wp","href":"https:\/\/api.w.org\/{rel}","templated":true}]}}