{"id":50223,"date":"2026-02-20T11:41:54","date_gmt":"2026-02-20T10:41:54","guid":{"rendered":"https:\/\/utbcenter.sj-school.se\/?post_type=product&#038;p=50223"},"modified":"2026-02-20T11:43:18","modified_gmt":"2026-02-20T10:43:18","slug":"hogre-medvetande-3-4-den-270424-pa-plats-kursbetalning","status":"publish","type":"product","link":"https:\/\/utbcenter.sj-school.se\/en\/product\/hogre-medvetande-3-4-den-270424-pa-plats-kursbetalning\/","title":{"rendered":"H\u00f6gre Medvetande 3-4 den 24-25\/4- 2027 p\u00e5 plats: Kursbetalning"},"content":{"rendered":"<h4 class=\"wp-block-heading has-colibri-color-6-color has-text-color\">M\u00e5ls\u00e4ttning f\u00f6r kursen H\u00f6gre medvetande del 3 och 4<\/h4>\n<p class=\"wp-block-heading has-colibri-color-6-color has-text-color\">Du f\u00e5r en ny niv\u00e5 i dina ljuskroppar aktiverade och du f\u00e5r l\u00e4ra dig mer dem och f\u00f6rdjupa kontakten med din inre kunskap. Du l\u00e4r dig mer om vad du kan utforska i ditt hj\u00e4rtas f\u00f6rsta rum, tr\u00e4nar p\u00e5 olika processer, f\u00f6r att l\u00e4ka, f\u00f6rl\u00e5ta och sl\u00e4ppa det som belastar dig idag. Du n\u00e5r en helt ny niv\u00e5 av medvetande.<\/p>\n<p><span style=\"color: #000000;\"><strong>Jag hoppas att vi f\u00e5r en h\u00e4rlig kurs tillsammans! <\/strong><\/span><\/p>\n<p><span style=\"color: #000000;\"><strong>Varmt v\u00e4lkommen!<br \/>\n<\/strong><strong>\/\/ Susanne<\/strong><\/span><\/p>\n<p>&nbsp;<\/p>","protected":false},"excerpt":{"rendered":"<p><strong>Kursbetalning: H\u00f6gre Medvetande 3-4<\/strong><strong>, p\u00e5 plats i K\u00e5restad<\/strong><\/p>\n<p><strong>Om kursen<br \/>\n<\/strong>M\u00e5ls\u00e4ttning f\u00f6r kursen H\u00f6gre medvetande del 3 och 4 Du f\u00e5r en ny niv\u00e5 i dina ljuskroppar aktiverade och du f\u00e5r l\u00e4ra dig mer dem och f\u00f6rdjupa kontakten med din inre kunskap. Du l\u00e4r dig mer om vad du kan utforska i ditt hj\u00e4rtas f\u00f6rsta rum, tr\u00e4nar p\u00e5 olika processer, f\u00f6r att l\u00e4ka, f\u00f6rl\u00e5ta och sl\u00e4ppa det som belastar dig idag. Du n\u00e5r en helt ny niv\u00e5 av medvetande<\/p>\n<p>Kursen \u00e4r mellan\u00a010 &#8211; 17.<\/p>\n<div class=\"wp-block-column is-layout-flow wp-block-column-is-layout-flow\">\n<p><strong>Betalning:<\/strong><br \/>\nKursavgiften \u00e4r 3.900 kr inkl moms. Kvitto p\u00e5 din betalning kommer p\u00e5 din mail, direkt efter att din betalning genomf\u00f6rts.<\/p>\n<\/div>\n<p><strong>Jag hoppas att vi f\u00e5r en h\u00e4rlig kurs tillsammans!<\/strong><br \/>\n\/\/ Susanne J\u00f6nsson<\/p>","protected":false},"featured_media":104,"comment_status":"closed","ping_status":"closed","template":"","meta":[],"product_brand":[],"product_cat":[626],"product_tag":[],"class_list":{"0":"post-50223","1":"product","2":"type-product","3":"status-publish","4":"has-post-thumbnail","6":"product_cat-kurs","8":"first","9":"instock","10":"virtual","11":"sold-individually","12":"taxable","13":"purchasable","14":"product-type-course"},"_links":{"self":[{"href":"https:\/\/utbcenter.sj-school.se\/en\/wp-json\/wp\/v2\/product\/50223","targetHints":{"allow":["GET"]}}],"collection":[{"href":"https:\/\/utbcenter.sj-school.se\/en\/wp-json\/wp\/v2\/product"}],"about":[{"href":"https:\/\/utbcenter.sj-school.se\/en\/wp-json\/wp\/v2\/types\/product"}],"replies":[{"embeddable":true,"href":"https:\/\/utbcenter.sj-school.se\/en\/wp-json\/wp\/v2\/comments?post=50223"}],"wp:featuredmedia":[{"embeddable":true,"href":"https:\/\/utbcenter.sj-school.se\/en\/wp-json\/wp\/v2\/media\/104"}],"wp:attachment":[{"href":"https:\/\/utbcenter.sj-school.se\/en\/wp-json\/wp\/v2\/media?parent=50223"}],"wp:term":[{"taxonomy":"product_brand","embeddable":true,"href":"https:\/\/utbcenter.sj-school.se\/en\/wp-json\/wp\/v2\/product_brand?post=50223"},{"taxonomy":"product_cat","embeddable":true,"href":"https:\/\/utbcenter.sj-school.se\/en\/wp-json\/wp\/v2\/product_cat?post=50223"},{"taxonomy":"product_tag","embeddable":true,"href":"https:\/\/utbcenter.sj-school.se\/en\/wp-json\/wp\/v2\/product_tag?post=50223"}],"curies":[{"name":"wp","href":"https:\/\/api.w.org\/{rel}","templated":true}]}}