{"id":50229,"date":"2026-02-20T13:46:00","date_gmt":"2026-02-20T12:46:00","guid":{"rendered":"https:\/\/utbcenter.sj-school.se\/?post_type=product&#038;p=50229"},"modified":"2026-02-20T13:47:26","modified_gmt":"2026-02-20T12:47:26","slug":"hogre-medvetande-15-270522-pa-plats-kursbetalning","status":"publish","type":"product","link":"https:\/\/utbcenter.sj-school.se\/en\/product\/hogre-medvetande-15-270522-pa-plats-kursbetalning\/","title":{"rendered":"H\u00f6gre Medvetande 15 den 22-23\/5- 2027 p\u00e5 plats: Kursbetalning"},"content":{"rendered":"<h3 class=\"wp-block-heading has-colibri-color-6-color has-text-color\">M\u00e5ls\u00e4ttning f\u00f6r kursen H\u00f6gre medvetande 15<\/h3>\n<p class=\"has-colibri-color-6-color has-text-color\">P\u00e5 Jorden har vi tillg\u00e5ng till 144 medvetandeniv\u00e5er som var och en representerar en unik niv\u00e5 av kunskap och utveckling. Att kunna ta dessa steg tillsammans g\u00f6r att vi alla p\u00e5verkar och h\u00f6jer b\u00e5de v\u00e5rt personliga medvetande men och ocks\u00e5 det globala medvetandet<\/p>\n<p><span style=\"color: #000000;\"><strong>Jag hoppas att vi f\u00e5r en h\u00e4rlig kurs tillsammans! <\/strong><\/span><\/p>\n<p><span style=\"color: #000000;\"><strong>Varmt v\u00e4lkommen!<br \/>\n<\/strong><strong>\/\/ Susanne<\/strong><\/span><\/p>\n<p>&nbsp;<\/p>","protected":false},"excerpt":{"rendered":"<p><strong>Kursbetalning: H\u00f6gre Medvetande 15<\/strong><strong>, p\u00e5 plats i K\u00e5restad<\/strong><\/p>\n<p><strong>Om kursen<br \/>\n<\/strong>I v\u00e5r serie om att n\u00e5 ett h\u00f6gre medvetande n\u00e5r du h\u00f6gre niv\u00e5er av kunskap som kommer inifr\u00e5n dig sj\u00e4lv, n\u00e4rmare best\u00e4mt fr\u00e5n ditt hj\u00e4rta. Redan nu st\u00e5r det klart att utvecklingen forts\u00e4tter att g\u00e5 fram\u00e5t. P\u00e5 Jorden har vi tillg\u00e5ng till 144 medvetandeniv\u00e5er som var och en representerar en unik niv\u00e5 av kunskap och utveckling.<\/p>\n<p>Kursen \u00e4r mellan\u00a010 &#8211; 17.<\/p>\n<div class=\"wp-block-column is-layout-flow wp-block-column-is-layout-flow\">\n<p><strong>Betalning:<\/strong><br \/>\nKursavgiften \u00e4r 3150kr inkl moms. Kvitto p\u00e5 din betalning kommer p\u00e5 din mail, direkt efter att din betalning genomf\u00f6rts.<\/p>\n<\/div>\n<p><strong>Jag hoppas att vi f\u00e5r en h\u00e4rlig kurs tillsammans!<\/strong><br \/>\n\/\/ Susanne J\u00f6nsson<\/p>","protected":false},"featured_media":104,"comment_status":"closed","ping_status":"closed","template":"","meta":[],"product_brand":[],"product_cat":[626],"product_tag":[],"class_list":{"0":"post-50229","1":"product","2":"type-product","3":"status-publish","4":"has-post-thumbnail","6":"product_cat-kurs","8":"first","9":"instock","10":"virtual","11":"sold-individually","12":"taxable","13":"purchasable","14":"product-type-course"},"_links":{"self":[{"href":"https:\/\/utbcenter.sj-school.se\/en\/wp-json\/wp\/v2\/product\/50229","targetHints":{"allow":["GET"]}}],"collection":[{"href":"https:\/\/utbcenter.sj-school.se\/en\/wp-json\/wp\/v2\/product"}],"about":[{"href":"https:\/\/utbcenter.sj-school.se\/en\/wp-json\/wp\/v2\/types\/product"}],"replies":[{"embeddable":true,"href":"https:\/\/utbcenter.sj-school.se\/en\/wp-json\/wp\/v2\/comments?post=50229"}],"wp:featuredmedia":[{"embeddable":true,"href":"https:\/\/utbcenter.sj-school.se\/en\/wp-json\/wp\/v2\/media\/104"}],"wp:attachment":[{"href":"https:\/\/utbcenter.sj-school.se\/en\/wp-json\/wp\/v2\/media?parent=50229"}],"wp:term":[{"taxonomy":"product_brand","embeddable":true,"href":"https:\/\/utbcenter.sj-school.se\/en\/wp-json\/wp\/v2\/product_brand?post=50229"},{"taxonomy":"product_cat","embeddable":true,"href":"https:\/\/utbcenter.sj-school.se\/en\/wp-json\/wp\/v2\/product_cat?post=50229"},{"taxonomy":"product_tag","embeddable":true,"href":"https:\/\/utbcenter.sj-school.se\/en\/wp-json\/wp\/v2\/product_tag?post=50229"}],"curies":[{"name":"wp","href":"https:\/\/api.w.org\/{rel}","templated":true}]}}