{"id":50279,"date":"2026-02-24T09:11:39","date_gmt":"2026-02-24T08:11:39","guid":{"rendered":"https:\/\/utbcenter.sj-school.se\/?post_type=product&#038;p=50279"},"modified":"2026-02-24T09:13:18","modified_gmt":"2026-02-24T08:13:18","slug":"hogre-medvetande-9-10-271113-pa-plats-kursbetalning","status":"publish","type":"product","link":"https:\/\/utbcenter.sj-school.se\/en\/product\/hogre-medvetande-9-10-271113-pa-plats-kursbetalning\/","title":{"rendered":"H\u00f6gre Medvetande 9-10 den 13-14\/11- 2027 p\u00e5 plats: Kursbetalning"},"content":{"rendered":"<h3 class=\"wp-block-heading has-colibri-color-6-color has-text-color\">M\u00e5ls\u00e4ttning f\u00f6r kursen H\u00f6gre medvetande 9 och 10<\/h3>\n<p class=\"has-colibri-color-6-color has-text-color\">Nu \u00e4r det tid f\u00f6r n\u00e4sta steg av kunskap i den tionde medvetandeniv\u00e5n. Detta \u00e4r en medvetande niv\u00e5 som st\u00e4ller hela medvetandearbetet p\u00e5 ett helt nytt v\u00e5ningsplan. H\u00e4r g\u00e5r vi in i djupare kunskap p\u00e5 ett tydligt och medvetet plan.<\/p>\n<p><span style=\"color: #000000;\"><strong>Jag hoppas att vi f\u00e5r en h\u00e4rlig kurs tillsammans! <\/strong><\/span><\/p>\n<p><span style=\"color: #000000;\"><strong>Varmt v\u00e4lkommen!<br \/>\n<\/strong><strong>\/\/ Susanne<\/strong><\/span><\/p>\n<p>&nbsp;<\/p>","protected":false},"excerpt":{"rendered":"<p><strong>Kursbetalning: H\u00f6gre Medvetande 9-10,<\/strong><strong>\u00a0p\u00e5 plats i K\u00e5restad<\/strong><\/p>\n<p><strong>Om kursen<br \/>\n<\/strong>Nu \u00e4r det tid f\u00f6r n\u00e4sta steg av kunskap i den tionde medvetandeniv\u00e5n. Detta \u00e4r en medvetande niv\u00e5 som st\u00e4ller hela medvetandearbetet p\u00e5 ett helt nytt v\u00e5ningsplan. H\u00e4r g\u00e5r vi in i djupare kunskap p\u00e5 ett tydligt och medvetet plan.<\/p>\n<p>Kursen \u00e4r mellan\u00a010 &#8211; 17.<\/p>\n<div class=\"wp-block-column is-layout-flow wp-block-column-is-layout-flow\">\n<p><strong>Betalning:<\/strong><br \/>\nKursavgiften \u00e4r 3900 kr inkl moms. Kvitto p\u00e5 din betalning kommer p\u00e5 din mail, direkt efter att din betalning genomf\u00f6rts.<\/p>\n<\/div>\n<p><strong>Jag hoppas att vi f\u00e5r en h\u00e4rlig kurs tillsammans!<\/strong><br \/>\n\/\/ Susanne J\u00f6nsson<\/p>","protected":false},"featured_media":104,"comment_status":"closed","ping_status":"closed","template":"","meta":[],"product_brand":[],"product_cat":[626],"product_tag":[],"class_list":{"0":"post-50279","1":"product","2":"type-product","3":"status-publish","4":"has-post-thumbnail","6":"product_cat-kurs","8":"first","9":"instock","10":"virtual","11":"sold-individually","12":"taxable","13":"purchasable","14":"product-type-course"},"_links":{"self":[{"href":"https:\/\/utbcenter.sj-school.se\/en\/wp-json\/wp\/v2\/product\/50279","targetHints":{"allow":["GET"]}}],"collection":[{"href":"https:\/\/utbcenter.sj-school.se\/en\/wp-json\/wp\/v2\/product"}],"about":[{"href":"https:\/\/utbcenter.sj-school.se\/en\/wp-json\/wp\/v2\/types\/product"}],"replies":[{"embeddable":true,"href":"https:\/\/utbcenter.sj-school.se\/en\/wp-json\/wp\/v2\/comments?post=50279"}],"wp:featuredmedia":[{"embeddable":true,"href":"https:\/\/utbcenter.sj-school.se\/en\/wp-json\/wp\/v2\/media\/104"}],"wp:attachment":[{"href":"https:\/\/utbcenter.sj-school.se\/en\/wp-json\/wp\/v2\/media?parent=50279"}],"wp:term":[{"taxonomy":"product_brand","embeddable":true,"href":"https:\/\/utbcenter.sj-school.se\/en\/wp-json\/wp\/v2\/product_brand?post=50279"},{"taxonomy":"product_cat","embeddable":true,"href":"https:\/\/utbcenter.sj-school.se\/en\/wp-json\/wp\/v2\/product_cat?post=50279"},{"taxonomy":"product_tag","embeddable":true,"href":"https:\/\/utbcenter.sj-school.se\/en\/wp-json\/wp\/v2\/product_tag?post=50279"}],"curies":[{"name":"wp","href":"https:\/\/api.w.org\/{rel}","templated":true}]}}