{"id":50411,"date":"2026-03-08T16:16:20","date_gmt":"2026-03-08T15:16:20","guid":{"rendered":"https:\/\/utbcenter.sj-school.se\/?post_type=product&#038;p=50411"},"modified":"2026-03-08T16:20:45","modified_gmt":"2026-03-08T15:20:45","slug":"2026-2027-online-1-ar-av-andlig-kunskap-gemenskap-och-personligt-vaxande-engangsbetalning","status":"publish","type":"product","link":"https:\/\/utbcenter.sj-school.se\/en\/product\/2026-2027-online-1-ar-av-andlig-kunskap-gemenskap-och-personligt-vaxande-engangsbetalning\/","title":{"rendered":"2026-2027 Online &#8211; 1 \u00e5r av andlig kunskap, gemenskap och personligt v\u00e4xande. Eng\u00e5ngsbetalning"},"content":{"rendered":"<h4 class=\"wp-block-heading\">En unik onlineutbildning med Susanne J\u00f6nsson<\/h4>\n<p>V\u00e4lkommen till ett \u00e5r av personlig och andlig utveckling \u2013 p\u00e5 ett enkelt, tryggt och tydligt s\u00e4tt.<br \/>\nUnder 12 m\u00e5nader f\u00e5r du v\u00e4gledning, gemenskap och praktiska verktyg f\u00f6r att \u00f6ka din sj\u00e4lvk\u00e4nnedom, skapa inre balans och expandera din andliga kunskap.<\/p>\n<p>Vi tr\u00e4ffas online en g\u00e5ng i m\u00e5naden via Zoom (2\u20133 timmar). Varje tr\u00e4ff inneh\u00e5ller ett specifikt tema, meditation, v\u00e4gledning och uppgifter att arbeta med under m\u00e5naden. Alla tr\u00e4ffar spelas in \u2013 s\u00e5 du kan se dem i efterhand eller repetera n\u00e4r du vill.<\/p>\n<hr class=\"wp-block-separator has-alpha-channel-opacity\" \/>\n<h3 class=\"wp-block-heading\">Du f\u00e5r:<\/h3>\n<p>\u2714\ufe0f 12 lives\u00e4nda Zoomtr\u00e4ffar (med inspelningar)<br \/>\n\u2714\ufe0f Teman som din livsuppgift och livsv\u00e4g, Lemurien &amp; Atlantis, inre alkemi, meditation, relationer, h\u00f6gre medvetande och mycket mer.<br \/>\n\u2714\ufe0f Praktiska \u00f6vningar och hemuppgifter<br \/>\n\u2714\ufe0f Meditationer och reflektionsst\u00f6d<br \/>\n\u2714\ufe0f Ett \u00e5r av gemenskap, inspiration och inre utveckling<\/p>","protected":false},"excerpt":{"rendered":"<p>V\u00e4lkommen till ett \u00e5r av personlig och andlig utveckling \u2013 p\u00e5 ett enkelt, tryggt och tydligt s\u00e4tt.<br \/>\nUnder 12 m\u00e5nader f\u00e5r du v\u00e4gledning, gemenskap och praktiska verktyg f\u00f6r att \u00f6ka din sj\u00e4lvk\u00e4nnedom, skapa inre balans och expandera din andliga kunskap.<\/p>\n<p>Vi tr\u00e4ffas online en g\u00e5ng i m\u00e5naden via Zoom (2\u20133 timmar). Varje tr\u00e4ff inneh\u00e5ller ett specifikt tema, meditation, v\u00e4gledning och uppgifter att arbeta med under m\u00e5naden. Alla tr\u00e4ffar spelas in \u2013 s\u00e5 du kan se dem i efterhand eller repetera n\u00e4r du vill.<\/p>\n<p>Du har permanent tillg\u00e5ngen till utbildningen efter\u00e5t och kan repetera s\u00e5 ofta du vill.<\/p>","protected":false},"featured_media":47723,"comment_status":"closed","ping_status":"closed","template":"","meta":[],"product_brand":[],"product_cat":[93,135],"product_tag":[],"class_list":{"0":"post-50411","1":"product","2":"type-product","3":"status-publish","4":"has-post-thumbnail","6":"product_cat-onlinekurs","7":"product_cat-zoom","9":"first","10":"instock","11":"virtual","12":"sold-individually","13":"taxable","14":"purchasable","15":"product-type-course"},"_links":{"self":[{"href":"https:\/\/utbcenter.sj-school.se\/en\/wp-json\/wp\/v2\/product\/50411","targetHints":{"allow":["GET"]}}],"collection":[{"href":"https:\/\/utbcenter.sj-school.se\/en\/wp-json\/wp\/v2\/product"}],"about":[{"href":"https:\/\/utbcenter.sj-school.se\/en\/wp-json\/wp\/v2\/types\/product"}],"replies":[{"embeddable":true,"href":"https:\/\/utbcenter.sj-school.se\/en\/wp-json\/wp\/v2\/comments?post=50411"}],"wp:featuredmedia":[{"embeddable":true,"href":"https:\/\/utbcenter.sj-school.se\/en\/wp-json\/wp\/v2\/media\/47723"}],"wp:attachment":[{"href":"https:\/\/utbcenter.sj-school.se\/en\/wp-json\/wp\/v2\/media?parent=50411"}],"wp:term":[{"taxonomy":"product_brand","embeddable":true,"href":"https:\/\/utbcenter.sj-school.se\/en\/wp-json\/wp\/v2\/product_brand?post=50411"},{"taxonomy":"product_cat","embeddable":true,"href":"https:\/\/utbcenter.sj-school.se\/en\/wp-json\/wp\/v2\/product_cat?post=50411"},{"taxonomy":"product_tag","embeddable":true,"href":"https:\/\/utbcenter.sj-school.se\/en\/wp-json\/wp\/v2\/product_tag?post=50411"}],"curies":[{"name":"wp","href":"https:\/\/api.w.org\/{rel}","templated":true}]}}